{"id":728390,"date":"2025-08-27T20:38:24","date_gmt":"2025-08-27T17:38:24","guid":{"rendered":"https:\/\/roveyayinevi.com.tr\/index.php\/urun\/sayilari-ogreniyorum-arkadasim-caglar\/"},"modified":"2026-04-16T02:36:00","modified_gmt":"2026-04-15T23:36:00","slug":"sayilari-ogreniyorum-arkadasim-caglar","status":"publish","type":"product","link":"https:\/\/roveyayinevi.com.tr\/index.php\/urun\/sayilari-ogreniyorum-arkadasim-caglar\/","title":{"rendered":"Say\u0131lar\u0131 \u00d6\u011freniyorum &#8211; Arkada\u015f\u0131m \u00c7a\u011flar"},"content":{"rendered":"<p>Say\u0131lar\u0131 \u00d6\u011freniyorum &#8211; Arkada\u015f\u0131m \u00c7a\u011flarMein Freund Max-Zahlen SchreibenBrigitte Paul<\/p>\n","protected":false},"excerpt":{"rendered":"<p>Say\u0131lar\u0131 \u00d6\u011freniyorum &#8211; Arkada\u015f\u0131m \u00c7a\u011flarMein Freund Max-Zahlen SchreibenBrigitte Paul<\/p>\n","protected":false},"featured_media":0,"template":"","meta":{"_monsterinsights_skip_tracking":false,"_monsterinsights_sitenote_active":false,"_monsterinsights_sitenote_note":"","_monsterinsights_sitenote_category":0},"product_brand":[],"product_cat":[12274,12518],"product_tag":[],"class_list":{"0":"post-728390","1":"product","2":"type-product","3":"status-publish","5":"product_cat-cocuk-ve-genclik-kitaplari","6":"product_cat-okul-oncesi-kitaplar","7":"pa_cilt-ciltsiz","8":"pa_tur-kitap","9":"pa_yayinevi-is-bankasi-kultur-yayinlari","10":"pa_yazar-brigitte-paul","12":"first","13":"instock","14":"sale","15":"shipping-taxable","16":"purchasable","17":"product-type-simple"},"_links":{"self":[{"href":"https:\/\/roveyayinevi.com.tr\/index.php\/wp-json\/wp\/v2\/product\/728390","targetHints":{"allow":["GET"]}}],"collection":[{"href":"https:\/\/roveyayinevi.com.tr\/index.php\/wp-json\/wp\/v2\/product"}],"about":[{"href":"https:\/\/roveyayinevi.com.tr\/index.php\/wp-json\/wp\/v2\/types\/product"}],"wp:attachment":[{"href":"https:\/\/roveyayinevi.com.tr\/index.php\/wp-json\/wp\/v2\/media?parent=728390"}],"wp:term":[{"taxonomy":"product_brand","embeddable":true,"href":"https:\/\/roveyayinevi.com.tr\/index.php\/wp-json\/wp\/v2\/product_brand?post=728390"},{"taxonomy":"product_cat","embeddable":true,"href":"https:\/\/roveyayinevi.com.tr\/index.php\/wp-json\/wp\/v2\/product_cat?post=728390"},{"taxonomy":"product_tag","embeddable":true,"href":"https:\/\/roveyayinevi.com.tr\/index.php\/wp-json\/wp\/v2\/product_tag?post=728390"}],"curies":[{"name":"wp","href":"https:\/\/api.w.org\/{rel}","templated":true}]}}