{"id":728389,"date":"2025-08-27T20:38:23","date_gmt":"2025-08-27T17:38:23","guid":{"rendered":"https:\/\/roveyayinevi.com.tr\/index.php\/urun\/toplama-cikarma-ogreniyorum-arkadasim-caglar\/"},"modified":"2026-04-16T02:36:00","modified_gmt":"2026-04-15T23:36:00","slug":"toplama-cikarma-ogreniyorum-arkadasim-caglar","status":"publish","type":"product","link":"https:\/\/roveyayinevi.com.tr\/index.php\/urun\/toplama-cikarma-ogreniyorum-arkadasim-caglar\/","title":{"rendered":"Toplama \u00c7\u0131karma \u00d6\u011freniyorum &#8211; Arkada\u015f\u0131m \u00c7a\u011flar"},"content":{"rendered":"<p>\u00c7a\u011flar ve en yak\u0131n arkada\u015f\u0131 Pelin\u2019le birlikte toplama \u00e7\u0131karmay\u0131 \u00f6\u011frenmek ister misin? 2 misketim var, 2 misketim daha oldu. \u015eimdi toplam ka\u00e7 misketim var? 5 korsan \u015fapkas\u0131ndan 3 korsan \u015fapkas\u0131 \u00e7\u0131kar\u0131rsam geriye ka\u00e7 korsan \u015fapkam kal\u0131r?<\/p>\n","protected":false},"excerpt":{"rendered":"<p>\u00c7a\u011flar ve en yak\u0131n arkada\u015f\u0131 Pelin\u2019le birlikte toplama \u00e7\u0131karmay\u0131 \u00f6\u011frenmek ister misin? 2 misketim var, 2 misketim daha oldu. \u015eimdi toplam ka\u00e7 misketim var? 5 korsan<span class=\"excerpt-hellip\"> [\u2026]<\/span><\/p>\n","protected":false},"featured_media":0,"template":"","meta":{"_monsterinsights_skip_tracking":false,"_monsterinsights_sitenote_active":false,"_monsterinsights_sitenote_note":"","_monsterinsights_sitenote_category":0},"product_brand":[],"product_cat":[12274,12518],"product_tag":[],"class_list":{"0":"post-728389","1":"product","2":"type-product","3":"status-publish","5":"product_cat-cocuk-ve-genclik-kitaplari","6":"product_cat-okul-oncesi-kitaplar","7":"pa_cilt-ciltsiz","8":"pa_tur-kitap","9":"pa_yayinevi-is-bankasi-kultur-yayinlari","10":"pa_yazar-brigitte-paul","12":"first","13":"instock","14":"sale","15":"shipping-taxable","16":"purchasable","17":"product-type-simple"},"_links":{"self":[{"href":"https:\/\/roveyayinevi.com.tr\/index.php\/wp-json\/wp\/v2\/product\/728389","targetHints":{"allow":["GET"]}}],"collection":[{"href":"https:\/\/roveyayinevi.com.tr\/index.php\/wp-json\/wp\/v2\/product"}],"about":[{"href":"https:\/\/roveyayinevi.com.tr\/index.php\/wp-json\/wp\/v2\/types\/product"}],"wp:attachment":[{"href":"https:\/\/roveyayinevi.com.tr\/index.php\/wp-json\/wp\/v2\/media?parent=728389"}],"wp:term":[{"taxonomy":"product_brand","embeddable":true,"href":"https:\/\/roveyayinevi.com.tr\/index.php\/wp-json\/wp\/v2\/product_brand?post=728389"},{"taxonomy":"product_cat","embeddable":true,"href":"https:\/\/roveyayinevi.com.tr\/index.php\/wp-json\/wp\/v2\/product_cat?post=728389"},{"taxonomy":"product_tag","embeddable":true,"href":"https:\/\/roveyayinevi.com.tr\/index.php\/wp-json\/wp\/v2\/product_tag?post=728389"}],"curies":[{"name":"wp","href":"https:\/\/api.w.org\/{rel}","templated":true}]}}