{"id":728382,"date":"2025-08-27T20:38:16","date_gmt":"2025-08-27T17:38:16","guid":{"rendered":"https:\/\/roveyayinevi.com.tr\/index.php\/urun\/turkiyenin-butun-agaclari-ve-calilari-ciltli\/"},"modified":"2026-03-03T02:54:10","modified_gmt":"2026-03-02T23:54:10","slug":"turkiyenin-butun-agaclari-ve-calilari-ciltli","status":"publish","type":"product","link":"https:\/\/roveyayinevi.com.tr\/index.php\/urun\/turkiyenin-butun-agaclari-ve-calilari-ciltli\/","title":{"rendered":"T\u00fcrkiye\u2019nin B\u00fct\u00fcn A\u011fa\u00e7lar\u0131 ve \u00c7al\u0131lar\u0131 (Ciltli)"},"content":{"rendered":"<p>A\u011fa\u00e7 ve \u00e7al\u0131 t\u00fcrlerinden olu\u015fan odunsu bitkiler sadece ormanlar\u0131n de\u011fil, ya\u015fad\u0131\u011f\u0131m\u0131z kentlerdeki ye\u015fil alanlar\u0131n da hemen hemen tamam\u0131n\u0131 olu\u015fturur. Dendroloji\u2019nin (A\u011fa\u00e7bilim) \u00e7al\u0131\u015fma konusu olan ve hepimizin s\u0131kl\u0131kla kar\u015f\u0131la\u015ft\u0131\u011f\u0131 farkl\u0131 boylar, renkler ve \u015fekillerdeki bu odunsu bitkiler her do\u011fasever i\u00e7in merak uyand\u0131r\u0131c\u0131d\u0131r.Kom\u015fumuz kadar yak\u0131n olan odunsu bitkilerin adlar\u0131na, t\u00fcrlerine ve nerelerde bulunduklar\u0131na ili\u015fkin bilgileri bulaca\u011f\u0131n\u0131z; onlar\u0131 tan\u0131man\u0131z\u0131 kolayla\u015ft\u0131ran anahtarlar\u0131n oldu\u011fu; renkli foto\u011fraflarla g\u00f6rselle\u015ftirilmi\u015f 813 t\u00fcr ile \u015fimdiye kadar bu alanda yap\u0131lm\u0131\u015f en kapsaml\u0131 \u00e7al\u0131\u015fma niteli\u011finde olan bu kitap, TEMA Vakf\u0131 Kurucu Onursal Ba\u015fkan\u0131 Say\u0131n Hayrettin Karaca\u2019n\u0131n \u201cBilgi payla\u015ft\u0131k\u00e7a \u00e7o\u011fal\u0131r\u201d felsefesinden hareketle merakl\u0131 do\u011faseverlerin hizmetine sunuluyor.<\/p>\n","protected":false},"excerpt":{"rendered":"<p>A\u011fa\u00e7 ve \u00e7al\u0131 t\u00fcrlerinden olu\u015fan odunsu bitkiler sadece ormanlar\u0131n de\u011fil, ya\u015fad\u0131\u011f\u0131m\u0131z kentlerdeki ye\u015fil alanlar\u0131n da hemen hemen tamam\u0131n\u0131 olu\u015fturur. Dendroloji\u2019nin (A\u011fa\u00e7bilim) \u00e7al\u0131\u015fma konusu olan ve hepimizin<span class=\"excerpt-hellip\"> [\u2026]<\/span><\/p>\n","protected":false},"featured_media":0,"template":"","meta":{"_monsterinsights_skip_tracking":false,"_monsterinsights_sitenote_active":false,"_monsterinsights_sitenote_note":"","_monsterinsights_sitenote_category":0},"product_brand":[],"product_cat":[13005,13010],"product_tag":[],"class_list":{"0":"post-728382","1":"product","2":"type-product","3":"status-publish","5":"product_cat-bilim-muhendislik","6":"product_cat-doga-bilimleri","7":"pa_cilt-ciltli","8":"pa_tur-kitap","9":"pa_yayinevi-is-bankasi-kultur-yayinlari","10":"pa_yazar-unal-akkemik","12":"first","13":"instock","14":"sale","15":"shipping-taxable","16":"purchasable","17":"product-type-simple"},"_links":{"self":[{"href":"https:\/\/roveyayinevi.com.tr\/index.php\/wp-json\/wp\/v2\/product\/728382","targetHints":{"allow":["GET"]}}],"collection":[{"href":"https:\/\/roveyayinevi.com.tr\/index.php\/wp-json\/wp\/v2\/product"}],"about":[{"href":"https:\/\/roveyayinevi.com.tr\/index.php\/wp-json\/wp\/v2\/types\/product"}],"wp:attachment":[{"href":"https:\/\/roveyayinevi.com.tr\/index.php\/wp-json\/wp\/v2\/media?parent=728382"}],"wp:term":[{"taxonomy":"product_brand","embeddable":true,"href":"https:\/\/roveyayinevi.com.tr\/index.php\/wp-json\/wp\/v2\/product_brand?post=728382"},{"taxonomy":"product_cat","embeddable":true,"href":"https:\/\/roveyayinevi.com.tr\/index.php\/wp-json\/wp\/v2\/product_cat?post=728382"},{"taxonomy":"product_tag","embeddable":true,"href":"https:\/\/roveyayinevi.com.tr\/index.php\/wp-json\/wp\/v2\/product_tag?post=728382"}],"curies":[{"name":"wp","href":"https:\/\/api.w.org\/{rel}","templated":true}]}}