{"id":728379,"date":"2025-08-27T20:38:13","date_gmt":"2025-08-27T17:38:13","guid":{"rendered":"https:\/\/roveyayinevi.com.tr\/index.php\/urun\/zhuangzi-metinleri\/"},"modified":"2026-04-16T02:35:59","modified_gmt":"2026-04-15T23:35:59","slug":"zhuangzi-metinleri","status":"publish","type":"product","link":"https:\/\/roveyayinevi.com.tr\/index.php\/urun\/zhuangzi-metinleri\/","title":{"rendered":"Zhuangzi Metinleri"},"content":{"rendered":"<p>Ben, Zhuangzi, bir seferinde r\u00fcyamda bir kelebek oldu\u011fumu g\u00f6rd\u00fcm, mutlu mutlu kanat \u00e7\u0131rpan bir kelebek. \u00d6yle mutluydum ki Zhuangzi oldu\u011fumu unutmu\u015ftum. Aniden uyan\u0131nca asl\u0131nda Zhuangzi oldu\u011fumu anlay\u0131p hayrete d\u00fc\u015ft\u00fcm. Zhuangzi m\u0131 r\u00fcyas\u0131nda kelebek oldu\u011funu g\u00f6rd\u00fc, yoksa kelebek mi r\u00fcyas\u0131nda Zhuangzi oldu\u011funu g\u00f6rd\u00fc?Zhuangzi (M\u00d6 369-M\u00d6 286): Daoizmin en \u00f6nemli filozoflar\u0131ndan Zhuangzi\u2019n\u0131n hayat\u0131 ile ilgili \u00e7ok az bilgi bulunmaktad\u0131r. Si Maqian\u2019in Tarih\u00e7inin Kay\u0131tlar\u0131 adl\u0131 eserine g\u00f6re, k\u0131sa bir s\u00fcre i\u00e7in bah\u00e7e i\u015flerinde alt d\u00fczeyde bir memur olarak g\u00f6rev yapm\u0131\u015f ve Chu Beyli\u011fi\u2019ni y\u00f6netmesi i\u00e7in gelen teklifi reddetmi\u015ftir. \u00d6mr\u00fc boyunca sade ve yoksul bir hayat s\u00fcrd\u00fc\u011f\u00fc bilinmektedir. Zhuangzi metinlerinin, Daoizmi Dao De Jing\u2019den (Tao Te Ching) \u00e7ok daha kapsaml\u0131 \u015fekilde a\u00e7\u0131klad\u0131\u011f\u0131 d\u00fc\u015f\u00fcn\u00fcl\u00fcr. Zhuangzi\u2019n\u0131n \u00f6\u011fretileri \u00c7in Buddhizmi \u00fczerinde de \u00f6nemli etkiler b\u0131rakm\u0131\u015ft\u0131r. Daoizmin temel eserlerinden Zhuangzi Metinleri ilk defa \u00f6zg\u00fcn dili \u00c7inceden \u00e7evirisiyle okurla bulu\u015fuyor.<\/p>\n","protected":false},"excerpt":{"rendered":"<p>Ben, Zhuangzi, bir seferinde r\u00fcyamda bir kelebek oldu\u011fumu g\u00f6rd\u00fcm, mutlu mutlu kanat \u00e7\u0131rpan bir kelebek. \u00d6yle mutluydum ki Zhuangzi oldu\u011fumu unutmu\u015ftum. Aniden uyan\u0131nca asl\u0131nda Zhuangzi oldu\u011fumu<span class=\"excerpt-hellip\"> [\u2026]<\/span><\/p>\n","protected":false},"featured_media":0,"template":"","meta":{"_monsterinsights_skip_tracking":false,"_monsterinsights_sitenote_active":false,"_monsterinsights_sitenote_note":"","_monsterinsights_sitenote_category":0},"product_brand":[],"product_cat":[12291,13872],"product_tag":[],"class_list":{"0":"post-728379","1":"product","2":"type-product","3":"status-publish","5":"product_cat-edebiyat","6":"product_cat-klasikler","7":"pa_cilt-ciltsiz","8":"pa_tur-kitap","9":"pa_yayinevi-is-bankasi-kultur-yayinlari","10":"pa_yazar-chuang-tzu","12":"first","13":"instock","14":"sale","15":"shipping-taxable","16":"purchasable","17":"product-type-simple"},"_links":{"self":[{"href":"https:\/\/roveyayinevi.com.tr\/index.php\/wp-json\/wp\/v2\/product\/728379","targetHints":{"allow":["GET"]}}],"collection":[{"href":"https:\/\/roveyayinevi.com.tr\/index.php\/wp-json\/wp\/v2\/product"}],"about":[{"href":"https:\/\/roveyayinevi.com.tr\/index.php\/wp-json\/wp\/v2\/types\/product"}],"wp:attachment":[{"href":"https:\/\/roveyayinevi.com.tr\/index.php\/wp-json\/wp\/v2\/media?parent=728379"}],"wp:term":[{"taxonomy":"product_brand","embeddable":true,"href":"https:\/\/roveyayinevi.com.tr\/index.php\/wp-json\/wp\/v2\/product_brand?post=728379"},{"taxonomy":"product_cat","embeddable":true,"href":"https:\/\/roveyayinevi.com.tr\/index.php\/wp-json\/wp\/v2\/product_cat?post=728379"},{"taxonomy":"product_tag","embeddable":true,"href":"https:\/\/roveyayinevi.com.tr\/index.php\/wp-json\/wp\/v2\/product_tag?post=728379"}],"curies":[{"name":"wp","href":"https:\/\/api.w.org\/{rel}","templated":true}]}}