{"id":728377,"date":"2025-08-27T20:38:12","date_gmt":"2025-08-27T17:38:12","guid":{"rendered":"https:\/\/roveyayinevi.com.tr\/index.php\/urun\/pergelin-mukemmel-donusu\/"},"modified":"2026-04-16T02:35:59","modified_gmt":"2026-04-15T23:35:59","slug":"pergelin-mukemmel-donusu","status":"publish","type":"product","link":"https:\/\/roveyayinevi.com.tr\/index.php\/urun\/pergelin-mukemmel-donusu\/","title":{"rendered":"Pergelin M\u00fckemmel D\u00f6n\u00fc\u015f\u00fc"},"content":{"rendered":"<p>Hakan Arslanbenzer, \u015fairli\u011fi, ele\u015ftirmenli\u011fi ve dergicili\u011fiyle hem ku\u015fa\u011f\u0131n\u0131n hem g\u00fcn\u00fcm\u00fcz\u00fcn \u00f6nemli edebiyat\u00e7\u0131lar\u0131ndan biridir. \u015eairin \u00e7eyrek as\u0131rl\u0131k \u015fiir ser\u00fcveninin \u00f6zeti, Muhit Kitap\u2019\u0131n se\u00e7me \u015fiirler serisinden \u00e7\u0131kt\u0131: Pergelin Muhte\u015fem D\u00f6n\u00fc\u015f\u00fc.   Sa\u00e7lar\u0131n\u0131 topuz yap kollar\u0131n\u0131 kavu\u015ftur ge\u00e7 kar\u015f\u0131ma Otur, bilmiyorum ne diyece\u011fimi ama b\u00f6yle iyi Dinle beni, uzun uzun s\u00f6yle\u015felim S\u00f6yleyecek s\u00f6z\u00fc olan insanlar gibi Eski insanlar, en eskileri Birinin suyu temiz Di\u011ferinin iyi ekme\u011fi <\/p>\n","protected":false},"excerpt":{"rendered":"<p>Hakan Arslanbenzer, \u015fairli\u011fi, ele\u015ftirmenli\u011fi ve dergicili\u011fiyle hem ku\u015fa\u011f\u0131n\u0131n hem g\u00fcn\u00fcm\u00fcz\u00fcn \u00f6nemli edebiyat\u00e7\u0131lar\u0131ndan biridir. \u015eairin \u00e7eyrek as\u0131rl\u0131k \u015fiir ser\u00fcveninin \u00f6zeti, Muhit Kitap\u2019\u0131n se\u00e7me \u015fiirler serisinden \u00e7\u0131kt\u0131: Pergelin<span class=\"excerpt-hellip\"> [\u2026]<\/span><\/p>\n","protected":false},"featured_media":0,"template":"","meta":{"_monsterinsights_skip_tracking":false,"_monsterinsights_sitenote_active":false,"_monsterinsights_sitenote_note":"","_monsterinsights_sitenote_category":0},"product_brand":[],"product_cat":[12291,12509],"product_tag":[],"class_list":{"0":"post-728377","1":"product","2":"type-product","3":"status-publish","5":"product_cat-edebiyat","6":"product_cat-siir","7":"pa_cilt-ciltsiz","8":"pa_tur-kitap","9":"pa_yayinevi-muhit-kitap","10":"pa_yazar-hakan-arslanbenzer","12":"first","13":"instock","14":"sale","15":"shipping-taxable","16":"purchasable","17":"product-type-simple"},"_links":{"self":[{"href":"https:\/\/roveyayinevi.com.tr\/index.php\/wp-json\/wp\/v2\/product\/728377","targetHints":{"allow":["GET"]}}],"collection":[{"href":"https:\/\/roveyayinevi.com.tr\/index.php\/wp-json\/wp\/v2\/product"}],"about":[{"href":"https:\/\/roveyayinevi.com.tr\/index.php\/wp-json\/wp\/v2\/types\/product"}],"wp:attachment":[{"href":"https:\/\/roveyayinevi.com.tr\/index.php\/wp-json\/wp\/v2\/media?parent=728377"}],"wp:term":[{"taxonomy":"product_brand","embeddable":true,"href":"https:\/\/roveyayinevi.com.tr\/index.php\/wp-json\/wp\/v2\/product_brand?post=728377"},{"taxonomy":"product_cat","embeddable":true,"href":"https:\/\/roveyayinevi.com.tr\/index.php\/wp-json\/wp\/v2\/product_cat?post=728377"},{"taxonomy":"product_tag","embeddable":true,"href":"https:\/\/roveyayinevi.com.tr\/index.php\/wp-json\/wp\/v2\/product_tag?post=728377"}],"curies":[{"name":"wp","href":"https:\/\/api.w.org\/{rel}","templated":true}]}}