{"id":728375,"date":"2025-08-27T20:38:10","date_gmt":"2025-08-27T17:38:10","guid":{"rendered":"https:\/\/roveyayinevi.com.tr\/index.php\/urun\/herkes-sacini-oksayacak-bir-ele-ihtiyac-duyar\/"},"modified":"2026-04-08T02:45:05","modified_gmt":"2026-04-07T23:45:05","slug":"herkes-sacini-oksayacak-bir-ele-ihtiyac-duyar","status":"publish","type":"product","link":"https:\/\/roveyayinevi.com.tr\/index.php\/urun\/herkes-sacini-oksayacak-bir-ele-ihtiyac-duyar\/","title":{"rendered":"Herkes Sa\u00e7\u0131n\u0131 Ok\u015fayacak Bir Ele \u0130htiya\u00e7 Duyar"},"content":{"rendered":"<p>\u0130\u00e7inden ge\u00e7ti\u011fimiz zorlu g\u00fcnlerde her birimiz sa\u00e7\u0131n\u0131 ok\u015fayacak bir ele, ba\u015f\u0131n\u0131 yaslayaca\u011f\u0131 bir omza ihtiya\u00e7 duyuyoruz. Duygular\u0131m\u0131z\u0131 kendimize dahi ifade etmekte zorland\u0131\u011f\u0131m\u0131z zamanlar hi\u00e7 bu kadar yo\u011fun ya\u015fanmam\u0131\u015ft\u0131. Art\u0131k mucizeler bekler olduk desek yanl\u0131\u015f olmayacakt\u0131r. Ancak hat\u0131rlamam\u0131z gereken bir \u015fey var ki; mucize beklemekle gelmez. E\u011fer bir mucize istiyorsak onu yaratmak zorunday\u0131z. Bu y\u00fczden hayat\u0131m\u0131z\u0131n her alan\u0131nda \u00e7\u0131rakl\u0131ktan ustal\u0131\u011fa ge\u00e7memiz gerekir. Kendi hayat\u0131m\u0131z\u0131n ustas\u0131 olmay\u0131 ba\u015fard\u0131\u011f\u0131m\u0131zda hem kendi sa\u00e7\u0131m\u0131z\u0131 ok\u015far, hem mucizemiz olur, hem de hayat\u0131m\u0131z\u0131 ger\u00e7ek bir usta gibi yeniden in\u015fa edebiliriz. Bu kitap size hayat\u0131n\u0131z\u0131 yeni ba\u015ftan in\u015fa edebilmenin ve kendi mucizelerinizi yaratabilmenin yollar\u0131n\u0131 sunuyor. Yaralar\u0131n\u0131z\u0131 tedavi etmekle kalmay\u0131p duygusal bo\u015fluklar\u0131n\u0131z\u0131 mutluluk, huzur, sevgi ve ba\u015far\u0131yla nas\u0131l dolduraca\u011f\u0131n\u0131z\u0131n yollar\u0131n\u0131 da g\u00f6steriyor. Bazen en zor s\u00fcre\u00e7ler en b\u00fcy\u00fck g\u00fczellikleri do\u011furur. Siz de bu zorlu s\u00fcre\u00e7lerde g\u00fczellikler ya\u015famak istiyorsan\u0131z \u015fimdi harekete ge\u00e7melisiniz. Hayat bazen hi\u00e7 ummad\u0131\u011f\u0131n\u0131z, hatta bazen bitti dedi\u011finiz yerde ba\u015flar. \u015eimdi, yeni bir ba\u015flang\u0131\u00e7 i\u00e7in en uygun zamand\u0131r. <\/p>\n","protected":false},"excerpt":{"rendered":"<p>\u0130\u00e7inden ge\u00e7ti\u011fimiz zorlu g\u00fcnlerde her birimiz sa\u00e7\u0131n\u0131 ok\u015fayacak bir ele, ba\u015f\u0131n\u0131 yaslayaca\u011f\u0131 bir omza ihtiya\u00e7 duyuyoruz. Duygular\u0131m\u0131z\u0131 kendimize dahi ifade etmekte zorland\u0131\u011f\u0131m\u0131z zamanlar hi\u00e7 bu kadar<span class=\"excerpt-hellip\"> [\u2026]<\/span><\/p>\n","protected":false},"featured_media":0,"template":"","meta":{"_monsterinsights_skip_tracking":false,"_monsterinsights_sitenote_active":false,"_monsterinsights_sitenote_note":"","_monsterinsights_sitenote_category":0},"product_brand":[],"product_cat":[12364,12376],"product_tag":[],"class_list":{"0":"post-728375","1":"product","2":"type-product","3":"status-publish","5":"product_cat-genel-konular","6":"product_cat-kisisel-gelisim","7":"pa_cilt-ciltsiz","8":"pa_tur-kitap","9":"pa_yayinevi-destek-yayinlari","10":"pa_yazar-firat-cakir","12":"first","13":"instock","14":"sale","15":"shipping-taxable","16":"purchasable","17":"product-type-simple"},"_links":{"self":[{"href":"https:\/\/roveyayinevi.com.tr\/index.php\/wp-json\/wp\/v2\/product\/728375","targetHints":{"allow":["GET"]}}],"collection":[{"href":"https:\/\/roveyayinevi.com.tr\/index.php\/wp-json\/wp\/v2\/product"}],"about":[{"href":"https:\/\/roveyayinevi.com.tr\/index.php\/wp-json\/wp\/v2\/types\/product"}],"wp:attachment":[{"href":"https:\/\/roveyayinevi.com.tr\/index.php\/wp-json\/wp\/v2\/media?parent=728375"}],"wp:term":[{"taxonomy":"product_brand","embeddable":true,"href":"https:\/\/roveyayinevi.com.tr\/index.php\/wp-json\/wp\/v2\/product_brand?post=728375"},{"taxonomy":"product_cat","embeddable":true,"href":"https:\/\/roveyayinevi.com.tr\/index.php\/wp-json\/wp\/v2\/product_cat?post=728375"},{"taxonomy":"product_tag","embeddable":true,"href":"https:\/\/roveyayinevi.com.tr\/index.php\/wp-json\/wp\/v2\/product_tag?post=728375"}],"curies":[{"name":"wp","href":"https:\/\/api.w.org\/{rel}","templated":true}]}}