{"id":728374,"date":"2025-08-27T20:38:09","date_gmt":"2025-08-27T17:38:09","guid":{"rendered":"https:\/\/roveyayinevi.com.tr\/index.php\/urun\/herakleitos-ve-sokrates\/"},"modified":"2026-04-16T02:35:59","modified_gmt":"2026-04-15T23:35:59","slug":"herakleitos-ve-sokrates","status":"publish","type":"product","link":"https:\/\/roveyayinevi.com.tr\/index.php\/urun\/herakleitos-ve-sokrates\/","title":{"rendered":"Herakleitos ve Sokrates"},"content":{"rendered":"<p>Antik\u00e7a\u011f Yunan felsefesinin iki b\u00fcy\u00fck d\u00fc\u015f\u00fcn\u00fcr\u00fc Herakleitos ve Sokrates g\u00f6ky\u00fcz\u00fcnde birer y\u0131ld\u0131z gibi parlam\u0131\u015f, i\u00e7inde ya\u015fad\u0131klar\u0131 toplumlara d\u00fc\u015f\u00fcnce ve eylemleriyle \u0131\u015f\u0131k sa\u00e7m\u0131\u015f, felsefi d\u00fc\u015f\u00fcnceleriyle t\u00fcm d\u00fcnyada derin ve silinmez izler b\u0131rakm\u0131\u015flard\u0131r. Herakleitos ve Sokrates\u2019in ya\u015famlar\u0131na y\u00f6n veren ve onlar\u0131 t\u00fcm ya\u015famlar\u0131 boyunca etkileyen \u00f6\u011fe her insan\u0131n i\u00e7inde gizli olarak bulunan tanr\u0131sal ses, uyar\u0131c\u0131 ses Daimon\u2019dur. Tanr\u0131\u2019yla olan gizli ba\u011f\u0131 temsil eden Daimon, Herakleitos i\u00e7in ruhsal al\u0131n yaz\u0131s\u0131, Sokrates i\u00e7inse \u00e7ocuklu\u011fundan beri kendisini uyaran, k\u00f6t\u00fc bir \u015fey yapmas\u0131na m\u00e2ni olan tanr\u0131sal bir i\u00e7sestir. Her ikisinin de ilham kaynaklar\u0131 bilge k\u00e2hinelerdir: Sibylla ve Diotima. Sibylla, Herakleitos\u2019un ruhunun derinliklerine inmesini sa\u011flayan, evrenin ve yery\u00fcz\u00fcn\u00fcn s\u0131rlar\u0131n\u0131 a\u00e7\u0131\u011fa \u00e7\u0131karmas\u0131na neden olan tanr\u0131sal sesin temsilcisi, ilham kayna\u011f\u0131, ermi\u015f, efsanevi kad\u0131n bilgedir. Diotima ise Delf \u015fehrindeki Apollon Tap\u0131na\u011f\u0131\u2019n\u0131n ermi\u015f Pythi\u2019sidir ve Sokrates\u2019i \u201chi\u00e7bir \u015fey bilmedi\u011fini bilin\u00e7li olarak bildi\u011fi i\u00e7in\u201d d\u00fcnyan\u0131n en bilge ki\u015fisi olarak ilan etmi\u015ftir. Bu kitapta Herakleitos ve Sokrates\u2019i pe\u015f pe\u015fe okuyacaks\u0131n\u0131z. Herakleitos ezoterik felsefeyi temsil ederken, Sokrates ise egzoterik zihinsel felsefeyi temsil eder. Evrende var olan her \u015fey kendi <\/p>\n","protected":false},"excerpt":{"rendered":"<p>Antik\u00e7a\u011f Yunan felsefesinin iki b\u00fcy\u00fck d\u00fc\u015f\u00fcn\u00fcr\u00fc Herakleitos ve Sokrates g\u00f6ky\u00fcz\u00fcnde birer y\u0131ld\u0131z gibi parlam\u0131\u015f, i\u00e7inde ya\u015fad\u0131klar\u0131 toplumlara d\u00fc\u015f\u00fcnce ve eylemleriyle \u0131\u015f\u0131k sa\u00e7m\u0131\u015f, felsefi d\u00fc\u015f\u00fcnceleriyle t\u00fcm d\u00fcnyada<span class=\"excerpt-hellip\"> [\u2026]<\/span><\/p>\n","protected":false},"featured_media":0,"template":"","meta":{"_monsterinsights_skip_tracking":false,"_monsterinsights_sitenote_active":false,"_monsterinsights_sitenote_note":"","_monsterinsights_sitenote_category":0},"product_brand":[],"product_cat":[12388,26788],"product_tag":[],"class_list":{"0":"post-728374","1":"product","2":"type-product","3":"status-publish","5":"product_cat-felsefe","6":"product_cat-filozoflar","7":"pa_cilt-ciltsiz","8":"pa_tur-kitap","9":"pa_yayinevi-beyaz-baykus-yayinlari","10":"pa_yazar-turgut-ozguney","12":"first","13":"instock","14":"sale","15":"shipping-taxable","16":"purchasable","17":"product-type-simple"},"_links":{"self":[{"href":"https:\/\/roveyayinevi.com.tr\/index.php\/wp-json\/wp\/v2\/product\/728374","targetHints":{"allow":["GET"]}}],"collection":[{"href":"https:\/\/roveyayinevi.com.tr\/index.php\/wp-json\/wp\/v2\/product"}],"about":[{"href":"https:\/\/roveyayinevi.com.tr\/index.php\/wp-json\/wp\/v2\/types\/product"}],"wp:attachment":[{"href":"https:\/\/roveyayinevi.com.tr\/index.php\/wp-json\/wp\/v2\/media?parent=728374"}],"wp:term":[{"taxonomy":"product_brand","embeddable":true,"href":"https:\/\/roveyayinevi.com.tr\/index.php\/wp-json\/wp\/v2\/product_brand?post=728374"},{"taxonomy":"product_cat","embeddable":true,"href":"https:\/\/roveyayinevi.com.tr\/index.php\/wp-json\/wp\/v2\/product_cat?post=728374"},{"taxonomy":"product_tag","embeddable":true,"href":"https:\/\/roveyayinevi.com.tr\/index.php\/wp-json\/wp\/v2\/product_tag?post=728374"}],"curies":[{"name":"wp","href":"https:\/\/api.w.org\/{rel}","templated":true}]}}