{"id":728369,"date":"2025-08-27T20:38:04","date_gmt":"2025-08-27T17:38:04","guid":{"rendered":"https:\/\/roveyayinevi.com.tr\/index.php\/urun\/egitim-hukuku-herkese-nitelikli-egitim\/"},"modified":"2026-04-16T02:35:59","modified_gmt":"2026-04-15T23:35:59","slug":"egitim-hukuku-herkese-nitelikli-egitim","status":"publish","type":"product","link":"https:\/\/roveyayinevi.com.tr\/index.php\/urun\/egitim-hukuku-herkese-nitelikli-egitim\/","title":{"rendered":"E\u011fitim Hukuku &#8211; Herkese Nitelikli E\u011fitim"},"content":{"rendered":"<p>Evrensel nitelikteki do\u011fal hukuk; do\u011fal, do\u011fu\u015ftan gelen, insan\u0131n \u00f6z\u00fcnde olan ve devredilmez olan haklar\u0131 korumak i\u00e7in vard\u0131r. Pozitif hukuk ise aralar\u0131nda var olan pek \u00e7ok benzerli\u011fe ra\u011fmen, bir toplumdan di\u011ferine ve zamana g\u00f6re de\u011fi\u015fen ama asl\u0131nda o toplumda uygulanan hukuktur. Elinizdeki kitapta uluslararas\u0131 insan haklar\u0131 s\u00f6zle\u015fmelerinde yer alan e\u011fitimle ilgili evrensel normlar listesi haz\u0131rlamay\u0131 ama\u00e7lad\u0131\u011f\u0131m\u0131z i\u00e7in kitab\u0131n i\u00e7eri\u011fini daha \u00e7ok do\u011fal hukuka g\u00f6re d\u00fczenledik. Farkl\u0131 bir ifade ile T\u00fcrkiye\u2019de y\u00fcr\u00fcrl\u00fckte olan mevzuat\u0131 tam olarak vermek yerine, mevzuata g\u00f6ndermeler yapt\u0131k; a\u00e7\u0131klamalar\u0131m\u0131z\u0131 uluslararas\u0131 s\u00f6zle\u015fmelere g\u00f6re yapmay\u0131 tercih ettik. Maalesef T\u00fcrkiye\u2019de uluslararas\u0131 s\u00f6zle\u015fmelerde ge\u00e7en e\u011fitim hukuku kurallar\u0131n\u0131n \u00e7o\u011fu, do\u011fal hukuk d\u00fczeyinde kalmaktad\u0131r. Bu kurallar hukuk mevzuat\u0131m\u0131zda yer almamakta ya da uygulanmamaktad\u0131r. D\u00fc\u015f\u00fcnd\u00fck ki olmas\u0131 gereken normlar\u0131 (do\u011fal hukuk) bilen okuyucu, T\u00fcrkiye\u2019deki durumu kendisi ara\u015ft\u0131rabilir. Bu y\u00f6n\u00fcyle, ayn\u0131 zamanda kitab\u0131n bir mevzuat kitab\u0131 olmas\u0131n\u0131 \u00f6nleyerek, kavramsal ve uygulamaya d\u00f6n\u00fck bir e\u011fitim hukuku kitab\u0131 olmas\u0131n\u0131 da sa\u011flamaya \u00e7al\u0131\u015ft\u0131k. Okuyucular, art\u0131k bili\u015fim \u00e7a\u011f\u0131nda e\u011fitim hukuku mevzuat\u0131na internetten kolayca ula\u015fabilirler. Kitab\u0131 okuyan e\u011fitimci okuyuculardan beklentimiz, e\u011fitim uygulamalar\u0131na yol g\u00f6steren evrensel insan haklar\u0131 normlar\u0131n\u0131 i\u00e7selle\u015ftirmeleri ve uygulamalar\u0131nda bu normlar\u0131 dikkate almalar\u0131d\u0131r. \u00d6rne\u011fin, be\u015finci s\u0131n\u0131fta uygulamas\u0131 yap\u0131lan yabanc\u0131 dil a\u011f\u0131rl\u0131kl\u0131 s\u0131n\u0131fa, sadece velisi okula belli miktarda ba\u011f\u0131\u015f yapan \u00f6\u011frencileri alan okul m\u00fcd\u00fcr\u00fcn\u00fcn yapt\u0131\u011f\u0131 yanl\u0131\u015fl\u0131\u011f\u0131 fark etmesidir. Ya da s\u0131n\u0131f\u0131ndaki kayna\u015ft\u0131rma \u00f6\u011frencisinin kendisinden al\u0131nmas\u0131n\u0131 isteyen, s\u0131n\u0131f\u0131ndaki farkl\u0131 etnik kimli\u011fe, farkl\u0131 mezhep ve inanca sahip \u00f6\u011frencilere ayr\u0131mc\u0131l\u0131k yapan \u00f6\u011fretmenin bu davran\u0131\u015f\u0131n\u0131n insan haklar\u0131na ayk\u0131r\u0131 oldu\u011funun bilincine varmas\u0131d\u0131r. E\u011fitimci olmayan okuyuculardan beklentimiz ise politikac\u0131lardan ve e\u011fitimcilerden, e\u011fitime ili\u015fkin olarak evrensel insan haklar\u0131 normlar\u0131na uygun beklentiler geli\u015ftirmeleri, beklentilerini ifade etmeleri ve normlara ayk\u0131r\u0131 uygulamalar\u0131 fark edip gerekti\u011finde demokratik tepkilerini g\u00f6stermeleridir. \u00d6rne\u011fin, T\u00fcrkiye\u2019de Milli E\u011fitim Bakan\u0131\u2019n\u0131n az\u0131nl\u0131k olan fen lisesi \u00f6\u011frencilerinin akademik ba\u015far\u0131s\u0131n\u0131 g\u00f6r\u00fcp b\u00fcy\u00fck \u00e7o\u011funlu\u011fun ba\u015far\u0131s\u0131zl\u0131\u011f\u0131n\u0131 gizlemeye \u00e7al\u0131\u015f\u0131rken, ger\u00e7ekte ba\u015far\u0131s\u0131zl\u0131\u011f\u0131n\u0131 gizledi\u011finin fark\u0131na varmas\u0131d\u0131r. \u00d6rne\u011fin, k\u0131rm\u0131z\u0131 \u0131\u015f\u0131kta durdu\u011funda arabas\u0131n\u0131n cam\u0131n\u0131 silen \u00e7ocu\u011fun o anda ni\u00e7in okulda olmad\u0131\u011f\u0131n\u0131 ya da merdiven alt\u0131 veya resmi e\u011fitim kurumlar\u0131nda \u00e7ocuklar\u0131n kafas\u0131 bilimsel bilgi yerine hurafelerle doldurulurken devletin neden bu kurumlar\u0131 yeterince denetlemedi\u011fini y\u00fcksek sesle sorgulamas\u0131d\u0131r. <\/p>\n","protected":false},"excerpt":{"rendered":"<p>Evrensel nitelikteki do\u011fal hukuk; do\u011fal, do\u011fu\u015ftan gelen, insan\u0131n \u00f6z\u00fcnde olan ve devredilmez olan haklar\u0131 korumak i\u00e7in vard\u0131r. Pozitif hukuk ise aralar\u0131nda var olan pek \u00e7ok benzerli\u011fe<span class=\"excerpt-hellip\"> [\u2026]<\/span><\/p>\n","protected":false},"featured_media":0,"template":"","meta":{"_monsterinsights_skip_tracking":false,"_monsterinsights_sitenote_active":false,"_monsterinsights_sitenote_note":"","_monsterinsights_sitenote_category":0},"product_brand":[],"product_cat":[12573,12566],"product_tag":[],"class_list":{"0":"post-728369","1":"product","2":"type-product","3":"status-publish","5":"product_cat-akademik-kitaplar","6":"product_cat-egitim","7":"pa_cilt-ciltsiz","8":"pa_tur-kitap","9":"pa_yayinevi-ani-yayincilik","10":"pa_yazar-ali-unal-ruhi-sarpkaya","12":"first","13":"instock","14":"sale","15":"shipping-taxable","16":"purchasable","17":"product-type-simple"},"_links":{"self":[{"href":"https:\/\/roveyayinevi.com.tr\/index.php\/wp-json\/wp\/v2\/product\/728369","targetHints":{"allow":["GET"]}}],"collection":[{"href":"https:\/\/roveyayinevi.com.tr\/index.php\/wp-json\/wp\/v2\/product"}],"about":[{"href":"https:\/\/roveyayinevi.com.tr\/index.php\/wp-json\/wp\/v2\/types\/product"}],"wp:attachment":[{"href":"https:\/\/roveyayinevi.com.tr\/index.php\/wp-json\/wp\/v2\/media?parent=728369"}],"wp:term":[{"taxonomy":"product_brand","embeddable":true,"href":"https:\/\/roveyayinevi.com.tr\/index.php\/wp-json\/wp\/v2\/product_brand?post=728369"},{"taxonomy":"product_cat","embeddable":true,"href":"https:\/\/roveyayinevi.com.tr\/index.php\/wp-json\/wp\/v2\/product_cat?post=728369"},{"taxonomy":"product_tag","embeddable":true,"href":"https:\/\/roveyayinevi.com.tr\/index.php\/wp-json\/wp\/v2\/product_tag?post=728369"}],"curies":[{"name":"wp","href":"https:\/\/api.w.org\/{rel}","templated":true}]}}