{"id":728362,"date":"2025-08-27T20:37:58","date_gmt":"2025-08-27T17:37:58","guid":{"rendered":"https:\/\/roveyayinevi.com.tr\/index.php\/urun\/demokrasimizin-ismet-pasali-yillari-1944-1973-2-kitap\/"},"modified":"2026-04-16T02:35:59","modified_gmt":"2026-04-15T23:35:59","slug":"demokrasimizin-ismet-pasali-yillari-1944-1973-2-kitap","status":"publish","type":"product","link":"https:\/\/roveyayinevi.com.tr\/index.php\/urun\/demokrasimizin-ismet-pasali-yillari-1944-1973-2-kitap\/","title":{"rendered":"Demokrasimizin \u0130smet Pa\u015fal\u0131 Y\u0131llar\u0131 (1944-1973) 2 Kitap"},"content":{"rendered":"<p>Metin Toker\u2019in yazd\u0131\u011f\u0131, daha \u00f6nce yedi kitapl\u0131k bir dizi olarak yay\u0131mlanan ancak uzun s\u00fcredir bulunmayan Demokrasimizin \u0130smet Pa\u015fal\u0131 Y\u0131llar\u0131\u2019n\u0131 yeniden g\u00f6zden ge\u00e7irilip d\u00fczenleyerek iki cilt halinde sunuyoruz. Gazetecili\u011fe 19 ya\u015f\u0131nda muhabirlikle ba\u015flayan Metin Toker\u2019in uzun y\u0131llara dayanan gazetecilik deneyiminden s\u00fcz\u00fclen bu iki ciltlik kitap, i\u00e7erdi\u011fi r\u00f6portajlar, belgeler, bilgiler, gazete haberleri, yaz\u0131\u015fmalar ve Metin Toker\u2019in bire bir tan\u0131kl\u0131\u011f\u0131yla yak\u0131n siyasi tarihimizin en kapsaml\u0131 belgesel kitaplar\u0131ndan biri olma niteli\u011fini ta\u015f\u0131yor. Metin Toker, \u0130n\u00f6n\u00fc ve Bayar ba\u015fta olmak \u00fczere Nihat Erim, Tevfik R\u00fc\u015ft\u00fc Aras, Hikmet Bayur, Refik Koraltan, Samet A\u011fao\u011flu, S\u0131tk\u0131 Y\u0131rcal\u0131 ve Basri Akta\u015f gibi d\u00f6nemin \u00fcnl\u00fc politikac\u0131lar\u0131yla o y\u0131llarda uzun g\u00f6r\u00fc\u015fmeler yapm\u0131\u015f, elde bulunan belgeleri, bilgileri de\u011ferlendirerek bu yap\u0131t\u0131 haz\u0131rlam\u0131\u015ft\u0131r. <span>Tan\u0131t\u0131m<\/p>\n","protected":false},"excerpt":{"rendered":"<p>Metin Toker\u2019in yazd\u0131\u011f\u0131, daha \u00f6nce yedi kitapl\u0131k bir dizi olarak yay\u0131mlanan ancak uzun s\u00fcredir bulunmayan Demokrasimizin \u0130smet Pa\u015fal\u0131 Y\u0131llar\u0131\u2019n\u0131 yeniden g\u00f6zden ge\u00e7irilip d\u00fczenleyerek iki cilt halinde<span class=\"excerpt-hellip\"> [\u2026]<\/span><\/p>\n","protected":false},"featured_media":0,"template":"","meta":{"_monsterinsights_skip_tracking":false,"_monsterinsights_sitenote_active":false,"_monsterinsights_sitenote_note":"","_monsterinsights_sitenote_category":0},"product_brand":[],"product_cat":[12370,12304],"product_tag":[],"class_list":{"0":"post-728362","1":"product","2":"type-product","3":"status-publish","5":"product_cat-arastirma-inceleme","6":"product_cat-tarih","7":"pa_cilt-ciltsiz","8":"pa_tur-kitap","9":"pa_yayinevi-bilgi-yayinevi","10":"pa_yazar-bilgi-yayinevi-kolektif","12":"first","13":"instock","14":"sale","15":"shipping-taxable","16":"purchasable","17":"product-type-simple"},"_links":{"self":[{"href":"https:\/\/roveyayinevi.com.tr\/index.php\/wp-json\/wp\/v2\/product\/728362","targetHints":{"allow":["GET"]}}],"collection":[{"href":"https:\/\/roveyayinevi.com.tr\/index.php\/wp-json\/wp\/v2\/product"}],"about":[{"href":"https:\/\/roveyayinevi.com.tr\/index.php\/wp-json\/wp\/v2\/types\/product"}],"wp:attachment":[{"href":"https:\/\/roveyayinevi.com.tr\/index.php\/wp-json\/wp\/v2\/media?parent=728362"}],"wp:term":[{"taxonomy":"product_brand","embeddable":true,"href":"https:\/\/roveyayinevi.com.tr\/index.php\/wp-json\/wp\/v2\/product_brand?post=728362"},{"taxonomy":"product_cat","embeddable":true,"href":"https:\/\/roveyayinevi.com.tr\/index.php\/wp-json\/wp\/v2\/product_cat?post=728362"},{"taxonomy":"product_tag","embeddable":true,"href":"https:\/\/roveyayinevi.com.tr\/index.php\/wp-json\/wp\/v2\/product_tag?post=728362"}],"curies":[{"name":"wp","href":"https:\/\/api.w.org\/{rel}","templated":true}]}}