{"id":728361,"date":"2025-08-27T20:37:57","date_gmt":"2025-08-27T17:37:57","guid":{"rendered":"https:\/\/roveyayinevi.com.tr\/index.php\/urun\/olumdur-sonunda\/"},"modified":"2026-04-16T02:35:59","modified_gmt":"2026-04-15T23:35:59","slug":"olumdur-sonunda","status":"publish","type":"product","link":"https:\/\/roveyayinevi.com.tr\/index.php\/urun\/olumdur-sonunda\/","title":{"rendered":"\u00d6l\u00fcmd\u00fcr Sonunda"},"content":{"rendered":"<p>\u201cYaral\u0131y\u0131m \u00e7\u00fcnk\u00fc bural\u0131y\u0131m\u201d diyen Emre Demir\u2019in ilk \u015fiir kitab\u0131 \u00e7\u0131kt\u0131: \u00d6l\u00fcmd\u00fcr Sonunda. G\u00fcn\u00fcm\u00fcz T\u00fcrk \u015fiirinin dikkat \u00e7eken isimlerinden biri olan Emre Demir, b\u00f6ylece eme\u011fini iki kapak aras\u0131na toplam\u0131\u015f oldu. Baba, diyorsun Bo\u011fuluyorsun bu denizde. <span>Tan\u0131t\u0131m<\/p>\n","protected":false},"excerpt":{"rendered":"<p>\u201cYaral\u0131y\u0131m \u00e7\u00fcnk\u00fc bural\u0131y\u0131m\u201d diyen Emre Demir\u2019in ilk \u015fiir kitab\u0131 \u00e7\u0131kt\u0131: \u00d6l\u00fcmd\u00fcr Sonunda. G\u00fcn\u00fcm\u00fcz T\u00fcrk \u015fiirinin dikkat \u00e7eken isimlerinden biri olan Emre Demir, b\u00f6ylece eme\u011fini iki kapak<span class=\"excerpt-hellip\"> [\u2026]<\/span><\/p>\n","protected":false},"featured_media":0,"template":"","meta":{"_monsterinsights_skip_tracking":false,"_monsterinsights_sitenote_active":false,"_monsterinsights_sitenote_note":"","_monsterinsights_sitenote_category":0},"product_brand":[],"product_cat":[12291,12509],"product_tag":[],"class_list":{"0":"post-728361","1":"product","2":"type-product","3":"status-publish","5":"product_cat-edebiyat","6":"product_cat-siir","7":"pa_cilt-ciltsiz","8":"pa_tur-kitap","9":"pa_yayinevi-muhit-kitap","10":"pa_yazar-emre-demir","12":"first","13":"instock","14":"sale","15":"shipping-taxable","16":"purchasable","17":"product-type-simple"},"_links":{"self":[{"href":"https:\/\/roveyayinevi.com.tr\/index.php\/wp-json\/wp\/v2\/product\/728361","targetHints":{"allow":["GET"]}}],"collection":[{"href":"https:\/\/roveyayinevi.com.tr\/index.php\/wp-json\/wp\/v2\/product"}],"about":[{"href":"https:\/\/roveyayinevi.com.tr\/index.php\/wp-json\/wp\/v2\/types\/product"}],"wp:attachment":[{"href":"https:\/\/roveyayinevi.com.tr\/index.php\/wp-json\/wp\/v2\/media?parent=728361"}],"wp:term":[{"taxonomy":"product_brand","embeddable":true,"href":"https:\/\/roveyayinevi.com.tr\/index.php\/wp-json\/wp\/v2\/product_brand?post=728361"},{"taxonomy":"product_cat","embeddable":true,"href":"https:\/\/roveyayinevi.com.tr\/index.php\/wp-json\/wp\/v2\/product_cat?post=728361"},{"taxonomy":"product_tag","embeddable":true,"href":"https:\/\/roveyayinevi.com.tr\/index.php\/wp-json\/wp\/v2\/product_tag?post=728361"}],"curies":[{"name":"wp","href":"https:\/\/api.w.org\/{rel}","templated":true}]}}