{"id":728356,"date":"2025-08-27T20:37:52","date_gmt":"2025-08-27T17:37:52","guid":{"rendered":"https:\/\/roveyayinevi.com.tr\/index.php\/urun\/tuketme-sukret\/"},"modified":"2026-04-16T02:35:59","modified_gmt":"2026-04-15T23:35:59","slug":"tuketme-sukret","status":"publish","type":"product","link":"https:\/\/roveyayinevi.com.tr\/index.php\/urun\/tuketme-sukret\/","title":{"rendered":"T\u00fcketme \u015e\u00fckret"},"content":{"rendered":"<p>Her g\u00fcn kendimiz, ailemiz ve sevdiklerimiz i\u00e7in bir s\u00fcr\u00fc \u015fey sat\u0131n al\u0131yoruz. Yiyoruz, i\u00e7iyoruz, giyiyoruz, kullan\u0131yoruz, eskitiyoruz, at\u0131yoruz, sonra tekrar sat\u0131n al\u0131yoruz. Bu d\u00f6ng\u00fc i\u00e7erisinde hepimiz birer t\u00fcketiciyiz ve s\u00fcrekli bir \u015feyler t\u00fcketiyoruz. \u0130stesek de istemesek de, her birimiz t\u00fcketim toplumunun iflah olmaz birer \u00fcyesiyiz. Kapitalizmin ortaya \u00e7\u0131kard\u0131\u011f\u0131 &#8220;t\u00fcketgen&#8221; s\u0131n\u0131f\u0131n\u0131 temsil ediyoruz. Neden t\u00fcketiyoruz? Bizi t\u00fcketime iten nedir? \u0130htiya\u00e7lar\u0131m\u0131z m\u0131, bitmez bilmek isteklerimiz mi, be\u011fenilme arzumuz mu yoksa mutlu olma \u00e7abam\u0131z m\u0131? Unutmay\u0131n; bilin\u00e7li t\u00fcketici diye bir \u015fey olmaz. \u00c7\u00fcnk\u00fc bilin\u00e7li olan insan t\u00fcketmez, \u00f6nce istifade eder, sonra \u015f\u00fckreder. Bilin\u00e7li ve inan\u00e7l\u0131 olma yolunda faydal\u0131 olmas\u0131 dile\u011fiyle. <span>Tan\u0131t\u0131m<\/p>\n","protected":false},"excerpt":{"rendered":"<p>Her g\u00fcn kendimiz, ailemiz ve sevdiklerimiz i\u00e7in bir s\u00fcr\u00fc \u015fey sat\u0131n al\u0131yoruz. Yiyoruz, i\u00e7iyoruz, giyiyoruz, kullan\u0131yoruz, eskitiyoruz, at\u0131yoruz, sonra tekrar sat\u0131n al\u0131yoruz. Bu d\u00f6ng\u00fc i\u00e7erisinde hepimiz<span class=\"excerpt-hellip\"> [\u2026]<\/span><\/p>\n","protected":false},"featured_media":0,"template":"","meta":{"_monsterinsights_skip_tracking":false,"_monsterinsights_sitenote_active":false,"_monsterinsights_sitenote_note":"","_monsterinsights_sitenote_category":0},"product_brand":[],"product_cat":[12364,12376],"product_tag":[],"class_list":{"0":"post-728356","1":"product","2":"type-product","3":"status-publish","5":"product_cat-genel-konular","6":"product_cat-kisisel-gelisim","7":"pa_cilt-ciltsiz","8":"pa_tur-kitap","9":"pa_yayinevi-cinaralti-yayinlari","10":"pa_yazar-gulbeniz-akduman","12":"first","13":"instock","14":"sale","15":"shipping-taxable","16":"purchasable","17":"product-type-simple"},"_links":{"self":[{"href":"https:\/\/roveyayinevi.com.tr\/index.php\/wp-json\/wp\/v2\/product\/728356","targetHints":{"allow":["GET"]}}],"collection":[{"href":"https:\/\/roveyayinevi.com.tr\/index.php\/wp-json\/wp\/v2\/product"}],"about":[{"href":"https:\/\/roveyayinevi.com.tr\/index.php\/wp-json\/wp\/v2\/types\/product"}],"wp:attachment":[{"href":"https:\/\/roveyayinevi.com.tr\/index.php\/wp-json\/wp\/v2\/media?parent=728356"}],"wp:term":[{"taxonomy":"product_brand","embeddable":true,"href":"https:\/\/roveyayinevi.com.tr\/index.php\/wp-json\/wp\/v2\/product_brand?post=728356"},{"taxonomy":"product_cat","embeddable":true,"href":"https:\/\/roveyayinevi.com.tr\/index.php\/wp-json\/wp\/v2\/product_cat?post=728356"},{"taxonomy":"product_tag","embeddable":true,"href":"https:\/\/roveyayinevi.com.tr\/index.php\/wp-json\/wp\/v2\/product_tag?post=728356"}],"curies":[{"name":"wp","href":"https:\/\/api.w.org\/{rel}","templated":true}]}}