{"id":728354,"date":"2025-08-27T20:37:50","date_gmt":"2025-08-27T17:37:50","guid":{"rendered":"https:\/\/roveyayinevi.com.tr\/index.php\/urun\/siradisi-osmanli-sehzadeleri\/"},"modified":"2026-04-16T02:35:59","modified_gmt":"2026-04-15T23:35:59","slug":"siradisi-osmanli-sehzadeleri","status":"publish","type":"product","link":"https:\/\/roveyayinevi.com.tr\/index.php\/urun\/siradisi-osmanli-sehzadeleri\/","title":{"rendered":"S\u0131rad\u0131\u015f\u0131 Osmanl\u0131 \u015eehzadeleri"},"content":{"rendered":"<p>G\u00f6nderilen mektuptaki manzumeyi okuyan Kan\u00fbni Sultan S\u00fcleyman\u2019\u0131n kalbi s\u0131zlar. Evlat ac\u0131s\u0131n\u0131 daha evvel en derinde ya\u015fayan ve b\u00fcy\u00fck \u0131st\u0131raplara du\u00e7ar olan koca sultan, yine b\u00fcy\u00fck ve dayan\u0131lmaz bir ac\u0131n\u0131n e\u015fi\u011findedir. U\u00e7urumun ba\u015f\u0131nda a\u011flayan o\u011fulun cellad\u0131na yalvar\u0131\u015flar\u0131n\u0131 hisseder yaral\u0131 y\u00fcre\u011finde. Babal\u0131k ve cellatl\u0131k aras\u0131nda gider gelir. \u201cU\u00e7urumun kenar\u0131nday\u0131m, d\u00fc\u015ft\u00fcm, d\u00fc\u015fece\u011fim; kurtar beni!\u201d diye yalvaran o\u011fluna, al\u0131r eline kalemi ve bir cevap yazar: Ey dem-a-dem mazhar-\u0131 tugy\u00e2n u isy\u00e2num o\u011ful Takmayan boyn\u0131na hergiz tavk-\u0131 ferm\u00e2num o\u011ful Ben k\u0131yar m\u0131ydum sana ey B\u00e2yezid h\u00e2num o\u011ful B\u00ee-g\u00fcn\u00e2ham dime b\u00e2ri tevbe k\u0131l c\u00e2num o\u011ful \u201cKadimden t\u00f6redir karde\u015fe k\u0131ymak. Atay\u0131, anay\u0131 gasle koymak. Kabil ki Habil\u2019e k\u0131yd\u0131 ezelden. Adet oldu, hanlar buna uymak.\u201d Osmanl\u0131 Devleti\u2019nin 600 seneyi a\u015fk\u0131n h\u00fck\u00fcm s\u00fcresince be\u015fi XIV\u2019\u00fcnc\u00fc, sekizi XV\u2019inci, be\u015fi XVII\u2019inci, 42\u2019si XVI\u2019\u0131nc\u0131,  ve biri de XVIII\u2019inci as\u0131rda olmak \u00fczere toplam 61 \u015fehz\u00e2desini devletin bekas\u0131 gerek\u00e7esiyle feda etmi\u015ftir. Bunlar\u0131n aras\u0131ndaki 22 \u015fehz\u00e2de bilfiil isyan ettikleri, di\u011ferleri ise ilerideki hayatlar\u0131nda isyan edebilecekleri gerek\u00e7esi ile \u00f6ld\u00fcr\u00fclm\u00fc\u015ft\u00fcr. Osmanl\u0131 \u015fehzadelerinin s\u0131ra d\u0131\u015f\u0131 hayat hik\u00e2yelerini okurken t\u00fcyleriniz \u00fcrperecek, g\u00f6zya\u015flar\u0131n\u0131za h\u00e2kim olamayacaks\u0131n\u0131z. <span>Tan\u0131t\u0131m<\/p>\n","protected":false},"excerpt":{"rendered":"<p>G\u00f6nderilen mektuptaki manzumeyi okuyan Kan\u00fbni Sultan S\u00fcleyman\u2019\u0131n kalbi s\u0131zlar. Evlat ac\u0131s\u0131n\u0131 daha evvel en derinde ya\u015fayan ve b\u00fcy\u00fck \u0131st\u0131raplara du\u00e7ar olan koca sultan, yine b\u00fcy\u00fck ve<span class=\"excerpt-hellip\"> [\u2026]<\/span><\/p>\n","protected":false},"featured_media":0,"template":"","meta":{"_monsterinsights_skip_tracking":false,"_monsterinsights_sitenote_active":false,"_monsterinsights_sitenote_note":"","_monsterinsights_sitenote_category":0},"product_brand":[],"product_cat":[13517,12304],"product_tag":[],"class_list":{"0":"post-728354","1":"product","2":"type-product","3":"status-publish","5":"product_cat-osmanli-tarihi","6":"product_cat-tarih","7":"pa_cilt-ciltsiz","8":"pa_tur-kitap","9":"pa_yayinevi-cinaralti-yayinlari","10":"pa_yazar-nermin-taylan","12":"first","13":"instock","14":"sale","15":"shipping-taxable","16":"purchasable","17":"product-type-simple"},"_links":{"self":[{"href":"https:\/\/roveyayinevi.com.tr\/index.php\/wp-json\/wp\/v2\/product\/728354","targetHints":{"allow":["GET"]}}],"collection":[{"href":"https:\/\/roveyayinevi.com.tr\/index.php\/wp-json\/wp\/v2\/product"}],"about":[{"href":"https:\/\/roveyayinevi.com.tr\/index.php\/wp-json\/wp\/v2\/types\/product"}],"wp:attachment":[{"href":"https:\/\/roveyayinevi.com.tr\/index.php\/wp-json\/wp\/v2\/media?parent=728354"}],"wp:term":[{"taxonomy":"product_brand","embeddable":true,"href":"https:\/\/roveyayinevi.com.tr\/index.php\/wp-json\/wp\/v2\/product_brand?post=728354"},{"taxonomy":"product_cat","embeddable":true,"href":"https:\/\/roveyayinevi.com.tr\/index.php\/wp-json\/wp\/v2\/product_cat?post=728354"},{"taxonomy":"product_tag","embeddable":true,"href":"https:\/\/roveyayinevi.com.tr\/index.php\/wp-json\/wp\/v2\/product_tag?post=728354"}],"curies":[{"name":"wp","href":"https:\/\/api.w.org\/{rel}","templated":true}]}}