{"id":728353,"date":"2025-08-27T20:37:50","date_gmt":"2025-08-27T17:37:50","guid":{"rendered":"https:\/\/roveyayinevi.com.tr\/index.php\/urun\/hikmetli-nasihatlar\/"},"modified":"2026-04-16T02:35:59","modified_gmt":"2026-04-15T23:35:59","slug":"hikmetli-nasihatlar","status":"publish","type":"product","link":"https:\/\/roveyayinevi.com.tr\/index.php\/urun\/hikmetli-nasihatlar\/","title":{"rendered":"Hikmetli Nasihatlar"},"content":{"rendered":"<p>Hz. Lokman (a.s.), ad\u0131 Kur\u2019an\u2019da ge\u00e7mesine ra\u011fmen bir peygamber de\u011fildi. Allah-u Teala\u2019n\u0131n, \u201cBiz Lokman\u2019a hikmeti verdik; kime hikmet verildiyse ona hayr\u0131n \u00e7o\u011funlu\u011fu verilmi\u015ftir.\u201d ayeti mucibince ona \u201cLokman Hekim\u201d denilirdi. Lokman Suresi\u2019nin 12-19. ayetleri ise Lokman aleyhisselam\u0131n \u00f6zelde o\u011fluna yapt\u0131\u011f\u0131 nasihatler, genelde ise t\u00fcm insanl\u0131\u011fa verilen mesajlard\u0131. Hz. Lokman\u2019\u0131n o\u011fluna, \u201cEy yavruca\u011f\u0131m, ci\u011ferparem\u201d diye hitab\u0131yla ba\u015flayan bu ayetler hem ebeveyn-evlat ili\u015fkisine bir \u00f6rnek hem de anne-baba ile evlatlar\u0131 aras\u0131ndaki sorunlar\u0131n \u00e7\u00f6z\u00fcm\u00fc i\u00e7in bir rehberdi. \u201cKu\u015fak \u00e7at\u0131\u015fmas\u0131\u201d bahanesiyle ge\u00e7i\u015ftirilmeye \u00e7al\u0131\u015f\u0131lan ebeveyn-evlat sorunlar\u0131n\u0131n h\u0131zla artt\u0131\u011f\u0131 bir d\u00f6nemde Lokman Hekim\u2019in rehberli\u011fine ba\u015fvurmaya ne dersiniz? Lokman\u2019\u0131n hikmetinden istifade etmek istemez misiniz? <span>Tan\u0131t\u0131m<\/p>\n","protected":false},"excerpt":{"rendered":"<p>Hz. Lokman (a.s.), ad\u0131 Kur\u2019an\u2019da ge\u00e7mesine ra\u011fmen bir peygamber de\u011fildi. Allah-u Teala\u2019n\u0131n, \u201cBiz Lokman\u2019a hikmeti verdik; kime hikmet verildiyse ona hayr\u0131n \u00e7o\u011funlu\u011fu verilmi\u015ftir.\u201d ayeti mucibince ona<span class=\"excerpt-hellip\"> [\u2026]<\/span><\/p>\n","protected":false},"featured_media":0,"template":"","meta":{"_monsterinsights_skip_tracking":false,"_monsterinsights_sitenote_active":false,"_monsterinsights_sitenote_note":"","_monsterinsights_sitenote_category":0},"product_brand":[],"product_cat":[16789,12718,12719],"product_tag":[],"class_list":{"0":"post-728353","1":"product","2":"type-product","3":"status-publish","5":"product_cat-diger-islam","6":"product_cat-din","7":"product_cat-islam","8":"pa_cilt-ciltsiz","9":"pa_tur-kitap","10":"pa_yayinevi-cinaralti-yayinlari","11":"pa_yazar-mehmet-mete","13":"first","14":"instock","15":"sale","16":"shipping-taxable","17":"purchasable","18":"product-type-simple"},"_links":{"self":[{"href":"https:\/\/roveyayinevi.com.tr\/index.php\/wp-json\/wp\/v2\/product\/728353","targetHints":{"allow":["GET"]}}],"collection":[{"href":"https:\/\/roveyayinevi.com.tr\/index.php\/wp-json\/wp\/v2\/product"}],"about":[{"href":"https:\/\/roveyayinevi.com.tr\/index.php\/wp-json\/wp\/v2\/types\/product"}],"wp:attachment":[{"href":"https:\/\/roveyayinevi.com.tr\/index.php\/wp-json\/wp\/v2\/media?parent=728353"}],"wp:term":[{"taxonomy":"product_brand","embeddable":true,"href":"https:\/\/roveyayinevi.com.tr\/index.php\/wp-json\/wp\/v2\/product_brand?post=728353"},{"taxonomy":"product_cat","embeddable":true,"href":"https:\/\/roveyayinevi.com.tr\/index.php\/wp-json\/wp\/v2\/product_cat?post=728353"},{"taxonomy":"product_tag","embeddable":true,"href":"https:\/\/roveyayinevi.com.tr\/index.php\/wp-json\/wp\/v2\/product_tag?post=728353"}],"curies":[{"name":"wp","href":"https:\/\/api.w.org\/{rel}","templated":true}]}}