{"id":728351,"date":"2025-08-27T20:37:48","date_gmt":"2025-08-27T17:37:48","guid":{"rendered":"https:\/\/roveyayinevi.com.tr\/index.php\/urun\/insan-soyu-ve-toprak-ana\/"},"modified":"2026-04-16T02:35:59","modified_gmt":"2026-04-15T23:35:59","slug":"insan-soyu-ve-toprak-ana","status":"publish","type":"product","link":"https:\/\/roveyayinevi.com.tr\/index.php\/urun\/insan-soyu-ve-toprak-ana\/","title":{"rendered":"\u0130nsan Soyu Ve Toprak Ana"},"content":{"rendered":"<p>Arnold Joseph Toynbee, 1934\u2019le 1961 aras\u0131nda yay\u0131mlanan A Study of History [\u201cTarih \u00dczerine Bir \u0130nceleme\u201d] adl\u0131 12 ciltlik geni\u015f kapsaml\u0131 eseriyle, daha somut konular\u0131 ele ald\u0131\u011f\u0131 daha dar kapsaml\u0131 say\u0131s\u0131z eserini, yani 1973\u2019e kadar d\u00fcnya tarihini \u00f6zetledi\u011fi, \u00f6l\u00fcm\u00fcnden sonra yay\u0131mlanan bu kitapta insan soyu tarihinin etrafl\u0131 bir ku\u015fbak\u0131\u015f\u0131 g\u00f6r\u00fcn\u00fcm\u00fcn\u00fc \u00f6yk\u00fcsel bir dille aktarma amac\u0131n\u0131 g\u00fctm\u00fc\u015f; \u0130nsan t\u00fcr\u00fcn\u00fcn maddi bak\u0131mdan geli\u015fmesinin yan\u0131 s\u0131ra manevi bak\u0131mdan geli\u015fmesine ve onu do\u011furan \u201cbiyosfer\u201d ile, bir ba\u015fka deyi\u015fle insan soyuyla Toprak Ana\u2019n\u0131n ili\u015fkisine odaklanm\u0131\u015ft\u0131r. Toynbee\u2019ye g\u00f6re canl\u0131 t\u00fcrleri i\u00e7inde \u201c\u2026bir tek insan soyu k\u00f6t\u00fcd\u00fcr. \u0130nsanlar \u015ferir olabilme bak\u0131m\u0131ndan tektirler \u00e7\u00fcnk\u00fc hem yapt\u0131klar\u0131n\u0131n hem de bile bile yapt\u0131klar\u0131 se\u00e7imlerin bilincindedirler.\u201d. Dahas\u0131 tarih boyunca, \u201c\u0130nsan t\u00fcr\u00fc, g\u00fcce tapma a\u00e7\u0131s\u0131ndan daima tutarl\u0131 davranm\u0131\u015ft\u0131, g\u00fcc\u00fc en muktedir haliyle nede cisimle\u015fmi\u015f durumda g\u00f6rm\u00fc\u015fse ona tapm\u0131\u015ft\u0131. Ancak tap\u0131nma nesnesi olarak insan d\u0131\u015f\u0131ndaki Do\u011fa\u2019n\u0131n yerine kolektif insan g\u00fcc\u00fcn\u00fcn koyulmas\u0131 manen bir gerilemeydi. \u0130nsan t\u00fcr\u00fc manevi ba\u011fl\u0131l\u0131\u011f\u0131n\u0131 bu \u015fekilde aktard\u0131\u011f\u0131nda, ni\u015fan ald\u0131\u011f\u0131 hedefe yakla\u015fmak \u015f\u00f6yle dursun, daha da uzakla\u015fm\u0131\u015ft\u0131.\u201d. <\/p>\n","protected":false},"excerpt":{"rendered":"<p>Arnold Joseph Toynbee, 1934\u2019le 1961 aras\u0131nda yay\u0131mlanan A Study of History [\u201cTarih \u00dczerine Bir \u0130nceleme\u201d] adl\u0131 12 ciltlik geni\u015f kapsaml\u0131 eseriyle, daha somut konular\u0131 ele ald\u0131\u011f\u0131<span class=\"excerpt-hellip\"> [\u2026]<\/span><\/p>\n","protected":false},"featured_media":0,"template":"","meta":{"_monsterinsights_skip_tracking":false,"_monsterinsights_sitenote_active":false,"_monsterinsights_sitenote_note":"","_monsterinsights_sitenote_category":0},"product_brand":[],"product_cat":[12370,12304],"product_tag":[],"class_list":{"0":"post-728351","1":"product","2":"type-product","3":"status-publish","5":"product_cat-arastirma-inceleme","6":"product_cat-tarih","7":"pa_cilt-ciltsiz","8":"pa_tur-kitap","9":"pa_yayinevi-ayrinti-yayinlari","10":"pa_yazar-arnold-joseph-toynbee","12":"first","13":"instock","14":"sale","15":"shipping-taxable","16":"purchasable","17":"product-type-simple"},"_links":{"self":[{"href":"https:\/\/roveyayinevi.com.tr\/index.php\/wp-json\/wp\/v2\/product\/728351","targetHints":{"allow":["GET"]}}],"collection":[{"href":"https:\/\/roveyayinevi.com.tr\/index.php\/wp-json\/wp\/v2\/product"}],"about":[{"href":"https:\/\/roveyayinevi.com.tr\/index.php\/wp-json\/wp\/v2\/types\/product"}],"wp:attachment":[{"href":"https:\/\/roveyayinevi.com.tr\/index.php\/wp-json\/wp\/v2\/media?parent=728351"}],"wp:term":[{"taxonomy":"product_brand","embeddable":true,"href":"https:\/\/roveyayinevi.com.tr\/index.php\/wp-json\/wp\/v2\/product_brand?post=728351"},{"taxonomy":"product_cat","embeddable":true,"href":"https:\/\/roveyayinevi.com.tr\/index.php\/wp-json\/wp\/v2\/product_cat?post=728351"},{"taxonomy":"product_tag","embeddable":true,"href":"https:\/\/roveyayinevi.com.tr\/index.php\/wp-json\/wp\/v2\/product_tag?post=728351"}],"curies":[{"name":"wp","href":"https:\/\/api.w.org\/{rel}","templated":true}]}}