{"id":728350,"date":"2025-08-27T20:37:47","date_gmt":"2025-08-27T17:37:47","guid":{"rendered":"https:\/\/roveyayinevi.com.tr\/index.php\/urun\/ben-ve-ginnie\/"},"modified":"2026-04-13T02:44:43","modified_gmt":"2026-04-12T23:44:43","slug":"ben-ve-ginnie","status":"publish","type":"product","link":"https:\/\/roveyayinevi.com.tr\/index.php\/urun\/ben-ve-ginnie\/","title":{"rendered":"Ben Ve Ginnie"},"content":{"rendered":"<p>Ben, yazma eylemiyle bo\u011fu\u015fan bir yazar aday\u0131; Ginnie ise titiz bir dans\u00e7\u0131d\u0131r. 1951\u2019de birbirlerine a\u015f\u0131k olmu\u015f ve her ne olursa olsun birbirlerine tutunmaya karar vermi\u015f iki \u00fcrkek \u00e7ocukturlar. D\u00fcnya ikisinin de \u00f6n\u00fcnde ke\u015ffedilmeyi bekliyordur&#8230; Bir yanda 1950\u2019lerin New York\u2019unun b\u00fcy\u00fcleyici cazibesi, di\u011fer yanda Hollywood\u2019un y\u0131ld\u0131zlarla parlayan ne\u015feli \u015fov d\u00fcnyas\u0131: Ben ve Ginnie neon \u0131\u015f\u0131klar aras\u0131nda birbirlerine duyduklar\u0131 saf, yo\u011fun ve kusursuz a\u015fk\u0131 s\u00fcrd\u00fcrmeyi ba\u015farm\u0131\u015flard\u0131r. Bu a\u015fk sonsuza kadar s\u00fcrmeli, \u015fimdiye kadar yaz\u0131lm\u0131\u015f t\u00fcm kitaplarda ve peri masallar\u0131nda anlat\u0131ld\u0131\u011f\u0131 gibi romantizm ve tutkuyla harlanmal\u0131d\u0131r. Ne var ki, a\u015fklar\u0131 sahiden de sonsuza kadar s\u00fcrebilecek midir ya da bu a\u015fk ikisinin de fark edemedi\u011fi beklenmedik bir k\u0131r\u0131lma nedeniyle sallant\u0131dan kurtulabilecek midir? <\/p>\n","protected":false},"excerpt":{"rendered":"<p>Ben, yazma eylemiyle bo\u011fu\u015fan bir yazar aday\u0131; Ginnie ise titiz bir dans\u00e7\u0131d\u0131r. 1951\u2019de birbirlerine a\u015f\u0131k olmu\u015f ve her ne olursa olsun birbirlerine tutunmaya karar vermi\u015f iki<span class=\"excerpt-hellip\"> [\u2026]<\/span><\/p>\n","protected":false},"featured_media":0,"template":"","meta":{"_monsterinsights_skip_tracking":false,"_monsterinsights_sitenote_active":false,"_monsterinsights_sitenote_note":"","_monsterinsights_sitenote_category":0},"product_brand":[],"product_cat":[14009,12291],"product_tag":[],"class_list":{"0":"post-728350","1":"product","2":"type-product","3":"status-publish","5":"product_cat-biyografi-otobiyografi-edebiyat","6":"product_cat-edebiyat","7":"pa_cilt-ciltsiz","8":"pa_tur-kitap","9":"pa_yayinevi-ayrinti-yayinlari","10":"pa_yazar-herman-raucher","12":"first","13":"instock","14":"sale","15":"shipping-taxable","16":"purchasable","17":"product-type-simple"},"_links":{"self":[{"href":"https:\/\/roveyayinevi.com.tr\/index.php\/wp-json\/wp\/v2\/product\/728350","targetHints":{"allow":["GET"]}}],"collection":[{"href":"https:\/\/roveyayinevi.com.tr\/index.php\/wp-json\/wp\/v2\/product"}],"about":[{"href":"https:\/\/roveyayinevi.com.tr\/index.php\/wp-json\/wp\/v2\/types\/product"}],"wp:attachment":[{"href":"https:\/\/roveyayinevi.com.tr\/index.php\/wp-json\/wp\/v2\/media?parent=728350"}],"wp:term":[{"taxonomy":"product_brand","embeddable":true,"href":"https:\/\/roveyayinevi.com.tr\/index.php\/wp-json\/wp\/v2\/product_brand?post=728350"},{"taxonomy":"product_cat","embeddable":true,"href":"https:\/\/roveyayinevi.com.tr\/index.php\/wp-json\/wp\/v2\/product_cat?post=728350"},{"taxonomy":"product_tag","embeddable":true,"href":"https:\/\/roveyayinevi.com.tr\/index.php\/wp-json\/wp\/v2\/product_tag?post=728350"}],"curies":[{"name":"wp","href":"https:\/\/api.w.org\/{rel}","templated":true}]}}