{"id":728348,"date":"2025-08-27T20:37:44","date_gmt":"2025-08-27T17:37:44","guid":{"rendered":"https:\/\/roveyayinevi.com.tr\/index.php\/urun\/shakespearein-dokuz-yasami\/"},"modified":"2026-04-16T02:35:59","modified_gmt":"2026-04-15T23:35:59","slug":"shakespearein-dokuz-yasami","status":"publish","type":"product","link":"https:\/\/roveyayinevi.com.tr\/index.php\/urun\/shakespearein-dokuz-yasami\/","title":{"rendered":"Shakespeare\u2019in Dokuz Ya\u015fam\u0131"},"content":{"rendered":"<p>Yaln\u0131zca ya\u015fad\u0131\u011f\u0131 \u00e7a\u011fa de\u011fil t\u00fcm tiyatro tarihine damgas\u0131n\u0131 vurmu\u015f olan William Shakespeare\u2019i ne kadar tan\u0131yoruz? \u00dcnl\u00fc oyun yazar\u0131n\u0131n ya\u015fam\u0131 boyunca i\u00e7inde dola\u015ft\u0131\u011f\u0131 labirentler onun \u00fcretkenli\u011fini nas\u0131l etkiledi? Hangi duygular, hangi tecr\u00fcbeler metinlerine ilham kayna\u011f\u0131 oldu? Shakespeare\u2019in ya\u015fam\u0131 kurgu ve ger\u00e7e\u011fin g\u00f6lgesinde nas\u0131l kaleme al\u0131nd\u0131? Bu zamana dek yaz\u0131lan Shakespeare biyografileri neden hep eksik kald\u0131? \u0130ngiliz k\u00fclt\u00fcrel materyalizm ekol\u00fcn\u00fcn kurucular\u0131ndan say\u0131lan ve uzun y\u0131llard\u0131r Shakespeare yap\u0131tlar\u0131 \u00fczerine \u00e7al\u0131\u015fan Holderness, Shakespeare\u2019in Dokuz Ya\u015fam\u0131\u2019nda daha \u00f6nce b\u00fct\u00fcnl\u00fckl\u00fc bir bi\u00e7imde cevaplanmam\u0131\u015f bir\u00e7ok soruya yan\u0131t ar\u0131yor. Shakespeare\u2019in hayat\u0131 etraf\u0131ndaki ger\u00e7ekleri ve mitleri, birbirleriyle i\u00e7 i\u00e7e ge\u00e7mi\u015f \u00f6zel bi\u00e7imlerini dikkate alarak ustal\u0131kla inceliyor. Bizlere yazar, oyuncu, kasap \u00e7\u0131ra\u011f\u0131, i\u015f insan\u0131, e\u015f, yak\u0131n arkada\u015f, a\u015f\u0131k, Katolik Shakespeare\u2019i ve onun portresini anlat\u0131yor. Her bir Shakespeare biyografisini ele\u015ftirel bir g\u00f6zle yeniden ele al\u0131rken, bir sanat\u00e7\u0131n\u0131n dokuz ya\u015fam evresini benzersiz bir tablo olu\u015fturacak bi\u00e7imde yeniden tahayy\u00fcl ediyor.   <\/p>\n","protected":false},"excerpt":{"rendered":"<p>Yaln\u0131zca ya\u015fad\u0131\u011f\u0131 \u00e7a\u011fa de\u011fil t\u00fcm tiyatro tarihine damgas\u0131n\u0131 vurmu\u015f olan William Shakespeare\u2019i ne kadar tan\u0131yoruz? \u00dcnl\u00fc oyun yazar\u0131n\u0131n ya\u015fam\u0131 boyunca i\u00e7inde dola\u015ft\u0131\u011f\u0131 labirentler onun \u00fcretkenli\u011fini nas\u0131l<span class=\"excerpt-hellip\"> [\u2026]<\/span><\/p>\n","protected":false},"featured_media":0,"template":"","meta":{"_monsterinsights_skip_tracking":false,"_monsterinsights_sitenote_active":false,"_monsterinsights_sitenote_note":"","_monsterinsights_sitenote_category":0},"product_brand":[],"product_cat":[14009,12291],"product_tag":[],"class_list":{"0":"post-728348","1":"product","2":"type-product","3":"status-publish","5":"product_cat-biyografi-otobiyografi-edebiyat","6":"product_cat-edebiyat","7":"pa_cilt-ciltsiz","8":"pa_tur-kitap","9":"pa_yayinevi-ayrinti-yayinlari","10":"pa_yazar-graham-holderness","12":"first","13":"instock","14":"sale","15":"shipping-taxable","16":"purchasable","17":"product-type-simple"},"_links":{"self":[{"href":"https:\/\/roveyayinevi.com.tr\/index.php\/wp-json\/wp\/v2\/product\/728348","targetHints":{"allow":["GET"]}}],"collection":[{"href":"https:\/\/roveyayinevi.com.tr\/index.php\/wp-json\/wp\/v2\/product"}],"about":[{"href":"https:\/\/roveyayinevi.com.tr\/index.php\/wp-json\/wp\/v2\/types\/product"}],"wp:attachment":[{"href":"https:\/\/roveyayinevi.com.tr\/index.php\/wp-json\/wp\/v2\/media?parent=728348"}],"wp:term":[{"taxonomy":"product_brand","embeddable":true,"href":"https:\/\/roveyayinevi.com.tr\/index.php\/wp-json\/wp\/v2\/product_brand?post=728348"},{"taxonomy":"product_cat","embeddable":true,"href":"https:\/\/roveyayinevi.com.tr\/index.php\/wp-json\/wp\/v2\/product_cat?post=728348"},{"taxonomy":"product_tag","embeddable":true,"href":"https:\/\/roveyayinevi.com.tr\/index.php\/wp-json\/wp\/v2\/product_tag?post=728348"}],"curies":[{"name":"wp","href":"https:\/\/api.w.org\/{rel}","templated":true}]}}