{"id":728347,"date":"2025-08-27T20:37:44","date_gmt":"2025-08-27T17:37:44","guid":{"rendered":"https:\/\/roveyayinevi.com.tr\/index.php\/urun\/hegelin-diyalektigi\/"},"modified":"2026-04-16T02:35:59","modified_gmt":"2026-04-15T23:35:59","slug":"hegelin-diyalektigi","status":"publish","type":"product","link":"https:\/\/roveyayinevi.com.tr\/index.php\/urun\/hegelin-diyalektigi\/","title":{"rendered":"Hegel&#8217;in Diyalekti\u011fi"},"content":{"rendered":"<p>Kitapta yabanc\u0131la\u015fma kavram\u0131n\u0131n ba\u015flat\u0131c\u0131s\u0131 olarak d\u00fc\u015f\u00fcnebilece\u011fimiz tersy\u00fcz edilmi\u015f d\u00fcnya, arzunun hareketinin ortaya koyuldu\u011fu \u00f6z-bilin\u00e7 diyalekti\u011fi, mant\u0131\u011f\u0131n en \u00f6zg\u00fcn formlar\u0131ndan biri olan Hegel mant\u0131\u011f\u0131 ve filozofun Heidegger\u2019in d\u00fc\u015f\u00fcncesiyle ili\u015fkisi i\u00e7erilmekle birlikte, \u201cKendine Yabanc\u0131la\u015fman\u0131n Belirtisi Olarak Yal\u0131t\u0131lm\u0131\u015fl\u0131k\u201d ve \u201cYa\u015fam-D\u00fcnyas\u0131 Bilimi\u201d ba\u015fl\u0131kl\u0131 iki \u00f6nemli yaz\u0131ya da ek olarak yer verilmektedir&#8230; \u201cDiyalektik kavram\u0131n\u0131n geli\u015fiminin izini klasik Grek d\u00fc\u015f\u00fcn\u00fcrlerinden modern d\u00fc\u015f\u00fcn\u00fcrlere kadar s\u00fcrmekle Gadamer, Hegel\u2019in kendi diyalektik y\u00f6ntemini, antiklerin diyalekti\u011fini devam ettirerek sonu\u00e7land\u0131rd\u0131\u011f\u0131n\u0131 kan\u0131tlamaktad\u0131r\u2026\u201d <\/p>\n","protected":false},"excerpt":{"rendered":"<p>Kitapta yabanc\u0131la\u015fma kavram\u0131n\u0131n ba\u015flat\u0131c\u0131s\u0131 olarak d\u00fc\u015f\u00fcnebilece\u011fimiz tersy\u00fcz edilmi\u015f d\u00fcnya, arzunun hareketinin ortaya koyuldu\u011fu \u00f6z-bilin\u00e7 diyalekti\u011fi, mant\u0131\u011f\u0131n en \u00f6zg\u00fcn formlar\u0131ndan biri olan Hegel mant\u0131\u011f\u0131 ve filozofun Heidegger\u2019in<span class=\"excerpt-hellip\"> [\u2026]<\/span><\/p>\n","protected":false},"featured_media":0,"template":"","meta":{"_monsterinsights_skip_tracking":false,"_monsterinsights_sitenote_active":false,"_monsterinsights_sitenote_note":"","_monsterinsights_sitenote_category":0},"product_brand":[],"product_cat":[12388,13555],"product_tag":[],"class_list":{"0":"post-728347","1":"product","2":"type-product","3":"status-publish","5":"product_cat-felsefe","6":"product_cat-genel-felsefe","7":"pa_cilt-ciltsiz","8":"pa_tur-kitap","9":"pa_yayinevi-ayrinti-yayinlari","10":"pa_yazar-hans-georg-gadamer","12":"first","13":"instock","14":"sale","15":"shipping-taxable","16":"purchasable","17":"product-type-simple"},"_links":{"self":[{"href":"https:\/\/roveyayinevi.com.tr\/index.php\/wp-json\/wp\/v2\/product\/728347","targetHints":{"allow":["GET"]}}],"collection":[{"href":"https:\/\/roveyayinevi.com.tr\/index.php\/wp-json\/wp\/v2\/product"}],"about":[{"href":"https:\/\/roveyayinevi.com.tr\/index.php\/wp-json\/wp\/v2\/types\/product"}],"wp:attachment":[{"href":"https:\/\/roveyayinevi.com.tr\/index.php\/wp-json\/wp\/v2\/media?parent=728347"}],"wp:term":[{"taxonomy":"product_brand","embeddable":true,"href":"https:\/\/roveyayinevi.com.tr\/index.php\/wp-json\/wp\/v2\/product_brand?post=728347"},{"taxonomy":"product_cat","embeddable":true,"href":"https:\/\/roveyayinevi.com.tr\/index.php\/wp-json\/wp\/v2\/product_cat?post=728347"},{"taxonomy":"product_tag","embeddable":true,"href":"https:\/\/roveyayinevi.com.tr\/index.php\/wp-json\/wp\/v2\/product_tag?post=728347"}],"curies":[{"name":"wp","href":"https:\/\/api.w.org\/{rel}","templated":true}]}}