{"id":728346,"date":"2025-08-27T20:37:42","date_gmt":"2025-08-27T17:37:42","guid":{"rendered":"https:\/\/roveyayinevi.com.tr\/index.php\/urun\/dilsiz-kugular-zamani-devir\/"},"modified":"2026-04-08T02:45:04","modified_gmt":"2026-04-07T23:45:04","slug":"dilsiz-kugular-zamani-devir","status":"publish","type":"product","link":"https:\/\/roveyayinevi.com.tr\/index.php\/urun\/dilsiz-kugular-zamani-devir\/","title":{"rendered":"Dilsiz Ku\u011fular Zaman\u0131 \u201cDevir\u201d"},"content":{"rendered":"<p>\u201cGer\u00e7ek, iki \u00e7ocuk aras\u0131ndaki en k\u0131sa do\u011frudur.\u201d Dilsiz Ku\u011fular Zaman\u0131, iyi ve g\u00fczel olan\u0131 \u00f6nceden sonraya iletmek i\u00e7in yaz\u0131lm\u0131\u015f bir devir roman\u0131.  Ali ile Ay\u015fe\u2019nin 1980\u2019deki d\u00fcnyas\u0131ndan bug\u00fcne u\u00e7an dilsiz ku\u011fular\u0131n kanatlar\u0131nda bir bilgi, bir hat\u0131ra var. Ya\u015famaya devam edebilmek i\u00e7in bizden \u00e7al\u0131nan  g\u00fczelli\u011fi hat\u0131rlatmak ve bizden sonraya ku\u011fular\u0131n kanatlar\u0131nda u\u00e7urmak gerek.   Ece Temelkuran bu roman\u0131yla k\u00f6t\u00fcl\u00fc\u011f\u00fcn  apoletlerini s\u00f6k\u00fcyor.  <\/p>\n","protected":false},"excerpt":{"rendered":"<p>\u201cGer\u00e7ek, iki \u00e7ocuk aras\u0131ndaki en k\u0131sa do\u011frudur.\u201d Dilsiz Ku\u011fular Zaman\u0131, iyi ve g\u00fczel olan\u0131 \u00f6nceden sonraya iletmek i\u00e7in yaz\u0131lm\u0131\u015f bir devir roman\u0131. Ali ile Ay\u015fe\u2019nin 1980\u2019deki<span class=\"excerpt-hellip\"> [\u2026]<\/span><\/p>\n","protected":false},"featured_media":0,"template":"","meta":{"_monsterinsights_skip_tracking":false,"_monsterinsights_sitenote_active":false,"_monsterinsights_sitenote_note":"","_monsterinsights_sitenote_category":0},"product_brand":[],"product_cat":[12291,12711],"product_tag":[],"class_list":{"0":"post-728346","1":"product","2":"type-product","3":"status-publish","5":"product_cat-edebiyat","6":"product_cat-roman-oyku","7":"pa_cilt-ciltsiz","8":"pa_tur-kitap","9":"pa_yayinevi-everest-yayinlari","10":"pa_yazar-ece-temelkuran","12":"first","13":"instock","14":"sale","15":"shipping-taxable","16":"purchasable","17":"product-type-simple"},"_links":{"self":[{"href":"https:\/\/roveyayinevi.com.tr\/index.php\/wp-json\/wp\/v2\/product\/728346","targetHints":{"allow":["GET"]}}],"collection":[{"href":"https:\/\/roveyayinevi.com.tr\/index.php\/wp-json\/wp\/v2\/product"}],"about":[{"href":"https:\/\/roveyayinevi.com.tr\/index.php\/wp-json\/wp\/v2\/types\/product"}],"wp:attachment":[{"href":"https:\/\/roveyayinevi.com.tr\/index.php\/wp-json\/wp\/v2\/media?parent=728346"}],"wp:term":[{"taxonomy":"product_brand","embeddable":true,"href":"https:\/\/roveyayinevi.com.tr\/index.php\/wp-json\/wp\/v2\/product_brand?post=728346"},{"taxonomy":"product_cat","embeddable":true,"href":"https:\/\/roveyayinevi.com.tr\/index.php\/wp-json\/wp\/v2\/product_cat?post=728346"},{"taxonomy":"product_tag","embeddable":true,"href":"https:\/\/roveyayinevi.com.tr\/index.php\/wp-json\/wp\/v2\/product_tag?post=728346"}],"curies":[{"name":"wp","href":"https:\/\/api.w.org\/{rel}","templated":true}]}}