{"id":728341,"date":"2025-08-27T20:37:38","date_gmt":"2025-08-27T17:37:38","guid":{"rendered":"https:\/\/roveyayinevi.com.tr\/index.php\/urun\/anadolu-prehistorya-arastirmalari-6\/"},"modified":"2026-04-16T02:35:58","modified_gmt":"2026-04-15T23:35:58","slug":"anadolu-prehistorya-arastirmalari-6","status":"publish","type":"product","link":"https:\/\/roveyayinevi.com.tr\/index.php\/urun\/anadolu-prehistorya-arastirmalari-6\/","title":{"rendered":"Anadolu Prehistorya Ara\u015ft\u0131rmalar\u0131 &#8211; 6"},"content":{"rendered":"<p>Ege G\u00fcbre Yerle\u015fimi Neolitik \u00c7a\u011f Yap\u0131lar\u0131nda G\u00f6r\u00fclen Sembolik UygulamalarAliz Ozan Ve Haluk Sa\u011flamtimur1 Neden Tipoloji-Nas\u0131l TipolojiBeray K\u00f6sem19 Boncuklu H\u00f6y\u00fck&#8217;te Ev \u0130\u00e7i Ve D\u0131\u015f\u0131 Ya\u015fam Pratiklerine Y\u00f6nelik Deneysel \u00c7al\u0131\u015fmalarG\u00f6khan Mustafao\u011flu29 Mezopotamya&#8217;n\u0131n Ge\u00e7 Prehistorik Sanat\u0131nda \u00d6yk\u00fcc\u00fc Anlat\u0131mHalil Tekin53 &#8216;Landscape Archaeology&#8217; Neyi \u0130fade Etmelidir?Iraz Asl\u0131 Yaman75 Prehistorik D\u00f6nemde Ya\u015fam S\u0131n\u0131r\u0131: Ke\u00e7e Ma\u011faras\u0131\u0130rfan Deniz Yaman89 Bat\u0131 Toroslar&#8217;da Paleolitik Sanat Tascirleri,Sembolizm Ve Yeni BulgularMetin Kartal103 Bat\u0131 Anadolu B\u00f6lgesi Kalkolitik \u00c7a\u011f Obsidiyen Takas ModelleriNeyir-Kolankaya-Bostanc\u0131125 Tarih\u00f6ncesinde \u00dcr\u00fcn Depolama,Mimari Ve Sosyal Yap\u0131 \u00dczerine Bir De\u011ferlendirmeP\u0131nar \u00c7ayl\u0131149 Suluin Ma\u011faras\u0131 Yontmata\u015f End\u00fcstrisinin Tekno-Tipolojik AnaliziZehra F\u00fcr\u00fczen Ta\u015fk\u0131ran177 <\/p>\n","protected":false},"excerpt":{"rendered":"<p>Ege G\u00fcbre Yerle\u015fimi Neolitik \u00c7a\u011f Yap\u0131lar\u0131nda G\u00f6r\u00fclen Sembolik UygulamalarAliz Ozan Ve Haluk Sa\u011flamtimur1 Neden Tipoloji-Nas\u0131l TipolojiBeray K\u00f6sem19 Boncuklu H\u00f6y\u00fck&#8217;te Ev \u0130\u00e7i Ve D\u0131\u015f\u0131 Ya\u015fam Pratiklerine Y\u00f6nelik<span class=\"excerpt-hellip\"> [\u2026]<\/span><\/p>\n","protected":false},"featured_media":0,"template":"","meta":{"_monsterinsights_skip_tracking":false,"_monsterinsights_sitenote_active":false,"_monsterinsights_sitenote_note":"","_monsterinsights_sitenote_category":0},"product_brand":[],"product_cat":[12370,12304],"product_tag":[],"class_list":{"0":"post-728341","1":"product","2":"type-product","3":"status-publish","5":"product_cat-arastirma-inceleme","6":"product_cat-tarih","7":"pa_cilt-ciltsiz","8":"pa_tur-kitap","9":"pa_yayinevi-bilgin-kultur-sanat","10":"pa_yazar-bilgin-kultur-sanat-kolektif","12":"first","13":"instock","14":"sale","15":"shipping-taxable","16":"purchasable","17":"product-type-simple"},"_links":{"self":[{"href":"https:\/\/roveyayinevi.com.tr\/index.php\/wp-json\/wp\/v2\/product\/728341","targetHints":{"allow":["GET"]}}],"collection":[{"href":"https:\/\/roveyayinevi.com.tr\/index.php\/wp-json\/wp\/v2\/product"}],"about":[{"href":"https:\/\/roveyayinevi.com.tr\/index.php\/wp-json\/wp\/v2\/types\/product"}],"wp:attachment":[{"href":"https:\/\/roveyayinevi.com.tr\/index.php\/wp-json\/wp\/v2\/media?parent=728341"}],"wp:term":[{"taxonomy":"product_brand","embeddable":true,"href":"https:\/\/roveyayinevi.com.tr\/index.php\/wp-json\/wp\/v2\/product_brand?post=728341"},{"taxonomy":"product_cat","embeddable":true,"href":"https:\/\/roveyayinevi.com.tr\/index.php\/wp-json\/wp\/v2\/product_cat?post=728341"},{"taxonomy":"product_tag","embeddable":true,"href":"https:\/\/roveyayinevi.com.tr\/index.php\/wp-json\/wp\/v2\/product_tag?post=728341"}],"curies":[{"name":"wp","href":"https:\/\/api.w.org\/{rel}","templated":true}]}}