{"id":728336,"date":"2025-08-27T20:37:32","date_gmt":"2025-08-27T17:37:32","guid":{"rendered":"https:\/\/roveyayinevi.com.tr\/index.php\/urun\/hepsi-bir-hikaye\/"},"modified":"2026-04-16T02:35:58","modified_gmt":"2026-04-15T23:35:58","slug":"hepsi-bir-hikaye","status":"publish","type":"product","link":"https:\/\/roveyayinevi.com.tr\/index.php\/urun\/hepsi-bir-hikaye\/","title":{"rendered":"Hepsi Bir Hikaye"},"content":{"rendered":"<p>Raflar\u0131n aras\u0131nda bir \u00e7ocuk, ilgisini \u00e7eken bir kitap bulmu\u015f, sakin sakin okuyordu. Onu g\u00f6ren, b\u00f6yle sanabilirdi, ama oturdu\u011fu yerde kitaba dalm\u0131\u015f \u00e7ocu\u011fun ba\u015f\u0131na t\u00fcrl\u00fc \u015feyler geliyordu asl\u0131nda: Az kals\u0131n bir bebek ejderha taraf\u0131ndan ezilecekken, az kals\u0131n bir uzaygemisi taraf\u0131ndan&#8230; Yok daha neler! Onca heyecana kar\u015f\u0131n, \u00e7ocuk \u00e7ok da mutlu g\u00f6r\u00fcn\u00fcyordu!<\/p>\n","protected":false},"excerpt":{"rendered":"<p>Raflar\u0131n aras\u0131nda bir \u00e7ocuk, ilgisini \u00e7eken bir kitap bulmu\u015f, sakin sakin okuyordu. Onu g\u00f6ren, b\u00f6yle sanabilirdi, ama oturdu\u011fu yerde kitaba dalm\u0131\u015f \u00e7ocu\u011fun ba\u015f\u0131na t\u00fcrl\u00fc \u015feyler geliyordu<span class=\"excerpt-hellip\"> [\u2026]<\/span><\/p>\n","protected":false},"featured_media":0,"template":"","meta":{"_monsterinsights_skip_tracking":false,"_monsterinsights_sitenote_active":false,"_monsterinsights_sitenote_note":"","_monsterinsights_sitenote_category":0},"product_brand":[],"product_cat":[12275,12274],"product_tag":[],"class_list":{"0":"post-728336","1":"product","2":"type-product","3":"status-publish","5":"product_cat-6-12-yas-kitaplari","6":"product_cat-cocuk-ve-genclik-kitaplari","7":"pa_cilt-ciltsiz","8":"pa_tur-kitap","9":"pa_yayinevi-gunisigi-kitapligi","10":"pa_yazar-jeff-mack","12":"first","13":"instock","14":"sale","15":"shipping-taxable","16":"purchasable","17":"product-type-simple"},"_links":{"self":[{"href":"https:\/\/roveyayinevi.com.tr\/index.php\/wp-json\/wp\/v2\/product\/728336","targetHints":{"allow":["GET"]}}],"collection":[{"href":"https:\/\/roveyayinevi.com.tr\/index.php\/wp-json\/wp\/v2\/product"}],"about":[{"href":"https:\/\/roveyayinevi.com.tr\/index.php\/wp-json\/wp\/v2\/types\/product"}],"wp:attachment":[{"href":"https:\/\/roveyayinevi.com.tr\/index.php\/wp-json\/wp\/v2\/media?parent=728336"}],"wp:term":[{"taxonomy":"product_brand","embeddable":true,"href":"https:\/\/roveyayinevi.com.tr\/index.php\/wp-json\/wp\/v2\/product_brand?post=728336"},{"taxonomy":"product_cat","embeddable":true,"href":"https:\/\/roveyayinevi.com.tr\/index.php\/wp-json\/wp\/v2\/product_cat?post=728336"},{"taxonomy":"product_tag","embeddable":true,"href":"https:\/\/roveyayinevi.com.tr\/index.php\/wp-json\/wp\/v2\/product_tag?post=728336"}],"curies":[{"name":"wp","href":"https:\/\/api.w.org\/{rel}","templated":true}]}}