{"id":728335,"date":"2025-08-27T20:37:32","date_gmt":"2025-08-27T17:37:32","guid":{"rendered":"https:\/\/roveyayinevi.com.tr\/index.php\/urun\/osmanli-devletinin-diplomasi-tarihi-makaleler-1\/"},"modified":"2026-04-16T02:35:58","modified_gmt":"2026-04-15T23:35:58","slug":"osmanli-devletinin-diplomasi-tarihi-makaleler-1","status":"publish","type":"product","link":"https:\/\/roveyayinevi.com.tr\/index.php\/urun\/osmanli-devletinin-diplomasi-tarihi-makaleler-1\/","title":{"rendered":"Osmanl\u0131 Devleti\u2019nin  Diplomasi Tarihi Makaleler-1"},"content":{"rendered":"<p>Osmanl\u0131 diplomasisi, Osmanl\u0131 Devleti\u2019nin uzun s\u00fcren siyasi tarihi boyunca di\u011fer devletlerle olan m\u00fcnasebetlerinin derinliklerini inceleyen \u00f6zel bir ilgi alan\u0131d\u0131r. Bu alan\u0131n kendi i\u00e7erisinde \u00e7ok \u00e7e\u015fitli \u00e7al\u0131\u015fma alanlar\u0131 bulunmaktad\u0131r. G\u00fcn\u00fcm\u00fczde gerek \u00fclkemizde gerekse yurtd\u0131\u015f\u0131nda Osmanl\u0131 diplomasi tarihi ile ilgili bir\u00e7ok \u00e7al\u0131\u015fma y\u00fcr\u00fct\u00fclmekte ve Osmanl\u0131 Devleti\u2019nin y\u00fczlerce y\u0131l s\u00fcren \u00f6mr\u00fcn\u00fcn arkas\u0131ndaki en \u00f6nemli unsurlardan birisi olan diplomasi anlay\u0131\u015f\u0131 ortaya konulmaktad\u0131r. Bu d\u00fc\u015f\u00fcncelerden hareket edilerek haz\u0131rlanan kitapta kronolojik bir seyir takip edilmek suretiyle okuyucuya Osmanl\u0131 diplomasisi ile ilgili \u00f6zg\u00fcn ve nitelikli bilgiler sunulmu\u015ftur. Diplomasi alan\u0131nda \u00e7al\u0131\u015fan akademisyenlerin katk\u0131lar\u0131yla olu\u015fturulan \u201cOsmanl\u0131 Devleti\u2019nin Diplomasi Tarihi: Makaleler 1\u201d adl\u0131 eser, toplamda on \u00fc\u00e7 adet b\u00f6l\u00fcmden olu\u015fmaktad\u0131r. Her b\u00f6l\u00fcm\u00fcn kendi i\u00e7erisinde dipnotlar\u0131n\u0131n yer ald\u0131\u011f\u0131 kitapta, b\u00f6l\u00fcmlerin sonlar\u0131nda yine ilgili b\u00f6l\u00fcm\u00fcn kaynak\u00e7as\u0131 verilmi\u015f olup, baz\u0131 b\u00f6l\u00fcmlerin sonlar\u0131na ekler k\u0131sm\u0131 ilave edilmi\u015ftir. <\/p>\n","protected":false},"excerpt":{"rendered":"<p>Osmanl\u0131 diplomasisi, Osmanl\u0131 Devleti\u2019nin uzun s\u00fcren siyasi tarihi boyunca di\u011fer devletlerle olan m\u00fcnasebetlerinin derinliklerini inceleyen \u00f6zel bir ilgi alan\u0131d\u0131r. Bu alan\u0131n kendi i\u00e7erisinde \u00e7ok \u00e7e\u015fitli \u00e7al\u0131\u015fma<span class=\"excerpt-hellip\"> [\u2026]<\/span><\/p>\n","protected":false},"featured_media":0,"template":"","meta":{"_monsterinsights_skip_tracking":false,"_monsterinsights_sitenote_active":false,"_monsterinsights_sitenote_note":"","_monsterinsights_sitenote_category":0},"product_brand":[],"product_cat":[13517,12304],"product_tag":[],"class_list":{"0":"post-728335","1":"product","2":"type-product","3":"status-publish","5":"product_cat-osmanli-tarihi","6":"product_cat-tarih","7":"pa_cilt-ciltsiz","8":"pa_tur-kitap","9":"pa_yayinevi-altinordu-yayinlari","10":"pa_yazar-altinordu-yayinlari-kolektif","12":"first","13":"instock","14":"sale","15":"shipping-taxable","16":"purchasable","17":"product-type-simple"},"_links":{"self":[{"href":"https:\/\/roveyayinevi.com.tr\/index.php\/wp-json\/wp\/v2\/product\/728335","targetHints":{"allow":["GET"]}}],"collection":[{"href":"https:\/\/roveyayinevi.com.tr\/index.php\/wp-json\/wp\/v2\/product"}],"about":[{"href":"https:\/\/roveyayinevi.com.tr\/index.php\/wp-json\/wp\/v2\/types\/product"}],"wp:attachment":[{"href":"https:\/\/roveyayinevi.com.tr\/index.php\/wp-json\/wp\/v2\/media?parent=728335"}],"wp:term":[{"taxonomy":"product_brand","embeddable":true,"href":"https:\/\/roveyayinevi.com.tr\/index.php\/wp-json\/wp\/v2\/product_brand?post=728335"},{"taxonomy":"product_cat","embeddable":true,"href":"https:\/\/roveyayinevi.com.tr\/index.php\/wp-json\/wp\/v2\/product_cat?post=728335"},{"taxonomy":"product_tag","embeddable":true,"href":"https:\/\/roveyayinevi.com.tr\/index.php\/wp-json\/wp\/v2\/product_tag?post=728335"}],"curies":[{"name":"wp","href":"https:\/\/api.w.org\/{rel}","templated":true}]}}