{"id":728334,"date":"2025-08-27T20:37:31","date_gmt":"2025-08-27T17:37:31","guid":{"rendered":"https:\/\/roveyayinevi.com.tr\/index.php\/urun\/medeniyet-tartismalari\/"},"modified":"2026-04-16T02:35:58","modified_gmt":"2026-04-15T23:35:58","slug":"medeniyet-tartismalari","status":"publish","type":"product","link":"https:\/\/roveyayinevi.com.tr\/index.php\/urun\/medeniyet-tartismalari\/","title":{"rendered":"Medeniyet Tart\u0131\u015fmalar\u0131"},"content":{"rendered":"<p>Gerek geride b\u0131rakt\u0131\u011f\u0131m\u0131z \u00e7a\u011fa y\u00f6nelik \u00e7al\u0131\u015fmalar\u0131m\u0131z gerekse bilim ve felsefe dili olarak T\u00fcrk\u00e7enin imk\u00e2n\u0131na y\u00f6nelik incelemelerimiz \u00fclkemizde medeniyet alg\u0131s\u0131n\u0131n bir netlik arz etmedi\u011fi ve bu belirsizli\u011fin hem sosyal hem de siyasi yans\u0131malar\u0131n\u0131n, \u201cdilda\u015f\u201d olanlar\u0131n dahi kutupla\u015fmas\u0131na sebep oldu\u011fu tespitine g\u00f6t\u00fcrd\u00fc. \u0130\u015fin bir ucundan tutmak ad\u0131na \u201cNe yapabiliriz?\u201d sorusunu sordu\u011fumuzda \u201cMEDEN\u0130YET TARTI\u015eMALARI: T\u00fcrk Milliyet\u00e7isi Akademisyenlerin Bak\u0131\u015f\u0131\u201d i\u015fin bir ucu olarak ortaya \u00e7\u0131kt\u0131. Farkl\u0131 cenahlarda tart\u0131\u015f\u0131lan \u201cmedeniyet\u201d konusunda T\u00fcrk Milliyet\u00e7ilerinin g\u00f6r\u00fc\u015flerini yans\u0131tan derli toplu bir \u00e7al\u0131\u015fma sunmak i\u00e7in yola \u00e7\u0131kt\u0131k. B\u00f6ylece farkl\u0131 alanlardan T\u00fcrk Milliyet\u00e7isi akademisyenleri \u00e7al\u0131\u015fmam\u0131za katk\u0131 sunmaya davet ettik. \u201c\u0130nsanl\u0131k hali\u201d denilen baz\u0131 sebeplerden ve \u00e7al\u0131\u015fmam\u0131z\u0131 haz\u0131rlad\u0131\u011f\u0131m\u0131z 2020 y\u0131l\u0131n\u0131n d\u00fcnya genelindeki \u00f6zel ko\u015fullar\u0131ndan dolay\u0131 baz\u0131 hocalar\u0131m\u0131z yaz\u0131lar\u0131n\u0131 bu kitap i\u00e7in g\u00f6nderemediler; ancak onlar\u0131n da beyan etti\u011fi \u00fczere, in\u015fallah, tart\u0131\u015fmalar serisinin ikinci kitab\u0131nda onlar\u0131n da konuyla ilgili g\u00f6r\u00fc\u015flerini okuyabilece\u011fiz. Yine \u00e7al\u0131\u015fmam\u0131zda bir eksiklik olarak de\u011ferlendirilebilecek ve ele\u015ftirilebilecek nokta, kad\u0131n akademisyenlerimize ula\u015fmadaki eksikli\u011fimiz oldu. Dolay\u0131s\u0131yla, belki bizim de eksikli\u011fimiz nedeniyle, T\u00fcrk Milliyet\u00e7isi camian\u0131n \u201ceril g\u00f6r\u00fcnt\u00fcs\u00fc\u201d \u00e7al\u0131\u015fmaya da yans\u0131d\u0131. Yine bu eksikli\u011fi de bir sonraki kitapta gidermeyi planl\u0131yoruz.\u00c7al\u0131\u015fmam\u0131zda bize makale g\u00f6ndererek katk\u0131 sa\u011flayan de\u011ferli akademisyenlere te\u015fekk\u00fcr\u00fc bir bor\u00e7 biliriz <\/p>\n","protected":false},"excerpt":{"rendered":"<p>Gerek geride b\u0131rakt\u0131\u011f\u0131m\u0131z \u00e7a\u011fa y\u00f6nelik \u00e7al\u0131\u015fmalar\u0131m\u0131z gerekse bilim ve felsefe dili olarak T\u00fcrk\u00e7enin imk\u00e2n\u0131na y\u00f6nelik incelemelerimiz \u00fclkemizde medeniyet alg\u0131s\u0131n\u0131n bir netlik arz etmedi\u011fi ve bu belirsizli\u011fin<span class=\"excerpt-hellip\"> [\u2026]<\/span><\/p>\n","protected":false},"featured_media":0,"template":"","meta":{"_monsterinsights_skip_tracking":false,"_monsterinsights_sitenote_active":false,"_monsterinsights_sitenote_note":"","_monsterinsights_sitenote_category":0},"product_brand":[],"product_cat":[15563,24020],"product_tag":[],"class_list":{"0":"post-728334","1":"product","2":"type-product","3":"status-publish","5":"product_cat-hobi","6":"product_cat-kultur","7":"pa_cilt-ciltsiz","8":"pa_tur-kitap","9":"pa_yayinevi-altinordu-yayinlari","10":"pa_yazar-altinordu-yayinlari-kolektif","12":"first","13":"instock","14":"sale","15":"shipping-taxable","16":"purchasable","17":"product-type-simple"},"_links":{"self":[{"href":"https:\/\/roveyayinevi.com.tr\/index.php\/wp-json\/wp\/v2\/product\/728334","targetHints":{"allow":["GET"]}}],"collection":[{"href":"https:\/\/roveyayinevi.com.tr\/index.php\/wp-json\/wp\/v2\/product"}],"about":[{"href":"https:\/\/roveyayinevi.com.tr\/index.php\/wp-json\/wp\/v2\/types\/product"}],"wp:attachment":[{"href":"https:\/\/roveyayinevi.com.tr\/index.php\/wp-json\/wp\/v2\/media?parent=728334"}],"wp:term":[{"taxonomy":"product_brand","embeddable":true,"href":"https:\/\/roveyayinevi.com.tr\/index.php\/wp-json\/wp\/v2\/product_brand?post=728334"},{"taxonomy":"product_cat","embeddable":true,"href":"https:\/\/roveyayinevi.com.tr\/index.php\/wp-json\/wp\/v2\/product_cat?post=728334"},{"taxonomy":"product_tag","embeddable":true,"href":"https:\/\/roveyayinevi.com.tr\/index.php\/wp-json\/wp\/v2\/product_tag?post=728334"}],"curies":[{"name":"wp","href":"https:\/\/api.w.org\/{rel}","templated":true}]}}