{"id":728331,"date":"2025-08-27T20:37:28","date_gmt":"2025-08-27T17:37:28","guid":{"rendered":"https:\/\/roveyayinevi.com.tr\/index.php\/urun\/cilgin-deneyler-ciltli\/"},"modified":"2026-04-16T02:35:58","modified_gmt":"2026-04-15T23:35:58","slug":"cilgin-deneyler-ciltli","status":"publish","type":"product","link":"https:\/\/roveyayinevi.com.tr\/index.php\/urun\/cilgin-deneyler-ciltli\/","title":{"rendered":"\u00c7\u0131lg\u0131n Deneyler (Ciltli)"},"content":{"rendered":"<p>Y\u0131ld\u0131r\u0131m\u0131 \u015fi\u015fenin i\u00e7erisine hapsetmek m\u00fcmk\u00fcn m\u00fc?Ate\u015fin g\u00f6lgesi olur mu?Cern deneyinin amac\u0131 D\u00fcnya\u2019y\u0131 yok etmek miydi?Suda 88 defa ta\u015f sektiren adam\u0131 hi\u00e7 duydunuz mu?Tesla\u2019n\u0131n sihirli lambas\u0131ndan siz de yapabilir misiniz?Edison\u2019un \u00e7\u0131ld\u0131rtan deneyleri\u2026 S\u00fcrekli patlayan laboratuvar\u0131n s\u0131rr\u0131\u2026Evde yapabilece\u011finiz m\u00fcthi\u015f deneyler\u2026Ve onlarca ilgin\u00e7 ve onlarca \u00e7\u0131lg\u0131n bilgi\u2026\u201c\u00c7ILGIN DENEYLER\u201d B\u0130R HAR\u0130KA\u2026 <\/p>\n","protected":false},"excerpt":{"rendered":"<p>Y\u0131ld\u0131r\u0131m\u0131 \u015fi\u015fenin i\u00e7erisine hapsetmek m\u00fcmk\u00fcn m\u00fc?Ate\u015fin g\u00f6lgesi olur mu?Cern deneyinin amac\u0131 D\u00fcnya\u2019y\u0131 yok etmek miydi?Suda 88 defa ta\u015f sektiren adam\u0131 hi\u00e7 duydunuz mu?Tesla\u2019n\u0131n sihirli lambas\u0131ndan siz<span class=\"excerpt-hellip\"> [\u2026]<\/span><\/p>\n","protected":false},"featured_media":0,"template":"","meta":{"_monsterinsights_skip_tracking":false,"_monsterinsights_sitenote_active":false,"_monsterinsights_sitenote_note":"","_monsterinsights_sitenote_category":0},"product_brand":[],"product_cat":[12275,12274],"product_tag":[],"class_list":{"0":"post-728331","1":"product","2":"type-product","3":"status-publish","5":"product_cat-6-12-yas-kitaplari","6":"product_cat-cocuk-ve-genclik-kitaplari","7":"pa_cilt-ciltli","8":"pa_tur-kitap","9":"pa_yayinevi-nesil-genc","10":"pa_yazar-yusuf-asal","12":"first","13":"instock","14":"sale","15":"shipping-taxable","16":"purchasable","17":"product-type-simple"},"_links":{"self":[{"href":"https:\/\/roveyayinevi.com.tr\/index.php\/wp-json\/wp\/v2\/product\/728331","targetHints":{"allow":["GET"]}}],"collection":[{"href":"https:\/\/roveyayinevi.com.tr\/index.php\/wp-json\/wp\/v2\/product"}],"about":[{"href":"https:\/\/roveyayinevi.com.tr\/index.php\/wp-json\/wp\/v2\/types\/product"}],"wp:attachment":[{"href":"https:\/\/roveyayinevi.com.tr\/index.php\/wp-json\/wp\/v2\/media?parent=728331"}],"wp:term":[{"taxonomy":"product_brand","embeddable":true,"href":"https:\/\/roveyayinevi.com.tr\/index.php\/wp-json\/wp\/v2\/product_brand?post=728331"},{"taxonomy":"product_cat","embeddable":true,"href":"https:\/\/roveyayinevi.com.tr\/index.php\/wp-json\/wp\/v2\/product_cat?post=728331"},{"taxonomy":"product_tag","embeddable":true,"href":"https:\/\/roveyayinevi.com.tr\/index.php\/wp-json\/wp\/v2\/product_tag?post=728331"}],"curies":[{"name":"wp","href":"https:\/\/api.w.org\/{rel}","templated":true}]}}