{"id":728330,"date":"2025-08-27T20:37:27","date_gmt":"2025-08-27T17:37:27","guid":{"rendered":"https:\/\/roveyayinevi.com.tr\/index.php\/urun\/sosyoloji-tarihi-6\/"},"modified":"2026-04-16T02:35:58","modified_gmt":"2026-04-15T23:35:58","slug":"sosyoloji-tarihi-6","status":"publish","type":"product","link":"https:\/\/roveyayinevi.com.tr\/index.php\/urun\/sosyoloji-tarihi-6\/","title":{"rendered":"Sosyoloji Tarihi 6"},"content":{"rendered":"<p>Bu eserde, sosyolojinin kurucu babalar\u0131, sosyolojik d\u00fc\u015f\u00fcncenin ustalar\u0131 ve \u00e7a\u011fda\u015f sosyologlar\u0131n \u00f6nc\u00fcleri olan Pareto, Malinowski, Mead ve Park, sosyoloji tarihi \u00e7er\u00e7evesinde kapsaml\u0131 bir ara\u015ft\u0131rma sonucunda T\u00fcrkiye&#8217;de ilk kez bir araya geliyor. Bu kitapta, b\u00fcy\u00fck fikir insanlar\u0131 olan Pareto, Malinowski, Mead ve Park&#8217;\u0131n entelekt\u00fcel portreleri, metodolojileri, sosyal teorileri ve sosyolojik d\u00fc\u015f\u00fcnceye katk\u0131lar\u0131 detayl\u0131 bir bi\u00e7imde tahlil edilmi\u015ftir. Bu metinde, Pareto, Malinowski, Mead ve Park&#8217;\u0131n makro sosyoloji gelene\u011fi ile mikro sosyoloji \u00e7izgisini ili\u015fkilendiren sosyoloji anlay\u0131\u015flar\u0131 ve onlar\u0131n ana eserleri dikkate al\u0131nd\u0131\u011f\u0131nda sosyolojinin teorik ve metodolojik g\u00f6vdesinin, \u00e7a\u011f\u0131m\u0131z\u0131n ruhunun ve baz\u0131 temel problemlerinin daha do\u011fru anla\u015f\u0131labilece\u011fi iddia edilmi\u015ftir. Pareto, Malinowski, Mead ve Park&#8217;\u0131n temel sosyolojik fikirlerini merak edenlere\u2026 Sosyoloji tarihini yeniden ke\u015ffetmeyi arzulayanlara\u2026 Sosyolojiye daha geni\u015f bir perspektiften bakmay\u0131 \u00f6nemseyenlere\u2026 Sosyolojinin kronik krizleri \u00fczerine d\u00fc\u015f\u00fcnmek ve onlara \u00e7\u00f6z\u00fcm \u00fcretmek isteyenlere&#8230; Sosyolojik metodolojiyi ve sosyal teoriyi ciddiye alanlara\u2026 \u00c7a\u011f\u0131m\u0131z\u0131n ruhunu do\u011fru anlamak isteyenlere\u2026 <\/p>\n","protected":false},"excerpt":{"rendered":"<p>Bu eserde, sosyolojinin kurucu babalar\u0131, sosyolojik d\u00fc\u015f\u00fcncenin ustalar\u0131 ve \u00e7a\u011fda\u015f sosyologlar\u0131n \u00f6nc\u00fcleri olan Pareto, Malinowski, Mead ve Park, sosyoloji tarihi \u00e7er\u00e7evesinde kapsaml\u0131 bir ara\u015ft\u0131rma sonucunda T\u00fcrkiye&#8217;de<span class=\"excerpt-hellip\"> [\u2026]<\/span><\/p>\n","protected":false},"featured_media":0,"template":"","meta":{"_monsterinsights_skip_tracking":false,"_monsterinsights_sitenote_active":false,"_monsterinsights_sitenote_note":"","_monsterinsights_sitenote_category":0},"product_brand":[],"product_cat":[12835,12324],"product_tag":[],"class_list":{"0":"post-728330","1":"product","2":"type-product","3":"status-publish","5":"product_cat-genel-sosyoloji","6":"product_cat-sosyoloji","7":"pa_cilt-ciltsiz","8":"pa_tur-kitap","9":"pa_yayinevi-ani-yayincilik","10":"pa_yazar-sezgin-kizilcelik","12":"first","13":"instock","14":"sale","15":"shipping-taxable","16":"purchasable","17":"product-type-simple"},"_links":{"self":[{"href":"https:\/\/roveyayinevi.com.tr\/index.php\/wp-json\/wp\/v2\/product\/728330","targetHints":{"allow":["GET"]}}],"collection":[{"href":"https:\/\/roveyayinevi.com.tr\/index.php\/wp-json\/wp\/v2\/product"}],"about":[{"href":"https:\/\/roveyayinevi.com.tr\/index.php\/wp-json\/wp\/v2\/types\/product"}],"wp:attachment":[{"href":"https:\/\/roveyayinevi.com.tr\/index.php\/wp-json\/wp\/v2\/media?parent=728330"}],"wp:term":[{"taxonomy":"product_brand","embeddable":true,"href":"https:\/\/roveyayinevi.com.tr\/index.php\/wp-json\/wp\/v2\/product_brand?post=728330"},{"taxonomy":"product_cat","embeddable":true,"href":"https:\/\/roveyayinevi.com.tr\/index.php\/wp-json\/wp\/v2\/product_cat?post=728330"},{"taxonomy":"product_tag","embeddable":true,"href":"https:\/\/roveyayinevi.com.tr\/index.php\/wp-json\/wp\/v2\/product_tag?post=728330"}],"curies":[{"name":"wp","href":"https:\/\/api.w.org\/{rel}","templated":true}]}}