{"id":728329,"date":"2025-08-27T20:37:26","date_gmt":"2025-08-27T17:37:26","guid":{"rendered":"https:\/\/roveyayinevi.com.tr\/index.php\/urun\/host\/"},"modified":"2026-04-16T02:35:58","modified_gmt":"2026-04-15T23:35:58","slug":"host","status":"publish","type":"product","link":"https:\/\/roveyayinevi.com.tr\/index.php\/urun\/host\/","title":{"rendered":"Ho\u015ft"},"content":{"rendered":"<p>Ho\u015ft, insan\u0131n i\u00e7indeki melekle oldu\u011fu kadar \u015feytanla da tan\u0131\u015fm\u0131\u015f ancak ondan bir t\u00fcrl\u00fc y\u00fcz \u00e7evirememi\u015f bir sokak k\u00f6pe\u011finin, Ceviz\u2019in hik\u00e2yesi. \u0130lk elden, ilk g\u00f6zden, ilk a\u011fz\u0131ndan\u2026 Karn\u0131n\u0131 bir nebze olsun doyurabilmek niyetiyle yana\u015ft\u0131\u011f\u0131 insan\u0131n sald\u0131r\u0131s\u0131na u\u011frad\u0131\u011f\u0131 anda duydu\u011fu bir kelimenin etraf\u0131nda \u015fekillenen anlarda ve sonras\u0131nda kendini, hayat\u0131 sorgulad\u0131\u011f\u0131; \u00f6zg\u00fcrl\u00fck, sahiplik, sadakat gibi kavramlar \u00fczerine d\u00fc\u015f\u00fcnd\u00fcren bir roman. Burak \u0130hsan\u2019\u0131n s\u00f6zc\u00fckleri incelikle dizdi\u011fi bu etkileyici roman\u0131 elinizden b\u0131rakmak istemeyeceksiniz. \u201cBizi bir a\u015fa\u011f\u0131lama, k\u00fc\u00e7\u00fcmseme, hakaret etme arac\u0131 olarak kullan\u0131r insanlar. Serseri olana it derler mesela, sad\u0131k olana k\u00f6pekle\u015fmi\u015f; d\u00fc\u015fk\u00fcn olanlar h\u00e2limiz itten beter derler ya, neymi\u015f bizim h\u00e2limiz? Yahut h\u00e2line k\u00f6pekler g\u00fcler derler ki, bizde d\u00fc\u015fene g\u00fclmek de, tekme atmak da yoktur h\u00e2lbuki.\u201d <\/p>\n","protected":false},"excerpt":{"rendered":"<p>Ho\u015ft, insan\u0131n i\u00e7indeki melekle oldu\u011fu kadar \u015feytanla da tan\u0131\u015fm\u0131\u015f ancak ondan bir t\u00fcrl\u00fc y\u00fcz \u00e7evirememi\u015f bir sokak k\u00f6pe\u011finin, Ceviz\u2019in hik\u00e2yesi. \u0130lk elden, ilk g\u00f6zden, ilk a\u011fz\u0131ndan\u2026<span class=\"excerpt-hellip\"> [\u2026]<\/span><\/p>\n","protected":false},"featured_media":0,"template":"","meta":{"_monsterinsights_skip_tracking":false,"_monsterinsights_sitenote_active":false,"_monsterinsights_sitenote_note":"","_monsterinsights_sitenote_category":0},"product_brand":[],"product_cat":[12291,12711],"product_tag":[],"class_list":{"0":"post-728329","1":"product","2":"type-product","3":"status-publish","5":"product_cat-edebiyat","6":"product_cat-roman-oyku","7":"pa_cilt-ciltsiz","8":"pa_tur-kitap","9":"pa_yayinevi-eksik-parca-yayinlari","10":"pa_yazar-burak-ihsan","12":"first","13":"instock","14":"sale","15":"shipping-taxable","16":"purchasable","17":"product-type-simple"},"_links":{"self":[{"href":"https:\/\/roveyayinevi.com.tr\/index.php\/wp-json\/wp\/v2\/product\/728329","targetHints":{"allow":["GET"]}}],"collection":[{"href":"https:\/\/roveyayinevi.com.tr\/index.php\/wp-json\/wp\/v2\/product"}],"about":[{"href":"https:\/\/roveyayinevi.com.tr\/index.php\/wp-json\/wp\/v2\/types\/product"}],"wp:attachment":[{"href":"https:\/\/roveyayinevi.com.tr\/index.php\/wp-json\/wp\/v2\/media?parent=728329"}],"wp:term":[{"taxonomy":"product_brand","embeddable":true,"href":"https:\/\/roveyayinevi.com.tr\/index.php\/wp-json\/wp\/v2\/product_brand?post=728329"},{"taxonomy":"product_cat","embeddable":true,"href":"https:\/\/roveyayinevi.com.tr\/index.php\/wp-json\/wp\/v2\/product_cat?post=728329"},{"taxonomy":"product_tag","embeddable":true,"href":"https:\/\/roveyayinevi.com.tr\/index.php\/wp-json\/wp\/v2\/product_tag?post=728329"}],"curies":[{"name":"wp","href":"https:\/\/api.w.org\/{rel}","templated":true}]}}