{"id":728328,"date":"2025-08-27T20:37:25","date_gmt":"2025-08-27T17:37:25","guid":{"rendered":"https:\/\/roveyayinevi.com.tr\/index.php\/urun\/icinde-bir-sen-1-engerek\/"},"modified":"2026-04-16T02:35:58","modified_gmt":"2026-04-15T23:35:58","slug":"icinde-bir-sen-1-engerek","status":"publish","type":"product","link":"https:\/\/roveyayinevi.com.tr\/index.php\/urun\/icinde-bir-sen-1-engerek\/","title":{"rendered":"\u0130\u00e7inde Bir Sen 1 &#8211; Engerek"},"content":{"rendered":"<p>\u0130\u00c7\u0130NDEK\u0130LER \u00b7         POSTER, \u00b7         AYRA\u00c7, \u00b7         POLARO\u0130D FOTO\u011eRAFLAR HED\u0130YEL\u0130.   Kar f\u0131rt\u0131nas\u0131 \u0130stanbul\u2019u etkisi alt\u0131na almaya devam ediyordu. Kurtlar keskin pen\u00e7eleriyle zihinleri kaz\u0131y\u0131p durdu, y\u0131lanlar kalan zaman\u0131 hat\u0131rlat\u0131rcas\u0131na t\u0131slad\u0131. Y\u0131k\u0131m her y\u0131l Mahinev\u2019in do\u011fum g\u00fcn\u00fcnden hemen \u00f6nce ba\u015flay\u0131p, sonraki birka\u00e7 ay etkilerini devam ettiriyordu. \u015eehre y\u0131lanlar iniyor, saatler duruyor, mant\u0131k \u00e7er\u00e7evesine s\u0131\u011fmayan, a\u00e7\u0131klanmas\u0131 imk\u00e2ns\u0131z olaylar oluyordu. Fakat Mahinev\u2019in yirmi birinci ya\u015f g\u00fcn\u00fcnde her \u015fey daha da karanl\u0131\u011fa s\u00fcr\u00fcklenecekti.   \u015eehri etkisi alt\u0131na alan kar f\u0131rt\u0131nas\u0131, kurtlar\u0131n da \u015fehre indi\u011fi dedikodusunun g\u00fc\u00e7lenmesiyle Mahinev\u2019in hayal olarak nitelendirdi\u011fi g\u00f6r\u00fcler t\u00fcm bu olay a\u011f\u0131yla b\u00fct\u00fcnle\u015fir. Yoksa t\u00fcm bunlar Mahinev\u2019in do\u011fumuyla m\u0131 ilgilidir? Mahinev\u2019in s\u0131rlarla dolu bir sand\u0131\u011fa benzetti\u011fi babaannesi, Mahinev\u2019in yirmi birinci do\u011fum g\u00fcn\u00fcnde ona bir kitap hediye eder. O gece zifiri karanl\u0131k, k\u0131z\u0131l \u015fafak ile birle\u015firken Mahinev kitab\u0131n kapa\u011f\u0131n\u0131 a\u00e7t\u0131\u011f\u0131nda, art\u0131k hi\u00e7bir \u015fey eskisi gibi olmayacakt\u0131r. Ya\u015fad\u0131\u011f\u0131 d\u00fcnyada izine daha \u00f6nce hi\u00e7 rastlanmam\u0131\u015f bir \u015fehirde, farkl\u0131 bir boyutta, tehlikeli bir adam\u0131n kollar\u0131nda, akl\u0131n\u0131 par\u00e7alara ay\u0131racak bir olay d\u00fc\u011f\u00fcm\u00fcn\u00fcn i\u00e7inde m\u00fccadelesi ba\u015flayan Mahinev\u2019in \u00e7\u00f6zmesi gereken bir\u00e7ok s\u0131r vard\u0131r ve ona yava\u015f yava\u015f dolanarak t\u00fcm benli\u011fini ele ge\u00e7irip d\u00fc\u011f\u00fcm olu\u015fturan bir a\u015fk\u0131n pen\u00e7esine d\u00fc\u015fmek \u00fczeredir. <\/p>\n","protected":false},"excerpt":{"rendered":"<p>\u0130\u00c7\u0130NDEK\u0130LER \u00b7 POSTER, \u00b7 AYRA\u00c7, \u00b7 POLARO\u0130D FOTO\u011eRAFLAR HED\u0130YEL\u0130. Kar f\u0131rt\u0131nas\u0131 \u0130stanbul\u2019u etkisi alt\u0131na almaya devam ediyordu. Kurtlar keskin pen\u00e7eleriyle zihinleri kaz\u0131y\u0131p durdu, y\u0131lanlar kalan zaman\u0131<span class=\"excerpt-hellip\"> [\u2026]<\/span><\/p>\n","protected":false},"featured_media":0,"template":"","meta":{"_monsterinsights_skip_tracking":false,"_monsterinsights_sitenote_active":false,"_monsterinsights_sitenote_note":"","_monsterinsights_sitenote_category":0},"product_brand":[],"product_cat":[12291,12711],"product_tag":[],"class_list":{"0":"post-728328","1":"product","2":"type-product","3":"status-publish","5":"product_cat-edebiyat","6":"product_cat-roman-oyku","7":"pa_cilt-ciltsiz","8":"pa_tur-kitap","9":"pa_yayinevi-dokuz-yayinlari","10":"pa_yazar-binnur-safak-nigiz","12":"first","13":"instock","14":"sale","15":"shipping-taxable","16":"purchasable","17":"product-type-simple"},"_links":{"self":[{"href":"https:\/\/roveyayinevi.com.tr\/index.php\/wp-json\/wp\/v2\/product\/728328","targetHints":{"allow":["GET"]}}],"collection":[{"href":"https:\/\/roveyayinevi.com.tr\/index.php\/wp-json\/wp\/v2\/product"}],"about":[{"href":"https:\/\/roveyayinevi.com.tr\/index.php\/wp-json\/wp\/v2\/types\/product"}],"wp:attachment":[{"href":"https:\/\/roveyayinevi.com.tr\/index.php\/wp-json\/wp\/v2\/media?parent=728328"}],"wp:term":[{"taxonomy":"product_brand","embeddable":true,"href":"https:\/\/roveyayinevi.com.tr\/index.php\/wp-json\/wp\/v2\/product_brand?post=728328"},{"taxonomy":"product_cat","embeddable":true,"href":"https:\/\/roveyayinevi.com.tr\/index.php\/wp-json\/wp\/v2\/product_cat?post=728328"},{"taxonomy":"product_tag","embeddable":true,"href":"https:\/\/roveyayinevi.com.tr\/index.php\/wp-json\/wp\/v2\/product_tag?post=728328"}],"curies":[{"name":"wp","href":"https:\/\/api.w.org\/{rel}","templated":true}]}}