{"id":728326,"date":"2025-08-27T20:37:22","date_gmt":"2025-08-27T17:37:22","guid":{"rendered":"https:\/\/roveyayinevi.com.tr\/index.php\/urun\/fil-calan-kiz\/"},"modified":"2026-04-16T02:35:58","modified_gmt":"2026-04-15T23:35:58","slug":"fil-calan-kiz","status":"publish","type":"product","link":"https:\/\/roveyayinevi.com.tr\/index.php\/urun\/fil-calan-kiz\/","title":{"rendered":"Fil \u00c7alan K\u0131z"},"content":{"rendered":"<p>Sri Lanka\u2019n\u0131n yemye\u015fil adalar\u0131ndan birinde ge\u00e7en bu heyecan verici hik\u00e2ye bizi cesur Chaya ile tan\u0131\u015ft\u0131r\u0131yor. K\u00f6ylerinde ya\u015fayan fakirlere yard\u0131m etmek i\u00e7in zenginlerden \u00e7alan gen\u00e7 bir k\u0131z, modern bir Robin Hood. Chaya, arkada\u015flar\u0131n\u0131 ve muhte\u015fem bir fili gizli bir ayaklanman\u0131n ye\u015ferdi\u011fi, s\u00fcl\u00fcklerin pusuda bekledi\u011fi ormanda; g\u00fcr\u00fclt\u00fcl\u00fc, tedirgin, ne\u015feli bir maceraya s\u00fcr\u00fckl\u00fcyor. Bakal\u0131m bu cesur arkada\u015f grubu i\u00e7in krali\u00e7enin m\u00fccevherlerini \u00e7almak her \u015feyin sonu mu yoksa ba\u015flang\u0131c\u0131 m\u0131 olacak? Heyecanla okuyaca\u011f\u0131n\u0131z nefes kesici bir macera sizi bekliyor. <\/p>\n","protected":false},"excerpt":{"rendered":"<p>Sri Lanka\u2019n\u0131n yemye\u015fil adalar\u0131ndan birinde ge\u00e7en bu heyecan verici hik\u00e2ye bizi cesur Chaya ile tan\u0131\u015ft\u0131r\u0131yor. K\u00f6ylerinde ya\u015fayan fakirlere yard\u0131m etmek i\u00e7in zenginlerden \u00e7alan gen\u00e7 bir k\u0131z,<span class=\"excerpt-hellip\"> [\u2026]<\/span><\/p>\n","protected":false},"featured_media":0,"template":"","meta":{"_monsterinsights_skip_tracking":false,"_monsterinsights_sitenote_active":false,"_monsterinsights_sitenote_note":"","_monsterinsights_sitenote_category":0},"product_brand":[],"product_cat":[12274,12284],"product_tag":[],"class_list":{"0":"post-728326","1":"product","2":"type-product","3":"status-publish","5":"product_cat-cocuk-ve-genclik-kitaplari","6":"product_cat-hikayeler","7":"pa_cilt-ciltsiz","8":"pa_tur-kitap","9":"pa_yayinevi-eksik-parca-yayinlari","10":"pa_yazar-nizrana-farook","12":"first","13":"instock","14":"sale","15":"shipping-taxable","16":"purchasable","17":"product-type-simple"},"_links":{"self":[{"href":"https:\/\/roveyayinevi.com.tr\/index.php\/wp-json\/wp\/v2\/product\/728326","targetHints":{"allow":["GET"]}}],"collection":[{"href":"https:\/\/roveyayinevi.com.tr\/index.php\/wp-json\/wp\/v2\/product"}],"about":[{"href":"https:\/\/roveyayinevi.com.tr\/index.php\/wp-json\/wp\/v2\/types\/product"}],"wp:attachment":[{"href":"https:\/\/roveyayinevi.com.tr\/index.php\/wp-json\/wp\/v2\/media?parent=728326"}],"wp:term":[{"taxonomy":"product_brand","embeddable":true,"href":"https:\/\/roveyayinevi.com.tr\/index.php\/wp-json\/wp\/v2\/product_brand?post=728326"},{"taxonomy":"product_cat","embeddable":true,"href":"https:\/\/roveyayinevi.com.tr\/index.php\/wp-json\/wp\/v2\/product_cat?post=728326"},{"taxonomy":"product_tag","embeddable":true,"href":"https:\/\/roveyayinevi.com.tr\/index.php\/wp-json\/wp\/v2\/product_tag?post=728326"}],"curies":[{"name":"wp","href":"https:\/\/api.w.org\/{rel}","templated":true}]}}