{"id":728324,"date":"2025-08-27T20:37:20","date_gmt":"2025-08-27T17:37:20","guid":{"rendered":"https:\/\/roveyayinevi.com.tr\/index.php\/urun\/bos-oda\/"},"modified":"2026-04-16T02:35:58","modified_gmt":"2026-04-15T23:35:58","slug":"bos-oda","status":"publish","type":"product","link":"https:\/\/roveyayinevi.com.tr\/index.php\/urun\/bos-oda\/","title":{"rendered":"Bo\u015f Oda"},"content":{"rendered":"<p>Tek ki\u015fiye kiralanacak \u00e7ift ki\u015filik, g\u00fczel bir oda. Lisa, ge\u00e7mi\u015fi sorunlarla dolu gen\u00e7 bir kad\u0131nd\u0131r. Bir g\u00fcn b\u00fcy\u00fck bir evde; kiral\u0131k, g\u00fczel bir oda bulunca \u015fans\u0131na inanamaz. Ev sahipleri kibar ve misafirperver bir \u00e7ifttir. Lisa ya\u015fad\u0131\u011f\u0131 odada bir intihar notu bulana kadar her \u015fey yolunda gider. Ancak ev sahipleri bu odan\u0131n ilk kirac\u0131s\u0131n\u0131n Lisa oldu\u011fu konusunda \u0131srarc\u0131 olunca, Lisa kendisinden ve buldu\u011fu nottan \u015f\u00fcphe duymaya ba\u015flar. Lisa, bu odada ondan \u00f6nce ya\u015fayan adam\u0131n s\u0131rlar\u0131n\u0131 a\u00e7\u0131\u011fa \u00e7\u0131karma konusunda inat\u00e7\u0131 olunca, esrarengiz olaylar ya\u015fanmaya ba\u015flar. Evin d\u00f6rt duvar\u0131na sinmi\u015f s\u0131rlar giderek Lisa\u2019n\u0131n \u00fczerine kapan\u0131r. Ger\u00e7e\u011fe do\u011fru ilerlerken, kendini neyin ger\u00e7ek oldu\u011funu bir t\u00fcrl\u00fc ay\u0131rt edemedi\u011fi aynalarla dolu bir cehennemde hissetmeye ba\u015flar\u2026 Odan\u0131n ilk kurban\u0131 kimdi? Lisa odan\u0131n s\u0131rr\u0131n\u0131 \u00e7\u00f6zebilecek mi? <\/p>\n","protected":false},"excerpt":{"rendered":"<p>Tek ki\u015fiye kiralanacak \u00e7ift ki\u015filik, g\u00fczel bir oda. Lisa, ge\u00e7mi\u015fi sorunlarla dolu gen\u00e7 bir kad\u0131nd\u0131r. Bir g\u00fcn b\u00fcy\u00fck bir evde; kiral\u0131k, g\u00fczel bir oda bulunca \u015fans\u0131na<span class=\"excerpt-hellip\"> [\u2026]<\/span><\/p>\n","protected":false},"featured_media":0,"template":"","meta":{"_monsterinsights_skip_tracking":false,"_monsterinsights_sitenote_active":false,"_monsterinsights_sitenote_note":"","_monsterinsights_sitenote_category":0},"product_brand":[],"product_cat":[12291,17033],"product_tag":[],"class_list":{"0":"post-728324","1":"product","2":"type-product","3":"status-publish","5":"product_cat-edebiyat","6":"product_cat-korku-gerilim","7":"pa_cilt-ciltsiz","8":"pa_tur-kitap","9":"pa_yayinevi-eksik-parca-yayinlari","10":"pa_yazar-dreda-say-mitchell","12":"first","13":"instock","14":"sale","15":"shipping-taxable","16":"purchasable","17":"product-type-simple"},"_links":{"self":[{"href":"https:\/\/roveyayinevi.com.tr\/index.php\/wp-json\/wp\/v2\/product\/728324","targetHints":{"allow":["GET"]}}],"collection":[{"href":"https:\/\/roveyayinevi.com.tr\/index.php\/wp-json\/wp\/v2\/product"}],"about":[{"href":"https:\/\/roveyayinevi.com.tr\/index.php\/wp-json\/wp\/v2\/types\/product"}],"wp:attachment":[{"href":"https:\/\/roveyayinevi.com.tr\/index.php\/wp-json\/wp\/v2\/media?parent=728324"}],"wp:term":[{"taxonomy":"product_brand","embeddable":true,"href":"https:\/\/roveyayinevi.com.tr\/index.php\/wp-json\/wp\/v2\/product_brand?post=728324"},{"taxonomy":"product_cat","embeddable":true,"href":"https:\/\/roveyayinevi.com.tr\/index.php\/wp-json\/wp\/v2\/product_cat?post=728324"},{"taxonomy":"product_tag","embeddable":true,"href":"https:\/\/roveyayinevi.com.tr\/index.php\/wp-json\/wp\/v2\/product_tag?post=728324"}],"curies":[{"name":"wp","href":"https:\/\/api.w.org\/{rel}","templated":true}]}}