{"id":728323,"date":"2025-08-27T20:37:19","date_gmt":"2025-08-27T17:37:19","guid":{"rendered":"https:\/\/roveyayinevi.com.tr\/index.php\/urun\/new-york-cadilari\/"},"modified":"2026-04-16T02:35:58","modified_gmt":"2026-04-15T23:35:58","slug":"new-york-cadilari","status":"publish","type":"product","link":"https:\/\/roveyayinevi.com.tr\/index.php\/urun\/new-york-cadilari\/","title":{"rendered":"New York Cad\u0131lar\u0131"},"content":{"rendered":"<p>\u201cKader taraf\u0131ndan cad\u0131 se\u00e7ilmek i\u00e7in atalar\u0131n kan\u0131n\u0131n ta\u015f\u0131nmas\u0131 gerekmiyor. Ne v\u00fccutta bir cad\u0131 i\u015faretine, ne ayr\u0131k \u00f6n di\u015flere, ne de \u00e7enede gamzeye gerek var. Bir t\u00fcr \u00f6zlem, i\u00e7ten i\u00e7e duyulan bir t\u00fcr huzursuzluk yeter bunun i\u00e7in.\u201d 1880 \u0130ki cad\u0131, Adelaide Thom ve Eleanor St Clair, Manhattan\u2019da \u015fifa, el fal\u0131 ve iksir \u00fczerine uzmanla\u015fm\u0131\u015f bir \u00e7ayc\u0131 d\u00fckkan\u0131 a\u00e7ar. Bir g\u00fcn Beatrice ad\u0131nda b\u00fcy\u00fcleyici bir kad\u0131n yard\u0131mc\u0131 olarak onlarla bu d\u00fckkanda \u00e7al\u0131\u015fmaya ba\u015flar. Beatrice k\u0131sa bir s\u00fcre sonra bu iki cad\u0131 i\u00e7in vazge\u00e7ilmez olur; ancak buradaki hayat\u0131 tuhaf olaylarla g\u00f6lgelenir. Kimsenin g\u00f6remedi\u011fi \u015feyleri g\u00f6rmeye, kimsenin duymad\u0131\u011f\u0131 sesleri duymaya ba\u015flar\u2026 Birisi ona b\u00fcy\u00fc m\u00fc yapm\u0131\u015ft\u0131r yoksa sadece akl\u0131n\u0131 m\u0131 yitirmektedir? Cad\u0131lar\u0131n yeteneklerini en iyi \u015fekilde nas\u0131l geli\u015ftirebilecekleri konusundaki \u00e7eki\u015fmelerinin ortas\u0131nda, Beatrice ortadan kaybolur. Beatrice kendi iste\u011fiyle mi ortadan kayboldu yoksa biri taraf\u0131ndan m\u0131 ka\u00e7\u0131r\u0131ld\u0131? Kad\u0131nlar\u0131n korse giydirildi\u011fi, hapsedildi\u011fi ve fikirlerini zar zor dile getirebildi\u011fi bir \u00e7a\u011fda ger\u00e7ekten g\u00fcvende olma ihtimalleri s\u00f6z konusu mu? <\/p>\n","protected":false},"excerpt":{"rendered":"<p>\u201cKader taraf\u0131ndan cad\u0131 se\u00e7ilmek i\u00e7in atalar\u0131n kan\u0131n\u0131n ta\u015f\u0131nmas\u0131 gerekmiyor. Ne v\u00fccutta bir cad\u0131 i\u015faretine, ne ayr\u0131k \u00f6n di\u015flere, ne de \u00e7enede gamzeye gerek var. Bir t\u00fcr<span class=\"excerpt-hellip\"> [\u2026]<\/span><\/p>\n","protected":false},"featured_media":0,"template":"","meta":{"_monsterinsights_skip_tracking":false,"_monsterinsights_sitenote_active":false,"_monsterinsights_sitenote_note":"","_monsterinsights_sitenote_category":0},"product_brand":[],"product_cat":[12291,14777],"product_tag":[],"class_list":{"0":"post-728323","1":"product","2":"type-product","3":"status-publish","5":"product_cat-edebiyat","6":"product_cat-fantastik","7":"pa_cilt-ciltsiz","8":"pa_tur-kitap","9":"pa_yayinevi-eksik-parca-yayinlari","10":"pa_yazar-ami-mckay","12":"first","13":"instock","14":"sale","15":"shipping-taxable","16":"purchasable","17":"product-type-simple"},"_links":{"self":[{"href":"https:\/\/roveyayinevi.com.tr\/index.php\/wp-json\/wp\/v2\/product\/728323","targetHints":{"allow":["GET"]}}],"collection":[{"href":"https:\/\/roveyayinevi.com.tr\/index.php\/wp-json\/wp\/v2\/product"}],"about":[{"href":"https:\/\/roveyayinevi.com.tr\/index.php\/wp-json\/wp\/v2\/types\/product"}],"wp:attachment":[{"href":"https:\/\/roveyayinevi.com.tr\/index.php\/wp-json\/wp\/v2\/media?parent=728323"}],"wp:term":[{"taxonomy":"product_brand","embeddable":true,"href":"https:\/\/roveyayinevi.com.tr\/index.php\/wp-json\/wp\/v2\/product_brand?post=728323"},{"taxonomy":"product_cat","embeddable":true,"href":"https:\/\/roveyayinevi.com.tr\/index.php\/wp-json\/wp\/v2\/product_cat?post=728323"},{"taxonomy":"product_tag","embeddable":true,"href":"https:\/\/roveyayinevi.com.tr\/index.php\/wp-json\/wp\/v2\/product_tag?post=728323"}],"curies":[{"name":"wp","href":"https:\/\/api.w.org\/{rel}","templated":true}]}}