{"id":728321,"date":"2025-08-27T20:37:17","date_gmt":"2025-08-27T17:37:17","guid":{"rendered":"https:\/\/roveyayinevi.com.tr\/index.php\/urun\/anadolu-hayali\/"},"modified":"2026-04-16T02:35:58","modified_gmt":"2026-04-15T23:35:58","slug":"anadolu-hayali","status":"publish","type":"product","link":"https:\/\/roveyayinevi.com.tr\/index.php\/urun\/anadolu-hayali\/","title":{"rendered":"Anadolu Hayali"},"content":{"rendered":"<p>Hilmi Ziya \u00dclken\u2019in, 1918-1921 y\u0131llar\u0131 aras\u0131nda, M\u00fclkiye talebeli\u011fi s\u0131ras\u0131nda, kendi ifadesi ile \u201cM\u00fctareke y\u0131llar\u0131n\u0131n yeisli havas\u0131nda\u201d kaleme ald\u0131\u011f\u0131 Anadoluculu\u011fun kurucu metinleri niteli\u011findeki ilk eserleri elinizdeki \u00e7al\u0131\u015fmayla yaz\u0131l\u0131\u015f\u0131ndan y\u00fcz y\u0131l sonra ilk defa yay\u0131nlanm\u0131\u015f bulunuyor. 1918-1919 y\u0131llar\u0131na ait Feryat ve Da\u011f\u0131n\u0131k Par\u00e7alar gen\u00e7 Hilmi Ziya\u2019n\u0131n ilk kalem tecr\u00fcbeleri. Feryat\u2019ta Anadolucu y\u00f6nelimin, M\u00fctareke\u2019nin yol a\u00e7t\u0131\u011f\u0131 \u201ci\u00e7timai katastrof\u201dun tan\u0131kl\u0131\u011f\u0131yla teselli arayan, ac\u0131kl\u0131, duygusal, nihayet \u00fcmitvar bir ifadesiyle kar\u015f\u0131la\u015f\u0131yoruz. Bazen hik\u00e2ye, bazen \u015fiir ve bazen denemeden olu\u015fan Da\u011f\u0131n\u0131k Par\u00e7alar\u2019da ise Anadolu davas\u0131, dil, tarih ve millet bilinci temalar\u0131n\u0131n \u00f6n plana \u00e7\u0131kt\u0131\u011f\u0131 edeb\u00ee par\u00e7alar yer al\u0131yor. Ocak 1920\u2019de tamamlad\u0131\u011f\u0131 Anadolulunun Bug\u00fcnk\u00fc Vazifeleri\u2019nde II. Me\u015frutiyet\u2019in yayg\u0131n ideolojileri olarak \u0130ttihad-\u0131 \u0130sl\u00e2m, Turan, Tanzimat yadig\u00e2r\u0131 Osmanl\u0131c\u0131l\u0131k ve Avrupac\u0131l\u0131k cereyanlar\u0131na kar\u015f\u0131 reaksiyon olarak Anadoluculuk i\u00e7in ideolojik, siyasi ve k\u00fclt\u00fcrel bir deklarasyon, bir program sunuyor. 1921 tarihli Anadolu\u2019nun Hakiki Merkezi\u2019nde bu programda yer alan maddeleri derinle\u015ftirerek Anadolu \u00f6rf\u00fcn\u00fcn k\u00f6klerini ara\u015ft\u0131r\u0131yor ve tarihin derinliklerinden f\u0131rt\u0131nalar yap\u0131p ge\u00e7en bir hayat\u0131n m\u00e2n\u00e2s\u0131n\u0131 \u00e7\u0131karmaya \u00e7al\u0131\u015f\u0131yor.  Anadolu Hayali gen\u00e7 Hilmi Ziya\u2019n\u0131n, karanl\u0131k M\u00fctareke g\u00fcnlerinde, Osmanl\u0131\u2019n\u0131n y\u0131k\u0131l\u0131\u015f\u0131 s\u0131ras\u0131nda Anadolu\u2019da do\u011facak yeni k\u00fclt\u00fcr g\u00fcne\u015finin hayalini kurdu\u011fu tarihsel belge niteli\u011findeki metinleri bir araya getiriyor. <\/p>\n","protected":false},"excerpt":{"rendered":"<p>Hilmi Ziya \u00dclken\u2019in, 1918-1921 y\u0131llar\u0131 aras\u0131nda, M\u00fclkiye talebeli\u011fi s\u0131ras\u0131nda, kendi ifadesi ile \u201cM\u00fctareke y\u0131llar\u0131n\u0131n yeisli havas\u0131nda\u201d kaleme ald\u0131\u011f\u0131 Anadoluculu\u011fun kurucu metinleri niteli\u011findeki ilk eserleri elinizdeki \u00e7al\u0131\u015fmayla<span class=\"excerpt-hellip\"> [\u2026]<\/span><\/p>\n","protected":false},"featured_media":0,"template":"","meta":{"_monsterinsights_skip_tracking":false,"_monsterinsights_sitenote_active":false,"_monsterinsights_sitenote_note":"","_monsterinsights_sitenote_category":0},"product_brand":[],"product_cat":[13946,12304],"product_tag":[],"class_list":{"0":"post-728321","1":"product","2":"type-product","3":"status-publish","5":"product_cat-biyografi-otobiyografi","6":"product_cat-tarih","7":"pa_cilt-ciltsiz","8":"pa_tur-kitap","9":"pa_yayinevi-dogu-bati-yayinlari","10":"pa_yazar-hilmi-ziya-ulken","12":"first","13":"instock","14":"sale","15":"shipping-taxable","16":"purchasable","17":"product-type-simple"},"_links":{"self":[{"href":"https:\/\/roveyayinevi.com.tr\/index.php\/wp-json\/wp\/v2\/product\/728321","targetHints":{"allow":["GET"]}}],"collection":[{"href":"https:\/\/roveyayinevi.com.tr\/index.php\/wp-json\/wp\/v2\/product"}],"about":[{"href":"https:\/\/roveyayinevi.com.tr\/index.php\/wp-json\/wp\/v2\/types\/product"}],"wp:attachment":[{"href":"https:\/\/roveyayinevi.com.tr\/index.php\/wp-json\/wp\/v2\/media?parent=728321"}],"wp:term":[{"taxonomy":"product_brand","embeddable":true,"href":"https:\/\/roveyayinevi.com.tr\/index.php\/wp-json\/wp\/v2\/product_brand?post=728321"},{"taxonomy":"product_cat","embeddable":true,"href":"https:\/\/roveyayinevi.com.tr\/index.php\/wp-json\/wp\/v2\/product_cat?post=728321"},{"taxonomy":"product_tag","embeddable":true,"href":"https:\/\/roveyayinevi.com.tr\/index.php\/wp-json\/wp\/v2\/product_tag?post=728321"}],"curies":[{"name":"wp","href":"https:\/\/api.w.org\/{rel}","templated":true}]}}