{"id":728317,"date":"2025-08-27T20:37:13","date_gmt":"2025-08-27T17:37:13","guid":{"rendered":"https:\/\/roveyayinevi.com.tr\/index.php\/urun\/jamie-drake-denklemi\/"},"modified":"2026-04-16T02:35:58","modified_gmt":"2026-04-15T23:35:58","slug":"jamie-drake-denklemi","status":"publish","type":"product","link":"https:\/\/roveyayinevi.com.tr\/index.php\/urun\/jamie-drake-denklemi\/","title":{"rendered":"Jamie  Drake Denklemi"},"content":{"rendered":"<p>ASTRONOT B\u0130R BABANIZ OLMASI HAR\u0130KA OLMAZ MIYDI? F\u0131rlat\u0131lan roketler, s\u0131f\u0131r yer\u00e7ekimi ve uzayda bir s\u00fcperkahraman gibi u\u00e7mak! Jamie Drake\u2019in babas\u0131 D\u00fcnya\u2019n\u0131n y\u00f6r\u00fcngesindeki Uluslararas\u0131 Uzay \u0130stasyonu\u2019ndayd\u0131. Jamie bunu haval\u0131 bulmal\u0131yd\u0131 asl\u0131nda ama babas\u0131n\u0131 \u00e7ok \u00f6zl\u00fcyordu\u2026 Yerel g\u00f6zlemevinde vakit ge\u00e7irirken Jamie\u2019nin telefonu tuhaf bir sinyal al\u0131verdi. Uzayl\u0131lar, Jamie\u2019nin gezegenine gittik\u00e7e yakla\u015f\u0131yor gibiydi. Ama uzay tehlikeli bir yerdi ve babas\u0131n\u0131n g\u00f6revinde bir \u015feyler ters gitti\u011finde Jamie, kendisinin de bir kahraman oldu\u011funu kan\u0131tlayabilecek miydi? HAYATINDA B\u0130R KEZ B\u0130LE YILDIZLARA BAKMI\u015e HERKES \u0130\u00c7\u0130N KOZM\u0130K B\u0130R MACERA.<\/p>\n","protected":false},"excerpt":{"rendered":"<p>ASTRONOT B\u0130R BABANIZ OLMASI HAR\u0130KA OLMAZ MIYDI? F\u0131rlat\u0131lan roketler, s\u0131f\u0131r yer\u00e7ekimi ve uzayda bir s\u00fcperkahraman gibi u\u00e7mak! Jamie Drake\u2019in babas\u0131 D\u00fcnya\u2019n\u0131n y\u00f6r\u00fcngesindeki Uluslararas\u0131 Uzay \u0130stasyonu\u2019ndayd\u0131. Jamie<span class=\"excerpt-hellip\"> [\u2026]<\/span><\/p>\n","protected":false},"featured_media":0,"template":"","meta":{"_monsterinsights_skip_tracking":false,"_monsterinsights_sitenote_active":false,"_monsterinsights_sitenote_note":"","_monsterinsights_sitenote_category":0},"product_brand":[],"product_cat":[12275,12274],"product_tag":[],"class_list":{"0":"post-728317","1":"product","2":"type-product","3":"status-publish","5":"product_cat-6-12-yas-kitaplari","6":"product_cat-cocuk-ve-genclik-kitaplari","7":"pa_cilt-ciltsiz","8":"pa_tur-kitap","9":"pa_yayinevi-bilgi-yayinevi-cocuk","10":"pa_yazar-christopher-edge","12":"first","13":"instock","14":"sale","15":"shipping-taxable","16":"purchasable","17":"product-type-simple"},"_links":{"self":[{"href":"https:\/\/roveyayinevi.com.tr\/index.php\/wp-json\/wp\/v2\/product\/728317","targetHints":{"allow":["GET"]}}],"collection":[{"href":"https:\/\/roveyayinevi.com.tr\/index.php\/wp-json\/wp\/v2\/product"}],"about":[{"href":"https:\/\/roveyayinevi.com.tr\/index.php\/wp-json\/wp\/v2\/types\/product"}],"wp:attachment":[{"href":"https:\/\/roveyayinevi.com.tr\/index.php\/wp-json\/wp\/v2\/media?parent=728317"}],"wp:term":[{"taxonomy":"product_brand","embeddable":true,"href":"https:\/\/roveyayinevi.com.tr\/index.php\/wp-json\/wp\/v2\/product_brand?post=728317"},{"taxonomy":"product_cat","embeddable":true,"href":"https:\/\/roveyayinevi.com.tr\/index.php\/wp-json\/wp\/v2\/product_cat?post=728317"},{"taxonomy":"product_tag","embeddable":true,"href":"https:\/\/roveyayinevi.com.tr\/index.php\/wp-json\/wp\/v2\/product_tag?post=728317"}],"curies":[{"name":"wp","href":"https:\/\/api.w.org\/{rel}","templated":true}]}}