{"id":728316,"date":"2025-08-27T20:37:12","date_gmt":"2025-08-27T17:37:12","guid":{"rendered":"https:\/\/roveyayinevi.com.tr\/index.php\/urun\/dedem-bir-maymun\/"},"modified":"2026-04-16T02:35:58","modified_gmt":"2026-04-15T23:35:58","slug":"dedem-bir-maymun","status":"publish","type":"product","link":"https:\/\/roveyayinevi.com.tr\/index.php\/urun\/dedem-bir-maymun\/","title":{"rendered":"Dedem Bir Maymun"},"content":{"rendered":"<p>E\u015fref Karada\u011f \u00e7ocuklar\u0131n \u00e7ok sevece\u011fi e\u011flenceli bir romanla kar\u015f\u0131m\u0131zda. B\u00f6l\u00fcm ba\u015fl\u0131klar\u0131ndan birka\u00e7\u0131 \u015f\u00f6yle: Kilerdeki Yarat\u0131k Sand\u0131ktan Y\u0131lan \u00c7\u0131kt\u0131 Salvador Dali Bize Ta\u015f\u0131nd\u0131 Panda Ka\u00e7t\u0131 Kravat Takan A\u011fa\u00e7 <\/p>\n","protected":false},"excerpt":{"rendered":"<p>E\u015fref Karada\u011f \u00e7ocuklar\u0131n \u00e7ok sevece\u011fi e\u011flenceli bir romanla kar\u015f\u0131m\u0131zda. B\u00f6l\u00fcm ba\u015fl\u0131klar\u0131ndan birka\u00e7\u0131 \u015f\u00f6yle: Kilerdeki Yarat\u0131k Sand\u0131ktan Y\u0131lan \u00c7\u0131kt\u0131 Salvador Dali Bize Ta\u015f\u0131nd\u0131 Panda Ka\u00e7t\u0131 Kravat Takan<span class=\"excerpt-hellip\"> [\u2026]<\/span><\/p>\n","protected":false},"featured_media":0,"template":"","meta":{"_monsterinsights_skip_tracking":false,"_monsterinsights_sitenote_active":false,"_monsterinsights_sitenote_note":"","_monsterinsights_sitenote_category":0},"product_brand":[],"product_cat":[12275,12274],"product_tag":[],"class_list":{"0":"post-728316","1":"product","2":"type-product","3":"status-publish","5":"product_cat-6-12-yas-kitaplari","6":"product_cat-cocuk-ve-genclik-kitaplari","7":"pa_cilt-ciltsiz","8":"pa_tur-kitap","9":"pa_yayinevi-bilgi-yayinevi-cocuk","10":"pa_yazar-bilgi-yayinevi-cocuk-kolektif","12":"first","13":"instock","14":"sale","15":"shipping-taxable","16":"purchasable","17":"product-type-simple"},"_links":{"self":[{"href":"https:\/\/roveyayinevi.com.tr\/index.php\/wp-json\/wp\/v2\/product\/728316","targetHints":{"allow":["GET"]}}],"collection":[{"href":"https:\/\/roveyayinevi.com.tr\/index.php\/wp-json\/wp\/v2\/product"}],"about":[{"href":"https:\/\/roveyayinevi.com.tr\/index.php\/wp-json\/wp\/v2\/types\/product"}],"wp:attachment":[{"href":"https:\/\/roveyayinevi.com.tr\/index.php\/wp-json\/wp\/v2\/media?parent=728316"}],"wp:term":[{"taxonomy":"product_brand","embeddable":true,"href":"https:\/\/roveyayinevi.com.tr\/index.php\/wp-json\/wp\/v2\/product_brand?post=728316"},{"taxonomy":"product_cat","embeddable":true,"href":"https:\/\/roveyayinevi.com.tr\/index.php\/wp-json\/wp\/v2\/product_cat?post=728316"},{"taxonomy":"product_tag","embeddable":true,"href":"https:\/\/roveyayinevi.com.tr\/index.php\/wp-json\/wp\/v2\/product_tag?post=728316"}],"curies":[{"name":"wp","href":"https:\/\/api.w.org\/{rel}","templated":true}]}}