{"id":728315,"date":"2025-08-27T20:37:12","date_gmt":"2025-08-27T17:37:12","guid":{"rendered":"https:\/\/roveyayinevi.com.tr\/index.php\/urun\/urfa-ulucami\/"},"modified":"2026-04-16T02:35:58","modified_gmt":"2026-04-15T23:35:58","slug":"urfa-ulucami","status":"publish","type":"product","link":"https:\/\/roveyayinevi.com.tr\/index.php\/urun\/urfa-ulucami\/","title":{"rendered":"Urfa  Ulucami"},"content":{"rendered":"<p>\u0130sl\u00e2m medeniyetinde ilk uluc\u00e2mi, Hz. Peygamber\u2019in (a.s.) ve ash\u00e2b\u0131n\u0131n hicretin birinci y\u0131l\u0131nda in\u015fa etti\u011fi Mescid-i Nebev\u00ee\u2019dir. Bu mescit, daha sonra in\u015fa edilen uluc\u00e2milere \u00f6rnek olmu\u015ftur. Uluc\u00e2mi; \u015fe\u00e2r-i \u0130sl\u00e2miye\u2019dendir ve \u0130sl\u00e2m \u015fehrinin merkez\u00ee mek\u00e2n\u0131, M\u00fcsl\u00fcmanlar\u0131 cuma ve bayram namazlar\u0131 vesilesiyle bir araya getiren en b\u00fcy\u00fck mabet, e\u011fitim-\u00f6\u011fretim ve isti\u015fare mek\u00e2n\u0131d\u0131r. Bu yakla\u015f\u0131m\u0131n bir \u00f6rne\u011fi olan Urfa Uluc\u00e2mi, ilk olarak Hz. \u00d6mer (r.a.) d\u00f6neminde el-Cez\u00eere b\u00f6lge valisi sahibi Sa\u00eed b. \u00c2mir b. Hizyem el-Cumah\u00ee el-Kure\u015f\u00ee taraf\u0131ndan 641 y\u0131l\u0131nda in\u015fa edilmi\u015f ve tarih sahnesindeki yerini alm\u0131\u015ft\u0131r. Minaresi Sel\u00e7uklularca Emir Bozan taraf\u0131ndan yapt\u0131r\u0131lm\u0131\u015ft\u0131r. Minarenin tepesini \u00f6rten kubbe Osmanl\u0131\u2019n\u0131n son d\u00f6nemlerinde y\u0131k\u0131lm\u0131\u015ft\u0131r. Y\u0131k\u0131lan bu kubbenin yerine, 1900\u2019l\u00fc y\u0131llar\u0131n ba\u015f\u0131nda d\u00f6rtgen planl\u0131 bir s\u00e2yeb\u00e2n in\u015fa etmi\u015ftir. Urfa Uluc\u00e2mi\u2019yi bug\u00fcnk\u00fc formda yeniden in\u015fa eden ise D\u0131ma\u015fk ve Halep atabe\u011fi Nureddin Mahmut Zengi\u2019dir. Kas\u0131m \u015eulul sadece \u00fclkemizin de\u011fil, \u0130sl\u00e2m tarihi ve medeniyetinin de m\u00fcstesna \u00f6rneklerinden biri olan bu m\u00e2bedi gerek mimari, gerekse tarihi nitelikleri bak\u0131m\u0131ndan ayr\u0131nt\u0131l\u0131 bir \u015fekilde inceliyor, camiyi say\u0131s\u0131z g\u00f6rsel ile adeta haf\u0131zam\u0131za nak\u015fediyor. <\/p>\n","protected":false},"excerpt":{"rendered":"<p>\u0130sl\u00e2m medeniyetinde ilk uluc\u00e2mi, Hz. Peygamber\u2019in (a.s.) ve ash\u00e2b\u0131n\u0131n hicretin birinci y\u0131l\u0131nda in\u015fa etti\u011fi Mescid-i Nebev\u00ee\u2019dir. Bu mescit, daha sonra in\u015fa edilen uluc\u00e2milere \u00f6rnek olmu\u015ftur. Uluc\u00e2mi;<span class=\"excerpt-hellip\"> [\u2026]<\/span><\/p>\n","protected":false},"featured_media":0,"template":"","meta":{"_monsterinsights_skip_tracking":false,"_monsterinsights_sitenote_active":false,"_monsterinsights_sitenote_note":"","_monsterinsights_sitenote_category":0},"product_brand":[],"product_cat":[12718,12719,18109],"product_tag":[],"class_list":{"0":"post-728315","1":"product","2":"type-product","3":"status-publish","5":"product_cat-din","6":"product_cat-islam","7":"product_cat-islam-tarihi","8":"pa_cilt-ciltsiz","9":"pa_tur-kitap","10":"pa_yayinevi-kapi-yayinlari","11":"pa_yazar-kasim-sulul","13":"first","14":"instock","15":"sale","16":"shipping-taxable","17":"purchasable","18":"product-type-simple"},"_links":{"self":[{"href":"https:\/\/roveyayinevi.com.tr\/index.php\/wp-json\/wp\/v2\/product\/728315","targetHints":{"allow":["GET"]}}],"collection":[{"href":"https:\/\/roveyayinevi.com.tr\/index.php\/wp-json\/wp\/v2\/product"}],"about":[{"href":"https:\/\/roveyayinevi.com.tr\/index.php\/wp-json\/wp\/v2\/types\/product"}],"wp:attachment":[{"href":"https:\/\/roveyayinevi.com.tr\/index.php\/wp-json\/wp\/v2\/media?parent=728315"}],"wp:term":[{"taxonomy":"product_brand","embeddable":true,"href":"https:\/\/roveyayinevi.com.tr\/index.php\/wp-json\/wp\/v2\/product_brand?post=728315"},{"taxonomy":"product_cat","embeddable":true,"href":"https:\/\/roveyayinevi.com.tr\/index.php\/wp-json\/wp\/v2\/product_cat?post=728315"},{"taxonomy":"product_tag","embeddable":true,"href":"https:\/\/roveyayinevi.com.tr\/index.php\/wp-json\/wp\/v2\/product_tag?post=728315"}],"curies":[{"name":"wp","href":"https:\/\/api.w.org\/{rel}","templated":true}]}}