{"id":728314,"date":"2025-08-27T20:37:10","date_gmt":"2025-08-27T17:37:10","guid":{"rendered":"https:\/\/roveyayinevi.com.tr\/index.php\/urun\/eylul-sancilari\/"},"modified":"2026-04-16T02:35:58","modified_gmt":"2026-04-15T23:35:58","slug":"eylul-sancilari","status":"publish","type":"product","link":"https:\/\/roveyayinevi.com.tr\/index.php\/urun\/eylul-sancilari\/","title":{"rendered":"Eyl\u00fcl Sanc\u0131lar\u0131"},"content":{"rendered":"<p>Ka\u00e7 zamand\u0131r buraday\u0131m? Her yan\u0131m s\u0131zl\u0131yor, a\u011fr\u0131yor Bir yan\u0131m diniyor Bir yan\u0131m ba\u011f\u0131r\u0131yor Kendimi tutup susuyorum Belli etmiyorum ama \u0130\u00e7imden kan kusuyorum Yan mazgalda ac\u0131nas\u0131 k\u0131s\u0131k sesler Ve duyulmas\u0131n diye k\u0131s\u0131lan nefesler Ve ben Ka\u00e7 zamand\u0131r buraday\u0131m? Rufay Karahan Hakk\u0131 Bulut ve \u0130lyas Salman&#8217;\u0131n sons\u00f6z\u00fcyle&#8230;<\/p>\n","protected":false},"excerpt":{"rendered":"<p>Ka\u00e7 zamand\u0131r buraday\u0131m? Her yan\u0131m s\u0131zl\u0131yor, a\u011fr\u0131yor Bir yan\u0131m diniyor Bir yan\u0131m ba\u011f\u0131r\u0131yor Kendimi tutup susuyorum Belli etmiyorum ama \u0130\u00e7imden kan kusuyorum Yan mazgalda ac\u0131nas\u0131 k\u0131s\u0131k<span class=\"excerpt-hellip\"> [\u2026]<\/span><\/p>\n","protected":false},"featured_media":0,"template":"","meta":{"_monsterinsights_skip_tracking":false,"_monsterinsights_sitenote_active":false,"_monsterinsights_sitenote_note":"","_monsterinsights_sitenote_category":0},"product_brand":[],"product_cat":[12291,12509],"product_tag":[],"class_list":{"0":"post-728314","1":"product","2":"type-product","3":"status-publish","5":"product_cat-edebiyat","6":"product_cat-siir","7":"pa_cilt-ciltsiz","8":"pa_tur-kitap","9":"pa_yayinevi-luna-yayinlari","10":"pa_yazar-rufay-karahan","12":"first","13":"instock","14":"sale","15":"shipping-taxable","16":"purchasable","17":"product-type-simple"},"_links":{"self":[{"href":"https:\/\/roveyayinevi.com.tr\/index.php\/wp-json\/wp\/v2\/product\/728314","targetHints":{"allow":["GET"]}}],"collection":[{"href":"https:\/\/roveyayinevi.com.tr\/index.php\/wp-json\/wp\/v2\/product"}],"about":[{"href":"https:\/\/roveyayinevi.com.tr\/index.php\/wp-json\/wp\/v2\/types\/product"}],"wp:attachment":[{"href":"https:\/\/roveyayinevi.com.tr\/index.php\/wp-json\/wp\/v2\/media?parent=728314"}],"wp:term":[{"taxonomy":"product_brand","embeddable":true,"href":"https:\/\/roveyayinevi.com.tr\/index.php\/wp-json\/wp\/v2\/product_brand?post=728314"},{"taxonomy":"product_cat","embeddable":true,"href":"https:\/\/roveyayinevi.com.tr\/index.php\/wp-json\/wp\/v2\/product_cat?post=728314"},{"taxonomy":"product_tag","embeddable":true,"href":"https:\/\/roveyayinevi.com.tr\/index.php\/wp-json\/wp\/v2\/product_tag?post=728314"}],"curies":[{"name":"wp","href":"https:\/\/api.w.org\/{rel}","templated":true}]}}