{"id":728310,"date":"2025-08-27T20:37:07","date_gmt":"2025-08-27T17:37:07","guid":{"rendered":"https:\/\/roveyayinevi.com.tr\/index.php\/urun\/hipnozla-gelecegini-tasarla\/"},"modified":"2026-04-16T02:35:58","modified_gmt":"2026-04-15T23:35:58","slug":"hipnozla-gelecegini-tasarla","status":"publish","type":"product","link":"https:\/\/roveyayinevi.com.tr\/index.php\/urun\/hipnozla-gelecegini-tasarla\/","title":{"rendered":"Hipnozla Gelece\u011fini Tasarla"},"content":{"rendered":"<p>Bu kitaptaki metinler hipnozu uygulayabilen ve profesyonelce geriye hipnozdan \u00e7\u0131kartabilen insanlar i\u00e7indir.Son zamanlarda hipnozu ve hipnoz trans durumunu olu\u015fturmay\u0131 \u00f6\u011freten bir\u00e7ok hipnoz okulu vard\u0131r. Ama terapi alan\u0131nda bu insanlar \u00e7o\u011fu zaman yanl\u0131z b\u0131rak\u0131l\u0131yorlar. Asl\u0131nda hipnozun as\u0131l etkisi, do\u011fru ve zaman\u0131nda yap\u0131lm\u0131\u015f telkinler ile trans durumunda bilin\u00e7alt\u0131na aktar\u0131lanlard\u0131r. Hipnoz s\u0131ras\u0131nda rahat konu\u015fabilmek ve rahat hareket edebilmek i\u00e7in yeterli bir hipnoz tecr\u00fcbesi gereklidir. Bu kitap, tam bu durumda ihtiya\u00e7 duyulanlar\u0131 size sunmaktad\u0131r. Sizlere bu kitapta servet niteli\u011finde bilgiler sunuyoruz. Bu metinler halk\u0131n bir\u00e7ok ortak sorununu ele almaktad\u0131r.Bu metinleri olduklar\u0131 gibi kullanabilirsiniz. Kullan\u0131mlar\u0131 neredeyse her durumda ve her zaman uygundurlar. Her hal\u00fckarda bu telkinlere kendinizden bir \u015feyler ekleyerek, bunlar\u0131 dan\u0131\u015fanlar\u0131na uygun hale getirip sunmal\u0131s\u0131n\u0131z. Bunlar bilin\u00e7li bir \u015fekilde haz\u0131rlanm\u0131\u015f c\u00fcmlelerdir. Dil bilgisi olarak d\u00fczeltmeye \u00e7al\u0131\u015fmay\u0131n \u00e7\u00fcnk\u00fc bunlar, dolayl\u0131 yoldan telkin vermek amac\u0131 ile haz\u0131rlanm\u0131\u015f c\u00fcmlelerdir. Zaten bu telkinlerin amac\u0131 da bilinci \u015fa\u015f\u0131rt\u0131p bilin\u00e7alt\u0131na inebilmektir.<\/p>\n","protected":false},"excerpt":{"rendered":"<p>Bu kitaptaki metinler hipnozu uygulayabilen ve profesyonelce geriye hipnozdan \u00e7\u0131kartabilen insanlar i\u00e7indir.Son zamanlarda hipnozu ve hipnoz trans durumunu olu\u015fturmay\u0131 \u00f6\u011freten bir\u00e7ok hipnoz okulu vard\u0131r. Ama terapi<span class=\"excerpt-hellip\"> [\u2026]<\/span><\/p>\n","protected":false},"featured_media":0,"template":"","meta":{"_monsterinsights_skip_tracking":false,"_monsterinsights_sitenote_active":false,"_monsterinsights_sitenote_note":"","_monsterinsights_sitenote_category":0},"product_brand":[],"product_cat":[12358,12357],"product_tag":[],"class_list":{"0":"post-728310","1":"product","2":"type-product","3":"status-publish","5":"product_cat-genel-psikoloji","6":"product_cat-psikoloji","7":"pa_cilt-ciltsiz","8":"pa_tur-kitap","9":"pa_yayinevi-kilit-yayinevi","10":"pa_yazar-muge-eskin","12":"first","13":"instock","14":"sale","15":"shipping-taxable","16":"purchasable","17":"product-type-simple"},"_links":{"self":[{"href":"https:\/\/roveyayinevi.com.tr\/index.php\/wp-json\/wp\/v2\/product\/728310","targetHints":{"allow":["GET"]}}],"collection":[{"href":"https:\/\/roveyayinevi.com.tr\/index.php\/wp-json\/wp\/v2\/product"}],"about":[{"href":"https:\/\/roveyayinevi.com.tr\/index.php\/wp-json\/wp\/v2\/types\/product"}],"wp:attachment":[{"href":"https:\/\/roveyayinevi.com.tr\/index.php\/wp-json\/wp\/v2\/media?parent=728310"}],"wp:term":[{"taxonomy":"product_brand","embeddable":true,"href":"https:\/\/roveyayinevi.com.tr\/index.php\/wp-json\/wp\/v2\/product_brand?post=728310"},{"taxonomy":"product_cat","embeddable":true,"href":"https:\/\/roveyayinevi.com.tr\/index.php\/wp-json\/wp\/v2\/product_cat?post=728310"},{"taxonomy":"product_tag","embeddable":true,"href":"https:\/\/roveyayinevi.com.tr\/index.php\/wp-json\/wp\/v2\/product_tag?post=728310"}],"curies":[{"name":"wp","href":"https:\/\/api.w.org\/{rel}","templated":true}]}}