{"id":728307,"date":"2025-08-27T20:37:05","date_gmt":"2025-08-27T17:37:05","guid":{"rendered":"https:\/\/roveyayinevi.com.tr\/index.php\/urun\/sokratesin-savunmasi-10\/"},"modified":"2026-04-16T02:35:58","modified_gmt":"2026-04-15T23:35:58","slug":"sokratesin-savunmasi-10","status":"publish","type":"product","link":"https:\/\/roveyayinevi.com.tr\/index.php\/urun\/sokratesin-savunmasi-10\/","title":{"rendered":"Sokrates\u2019in Savunmas\u0131"},"content":{"rendered":"<p>Eski Yunan\u2019da bir bahar g\u00fcn\u00fc ebe Phaenarete ile heykelt\u0131ra\u015f Sophroniscus\u2019un bir o\u011fullar\u0131 olur. G\u00fczellikten yana nasibini alamam\u0131\u015f olsa da o an g\u00f6ky\u00fcz\u00fcnde tam da \u0130kizler burcunda kol kola girmi\u015f Ven\u00fcs ve Merk\u00fcr, s\u00f6yledikleri as\u0131rlar boyunca konu\u015fulacak bir hatibin m\u00fcjdesini vermektedir. \u2026 Sokrates, kendisinde hi\u00e7bir bilgelik olmad\u0131\u011f\u0131n\u0131 ileri s\u00fcrerken de as\u0131l yapmak istedi\u011fi \u015fey, kar\u015f\u0131s\u0131ndaki insana s\u0131n\u0131rlar\u0131n\u0131 \u00f6\u011fretmektir. Bunu, \u00f6zellikle ya\u015fad\u0131\u011f\u0131 toplumdaki kabul g\u00f6rm\u00fc\u015f, \u00f6nemli insanlara yaparak kendisi i\u00e7in \u00e7ok \u00f6nemli olan toplumsal g\u00f6revini de yerine getirir. Ya\u015fad\u0131\u011f\u0131 kenti, soylu ve g\u00fczel olmas\u0131na ra\u011fmen miskinlikten kurtulamayan bir ata, kendisini ise onu uyand\u0131rmaya ve ayakland\u0131rmaya \u00e7al\u0131\u015fan bir at sine\u011fine benzetmesi de bundand\u0131r.<\/p>\n","protected":false},"excerpt":{"rendered":"<p>Eski Yunan\u2019da bir bahar g\u00fcn\u00fc ebe Phaenarete ile heykelt\u0131ra\u015f Sophroniscus\u2019un bir o\u011fullar\u0131 olur. G\u00fczellikten yana nasibini alamam\u0131\u015f olsa da o an g\u00f6ky\u00fcz\u00fcnde tam da \u0130kizler burcunda<span class=\"excerpt-hellip\"> [\u2026]<\/span><\/p>\n","protected":false},"featured_media":0,"template":"","meta":{"_monsterinsights_skip_tracking":false,"_monsterinsights_sitenote_active":false,"_monsterinsights_sitenote_note":"","_monsterinsights_sitenote_category":0},"product_brand":[],"product_cat":[16038,12388],"product_tag":[],"class_list":{"0":"post-728307","1":"product","2":"type-product","3":"status-publish","5":"product_cat-arastirma-inceleme-referans-felsefe","6":"product_cat-felsefe","7":"pa_cilt-ciltsiz","8":"pa_tur-kitap","9":"pa_yayinevi-felix-kitap","10":"pa_yazar-platon","12":"first","13":"instock","14":"sale","15":"shipping-taxable","16":"purchasable","17":"product-type-simple"},"_links":{"self":[{"href":"https:\/\/roveyayinevi.com.tr\/index.php\/wp-json\/wp\/v2\/product\/728307","targetHints":{"allow":["GET"]}}],"collection":[{"href":"https:\/\/roveyayinevi.com.tr\/index.php\/wp-json\/wp\/v2\/product"}],"about":[{"href":"https:\/\/roveyayinevi.com.tr\/index.php\/wp-json\/wp\/v2\/types\/product"}],"wp:attachment":[{"href":"https:\/\/roveyayinevi.com.tr\/index.php\/wp-json\/wp\/v2\/media?parent=728307"}],"wp:term":[{"taxonomy":"product_brand","embeddable":true,"href":"https:\/\/roveyayinevi.com.tr\/index.php\/wp-json\/wp\/v2\/product_brand?post=728307"},{"taxonomy":"product_cat","embeddable":true,"href":"https:\/\/roveyayinevi.com.tr\/index.php\/wp-json\/wp\/v2\/product_cat?post=728307"},{"taxonomy":"product_tag","embeddable":true,"href":"https:\/\/roveyayinevi.com.tr\/index.php\/wp-json\/wp\/v2\/product_tag?post=728307"}],"curies":[{"name":"wp","href":"https:\/\/api.w.org\/{rel}","templated":true}]}}