{"id":728306,"date":"2025-08-27T20:37:04","date_gmt":"2025-08-27T17:37:04","guid":{"rendered":"https:\/\/roveyayinevi.com.tr\/index.php\/urun\/fragmanlar-5\/"},"modified":"2026-04-16T02:35:58","modified_gmt":"2026-04-15T23:35:58","slug":"fragmanlar-5","status":"publish","type":"product","link":"https:\/\/roveyayinevi.com.tr\/index.php\/urun\/fragmanlar-5\/","title":{"rendered":"Fragmanlar"},"content":{"rendered":"<p>Irma\u011f\u0131n k\u0131y\u0131s\u0131nda elini \u00e7enesine dayam\u0131\u015f yakt\u0131\u011f\u0131 ate\u015fe bak\u0131yordur. Az \u00f6nce Artemis Tap\u0131na\u011f\u0131\u2019nda \u00e7ocuklarla oynarken ne yapt\u0131\u011f\u0131n\u0131 soran yurtta\u015flar\u0131na \u201cB\u00f6ylesi, aran\u0131za kat\u0131l\u0131p politika yapmaktan daha iyi de\u011fil mi?\u201d diye sormu\u015ftur. \u015eimdi bize kalan Artemis Tap\u0131na\u011f\u0131\u2019n\u0131n y\u0131k\u0131nt\u0131lar\u0131 ve Herakleitos\u2019un \u201cK\u0131r\u0131k Par\u00e7alar\u0131\u201dd\u0131r ama tarihin ve felsefenin yolunda \u201cG\u00fcne\u015f her g\u00fcn yenidir.\u201d <\/p>\n","protected":false},"excerpt":{"rendered":"<p>Irma\u011f\u0131n k\u0131y\u0131s\u0131nda elini \u00e7enesine dayam\u0131\u015f yakt\u0131\u011f\u0131 ate\u015fe bak\u0131yordur. Az \u00f6nce Artemis Tap\u0131na\u011f\u0131\u2019nda \u00e7ocuklarla oynarken ne yapt\u0131\u011f\u0131n\u0131 soran yurtta\u015flar\u0131na \u201cB\u00f6ylesi, aran\u0131za kat\u0131l\u0131p politika yapmaktan daha iyi de\u011fil<span class=\"excerpt-hellip\"> [\u2026]<\/span><\/p>\n","protected":false},"featured_media":0,"template":"","meta":{"_monsterinsights_skip_tracking":false,"_monsterinsights_sitenote_active":false,"_monsterinsights_sitenote_note":"","_monsterinsights_sitenote_category":0},"product_brand":[],"product_cat":[12388,14717],"product_tag":[],"class_list":{"0":"post-728306","1":"product","2":"type-product","3":"status-publish","5":"product_cat-felsefe","6":"product_cat-felsefe-tarihi","7":"pa_cilt-ciltsiz","8":"pa_tur-kitap","9":"pa_yayinevi-felix-kitap","10":"pa_yazar-herakleitos","12":"first","13":"instock","14":"sale","15":"shipping-taxable","16":"purchasable","17":"product-type-simple"},"_links":{"self":[{"href":"https:\/\/roveyayinevi.com.tr\/index.php\/wp-json\/wp\/v2\/product\/728306","targetHints":{"allow":["GET"]}}],"collection":[{"href":"https:\/\/roveyayinevi.com.tr\/index.php\/wp-json\/wp\/v2\/product"}],"about":[{"href":"https:\/\/roveyayinevi.com.tr\/index.php\/wp-json\/wp\/v2\/types\/product"}],"wp:attachment":[{"href":"https:\/\/roveyayinevi.com.tr\/index.php\/wp-json\/wp\/v2\/media?parent=728306"}],"wp:term":[{"taxonomy":"product_brand","embeddable":true,"href":"https:\/\/roveyayinevi.com.tr\/index.php\/wp-json\/wp\/v2\/product_brand?post=728306"},{"taxonomy":"product_cat","embeddable":true,"href":"https:\/\/roveyayinevi.com.tr\/index.php\/wp-json\/wp\/v2\/product_cat?post=728306"},{"taxonomy":"product_tag","embeddable":true,"href":"https:\/\/roveyayinevi.com.tr\/index.php\/wp-json\/wp\/v2\/product_tag?post=728306"}],"curies":[{"name":"wp","href":"https:\/\/api.w.org\/{rel}","templated":true}]}}