{"id":728305,"date":"2025-08-27T20:37:03","date_gmt":"2025-08-27T17:37:03","guid":{"rendered":"https:\/\/roveyayinevi.com.tr\/index.php\/urun\/bilimler-ve-sanatlar-uzerine\/"},"modified":"2026-04-16T02:35:58","modified_gmt":"2026-04-15T23:35:58","slug":"bilimler-ve-sanatlar-uzerine","status":"publish","type":"product","link":"https:\/\/roveyayinevi.com.tr\/index.php\/urun\/bilimler-ve-sanatlar-uzerine\/","title":{"rendered":"Bilimler ve Sanatlar \u00dczerine"},"content":{"rendered":"<p>\u015e\u00f6hret nedir? \u0130\u015fte kendi \u015f\u00f6hretimi bor\u00e7lu oldu\u011fum de\u011fersiz eser. Bana bir ba\u015far\u0131 kazand\u0131rm\u0131\u015f ve ad\u0131m\u0131 tan\u0131tm\u0131\u015f olan bu par\u00e7a, muhakkak ki orta derecededir; hatta bu kitab\u0131n en \u00f6nemsiz k\u0131s\u0131mlar\u0131ndand\u0131r, diyebilirim. E\u011fer bu ilk yaz\u0131ya lay\u0131k oldu\u011fundan fazla de\u011fer verilmeseydi, yazar\u0131 nice felaketten korunmu\u015f olurdu. Ama daha \u00f6nceleri g\u00f6sterilen bu yersiz ilginin, sonradan daha haks\u0131z bir \u015fiddeti \u00fczerime \u00e7ekmesi kadermi\u015f. <\/p>\n","protected":false},"excerpt":{"rendered":"<p>\u015e\u00f6hret nedir? \u0130\u015fte kendi \u015f\u00f6hretimi bor\u00e7lu oldu\u011fum de\u011fersiz eser. Bana bir ba\u015far\u0131 kazand\u0131rm\u0131\u015f ve ad\u0131m\u0131 tan\u0131tm\u0131\u015f olan bu par\u00e7a, muhakkak ki orta derecededir; hatta bu kitab\u0131n<span class=\"excerpt-hellip\"> [\u2026]<\/span><\/p>\n","protected":false},"featured_media":0,"template":"","meta":{"_monsterinsights_skip_tracking":false,"_monsterinsights_sitenote_active":false,"_monsterinsights_sitenote_note":"","_monsterinsights_sitenote_category":0},"product_brand":[],"product_cat":[12388,13555],"product_tag":[],"class_list":{"0":"post-728305","1":"product","2":"type-product","3":"status-publish","5":"product_cat-felsefe","6":"product_cat-genel-felsefe","7":"pa_cilt-ciltsiz","8":"pa_tur-kitap","9":"pa_yayinevi-felix-kitap","10":"pa_yazar-jean-jacques-rousseau","12":"first","13":"instock","14":"sale","15":"shipping-taxable","16":"purchasable","17":"product-type-simple"},"_links":{"self":[{"href":"https:\/\/roveyayinevi.com.tr\/index.php\/wp-json\/wp\/v2\/product\/728305","targetHints":{"allow":["GET"]}}],"collection":[{"href":"https:\/\/roveyayinevi.com.tr\/index.php\/wp-json\/wp\/v2\/product"}],"about":[{"href":"https:\/\/roveyayinevi.com.tr\/index.php\/wp-json\/wp\/v2\/types\/product"}],"wp:attachment":[{"href":"https:\/\/roveyayinevi.com.tr\/index.php\/wp-json\/wp\/v2\/media?parent=728305"}],"wp:term":[{"taxonomy":"product_brand","embeddable":true,"href":"https:\/\/roveyayinevi.com.tr\/index.php\/wp-json\/wp\/v2\/product_brand?post=728305"},{"taxonomy":"product_cat","embeddable":true,"href":"https:\/\/roveyayinevi.com.tr\/index.php\/wp-json\/wp\/v2\/product_cat?post=728305"},{"taxonomy":"product_tag","embeddable":true,"href":"https:\/\/roveyayinevi.com.tr\/index.php\/wp-json\/wp\/v2\/product_tag?post=728305"}],"curies":[{"name":"wp","href":"https:\/\/api.w.org\/{rel}","templated":true}]}}