{"id":728302,"date":"2025-08-27T20:37:01","date_gmt":"2025-08-27T17:37:01","guid":{"rendered":"https:\/\/roveyayinevi.com.tr\/index.php\/urun\/ataturke-hasret-murekkepli-mektuplar\/"},"modified":"2026-04-16T02:35:58","modified_gmt":"2026-04-15T23:35:58","slug":"ataturke-hasret-murekkepli-mektuplar","status":"publish","type":"product","link":"https:\/\/roveyayinevi.com.tr\/index.php\/urun\/ataturke-hasret-murekkepli-mektuplar\/","title":{"rendered":"Atat\u00fcrk&#8217;e Hasret M\u00fcrekkepli Mektuplar"},"content":{"rendered":"<p>Y\u0131llar \u00f6nce k\u00f6\u015fe yaz\u0131lar\u0131m\u0131 ve kitaplar\u0131m\u0131 okuyan, konu\u015fmalar\u0131m\u0131 izleyen bir \u00f6\u011fretmenin \u201cNeden bir Atat\u00fcrk kitab\u0131 yazmad\u0131n\u0131z? Yazmal\u0131s\u0131n\u0131z&#8230;\u201d \u00f6nerisine, i\u00e7tenlikle \u201c\u00c7ok isterim\u201d demi\u015ftim. O g\u00fcn a\u011fz\u0131mdan k\u00fc\u00e7\u00fck bir f\u0131s\u0131lt\u0131yla \u00e7\u0131kan bu s\u00f6z\u00fc bug\u00fcn sesli sedal\u0131 hayata ge\u00e7irmenin ve bir kitapla m\u00fch\u00fcrlemenin gururu i\u00e7indeyim. Bu kitapla 23 Nisan Milli Egemenlik ve \u00c7ocuk Bayram\u0131\u2019yla \u00e7ocukluk g\u00fcnlerimi; 19 May\u0131s Gen\u00e7lik ve Spor Bayram\u0131\u2019yla \u00f6\u011frencilik ve gen\u00e7lik y\u0131llar\u0131m\u0131; 29 Ekim Cumhuriyet Bayram\u0131\u2019yla Cumhuriyet de\u011ferlerine ba\u011fl\u0131l\u0131\u011f\u0131m\u0131 \u201cco\u015fkuya, mutlulu\u011fa, gurura\u201d d\u00f6n\u00fc\u015ft\u00fcren B\u00fcy\u00fck Atat\u00fcrk\u2019e, O\u2019nun mayalad\u0131\u011f\u0131 sa\u011flam Cumhuriyet hamurunda yo\u011frulmu\u015f biri olarak borcumu \u00f6demek istedim. Bu kitapla okuduk\u00e7a anlad\u0131\u011f\u0131m, anlad\u0131k\u00e7a anlatmaya \u00e7al\u0131\u015ft\u0131\u011f\u0131m ve asla bitiremedi\u011fim \u201c57 ciltlik dev eserin\u201d b\u00fcy\u00fck kahraman\u0131na \u015f\u00fckranlar\u0131m\u0131 sunmak istedim. \u00d6zetle; bu kitap her konuda yol g\u00f6steren, ufuk a\u00e7an, derde deva olan Atat\u00fcrk\u2019e duydu\u011fum g\u00f6n\u00fcl borcumun, vefa borcumun ifadesidir. E\u011fitimin e\u011fitim oldu\u011fu d\u00f6nemde ad\u0131 Atat\u00fcrk olan \u00fcniversiteyi dereceyle bitirdim! Ad\u0131 Atat\u00fcrk olan \u00f6\u011fretiye bir \u00f6m\u00fcr verdim, h\u00e2l\u00e2 bitiremedim. G\u00f6z a\u00e7\u0131p \u201cAtat\u00fcrk\u201d demi\u015fim. G\u00f6z\u00fcm\u00fc a\u00e7\u0131p Cumhuriyet\u2019i \u00f6\u011frenmi\u015fim. T\u00fcm bu gerek\u00e7elerle, kahraman\u0131ndan \u00f6t\u00fcr\u00fc mert ve y\u00fcce, i\u00e7eri\u011finden \u00f6t\u00fcr\u00fc sert ve zorlu bir konuyu se\u00e7mek kolay olmad\u0131 ku\u015fkusuz! Ba\u015fard\u0131m m\u0131 bilmiyorum ama denedim. Ba\u015far\u0131l\u0131 olursam yeniden bir \u00fcniversite bitirmi\u015f olaca\u011f\u0131m, hem de dereceyle\u2026<\/p>\n","protected":false},"excerpt":{"rendered":"<p>Y\u0131llar \u00f6nce k\u00f6\u015fe yaz\u0131lar\u0131m\u0131 ve kitaplar\u0131m\u0131 okuyan, konu\u015fmalar\u0131m\u0131 izleyen bir \u00f6\u011fretmenin \u201cNeden bir Atat\u00fcrk kitab\u0131 yazmad\u0131n\u0131z? Yazmal\u0131s\u0131n\u0131z&#8230;\u201d \u00f6nerisine, i\u00e7tenlikle \u201c\u00c7ok isterim\u201d demi\u015ftim. O g\u00fcn a\u011fz\u0131mdan k\u00fc\u00e7\u00fck<span class=\"excerpt-hellip\"> [\u2026]<\/span><\/p>\n","protected":false},"featured_media":0,"template":"","meta":{"_monsterinsights_skip_tracking":false,"_monsterinsights_sitenote_active":false,"_monsterinsights_sitenote_note":"","_monsterinsights_sitenote_category":0},"product_brand":[],"product_cat":[12530,12304],"product_tag":[],"class_list":{"0":"post-728302","1":"product","2":"type-product","3":"status-publish","5":"product_cat-mustafa-kemal-ataturk","6":"product_cat-tarih","7":"pa_cilt-ciltsiz","8":"pa_tur-kitap","9":"pa_yayinevi-tarihci-kitabevi","10":"pa_yazar-nese-doster","12":"first","13":"instock","14":"sale","15":"shipping-taxable","16":"purchasable","17":"product-type-simple"},"_links":{"self":[{"href":"https:\/\/roveyayinevi.com.tr\/index.php\/wp-json\/wp\/v2\/product\/728302","targetHints":{"allow":["GET"]}}],"collection":[{"href":"https:\/\/roveyayinevi.com.tr\/index.php\/wp-json\/wp\/v2\/product"}],"about":[{"href":"https:\/\/roveyayinevi.com.tr\/index.php\/wp-json\/wp\/v2\/types\/product"}],"wp:attachment":[{"href":"https:\/\/roveyayinevi.com.tr\/index.php\/wp-json\/wp\/v2\/media?parent=728302"}],"wp:term":[{"taxonomy":"product_brand","embeddable":true,"href":"https:\/\/roveyayinevi.com.tr\/index.php\/wp-json\/wp\/v2\/product_brand?post=728302"},{"taxonomy":"product_cat","embeddable":true,"href":"https:\/\/roveyayinevi.com.tr\/index.php\/wp-json\/wp\/v2\/product_cat?post=728302"},{"taxonomy":"product_tag","embeddable":true,"href":"https:\/\/roveyayinevi.com.tr\/index.php\/wp-json\/wp\/v2\/product_tag?post=728302"}],"curies":[{"name":"wp","href":"https:\/\/api.w.org\/{rel}","templated":true}]}}