{"id":728299,"date":"2025-08-27T20:36:58","date_gmt":"2025-08-27T17:36:58","guid":{"rendered":"https:\/\/roveyayinevi.com.tr\/index.php\/urun\/aydinlanmanin-kesif-araclari\/"},"modified":"2026-04-16T02:35:57","modified_gmt":"2026-04-15T23:35:57","slug":"aydinlanmanin-kesif-araclari","status":"publish","type":"product","link":"https:\/\/roveyayinevi.com.tr\/index.php\/urun\/aydinlanmanin-kesif-araclari\/","title":{"rendered":"Ayd\u0131nlanman\u0131n Ke\u015fif Ara\u00e7lar\u0131"},"content":{"rendered":"<p>Varl\u0131k ve bilgi anlay\u0131\u015f\u0131 din ve felsefe gibi d\u00fc\u015f\u00fcnce alanlar\u0131n\u0131n temellerini olu\u015fturur ve onlara kimlik kazand\u0131r\u0131r. Bir d\u00fc\u015f\u00fcnceyi di\u011ferinden ay\u0131ran bu kimlik ayn\u0131 zamanda d\u00fc\u015f\u00fcncenin ana unsurlar\u0131n\u0131 da bi\u00e7imlendirir. Din \u00f6zelinde ifade etmek gerekirse \u0130slam, kendisine has varl\u0131k tasavvuru ve bilgi anlay\u0131\u015f\u0131yla di\u011ferlerinden ayr\u0131l\u0131r.  Elinizdeki eser, ayd\u0131nlanman\u0131n ke\u015fif ara\u00e7lar\u0131n\u0131 olu\u015fturan varl\u0131k ve bilgi kuramlar\u0131 \u00fczerinde durman\u0131n yan\u0131nda bu kuramlar\u0131 Kur\u2019an\u2019\u0131n tevhid felsefesi, varl\u0131k tasavvuru, din-bilim ba\u015fl\u0131klar\u0131 \u00f6zelinde anlatarak okuyucusunun d\u00fc\u015f\u00fcnce d\u00fcnyas\u0131na \u00f6nemli katk\u0131larda bulunmaktad\u0131r.  <\/p>\n","protected":false},"excerpt":{"rendered":"<p>Varl\u0131k ve bilgi anlay\u0131\u015f\u0131 din ve felsefe gibi d\u00fc\u015f\u00fcnce alanlar\u0131n\u0131n temellerini olu\u015fturur ve onlara kimlik kazand\u0131r\u0131r. Bir d\u00fc\u015f\u00fcnceyi di\u011ferinden ay\u0131ran bu kimlik ayn\u0131 zamanda d\u00fc\u015f\u00fcncenin ana<span class=\"excerpt-hellip\"> [\u2026]<\/span><\/p>\n","protected":false},"featured_media":0,"template":"","meta":{"_monsterinsights_skip_tracking":false,"_monsterinsights_sitenote_active":false,"_monsterinsights_sitenote_note":"","_monsterinsights_sitenote_category":0},"product_brand":[],"product_cat":[12718,12719],"product_tag":[],"class_list":{"0":"post-728299","1":"product","2":"type-product","3":"status-publish","5":"product_cat-din","6":"product_cat-islam","7":"pa_cilt-ciltsiz","8":"pa_tur-kitap","9":"pa_yayinevi-otto-yayinlari","10":"pa_yazar-saban-ali-duzgun","12":"first","13":"instock","14":"sale","15":"shipping-taxable","16":"purchasable","17":"product-type-simple"},"_links":{"self":[{"href":"https:\/\/roveyayinevi.com.tr\/index.php\/wp-json\/wp\/v2\/product\/728299","targetHints":{"allow":["GET"]}}],"collection":[{"href":"https:\/\/roveyayinevi.com.tr\/index.php\/wp-json\/wp\/v2\/product"}],"about":[{"href":"https:\/\/roveyayinevi.com.tr\/index.php\/wp-json\/wp\/v2\/types\/product"}],"wp:attachment":[{"href":"https:\/\/roveyayinevi.com.tr\/index.php\/wp-json\/wp\/v2\/media?parent=728299"}],"wp:term":[{"taxonomy":"product_brand","embeddable":true,"href":"https:\/\/roveyayinevi.com.tr\/index.php\/wp-json\/wp\/v2\/product_brand?post=728299"},{"taxonomy":"product_cat","embeddable":true,"href":"https:\/\/roveyayinevi.com.tr\/index.php\/wp-json\/wp\/v2\/product_cat?post=728299"},{"taxonomy":"product_tag","embeddable":true,"href":"https:\/\/roveyayinevi.com.tr\/index.php\/wp-json\/wp\/v2\/product_tag?post=728299"}],"curies":[{"name":"wp","href":"https:\/\/api.w.org\/{rel}","templated":true}]}}