{"id":728298,"date":"2025-08-27T20:36:58","date_gmt":"2025-08-27T17:36:58","guid":{"rendered":"https:\/\/roveyayinevi.com.tr\/index.php\/urun\/sarp-yokusun-eteginde-insan\/"},"modified":"2026-04-16T02:35:57","modified_gmt":"2026-04-15T23:35:57","slug":"sarp-yokusun-eteginde-insan","status":"publish","type":"product","link":"https:\/\/roveyayinevi.com.tr\/index.php\/urun\/sarp-yokusun-eteginde-insan\/","title":{"rendered":"Sarp Yoku\u015fun Ete\u011finde \u0130nsan"},"content":{"rendered":"<p>Kendisini, binlerce y\u0131ll\u0131k tarihin olu\u015fturdu\u011fu gelenek \u0131rma\u011f\u0131nda bulan insanlar kimli\u011fini ve ki\u015fili\u011fini burada bulaca\u011f\u0131na inand\u0131r\u0131l\u0131rlar. Bu ak\u0131nt\u0131ya kap\u0131lanlar \u00f6zg\u00fcrl\u00fcklerini kaybederler. Allah\u2019\u0131n insan olman\u0131n esas\u0131 olarak tespit etti\u011fi \u00f6zg\u00fcrl\u00fc\u011f\u00fc teslim edecek adresler ararlar.  Bunlar i\u00e7in bir \u015femsiye kimlik olarak \u0130slam yetmez, her zaman \u00e7at\u0131\u015fmaya haz\u0131r bekleyen alt kimliklere s\u0131\u011f\u0131n\u0131rlar. \u0130nsan d\u00fc\u015ft\u00fc\u011f\u00fc yerden kalkar derler; d\u00fc\u015ft\u00fc\u011f\u00fcm\u00fcz yer \u00f6zg\u00fcrl\u00fc\u011f\u00fcm\u00fcz\u00fc ve cesaretimizi kaybetti\u011fimiz yerdir. Bu kitapta, \u201c\u0130nsan\u0131n hem zihinsel hem bedensel \u00f6zg\u00fcrl\u00fc\u011f\u00fcn\u00fcn tehdit alt\u0131nda oldu\u011fu bir \u00e7a\u011fda insanl\u0131\u011f\u0131n\u0131 korumakta h\u00e2l\u00e2 kararl\u0131 olan insan ne yapabilir?\u201d sorusunun cevab\u0131n\u0131 aranmaktad\u0131r.<\/p>\n","protected":false},"excerpt":{"rendered":"<p>Kendisini, binlerce y\u0131ll\u0131k tarihin olu\u015fturdu\u011fu gelenek \u0131rma\u011f\u0131nda bulan insanlar kimli\u011fini ve ki\u015fili\u011fini burada bulaca\u011f\u0131na inand\u0131r\u0131l\u0131rlar. Bu ak\u0131nt\u0131ya kap\u0131lanlar \u00f6zg\u00fcrl\u00fcklerini kaybederler. Allah\u2019\u0131n insan olman\u0131n esas\u0131 olarak tespit<span class=\"excerpt-hellip\"> [\u2026]<\/span><\/p>\n","protected":false},"featured_media":0,"template":"","meta":{"_monsterinsights_skip_tracking":false,"_monsterinsights_sitenote_active":false,"_monsterinsights_sitenote_note":"","_monsterinsights_sitenote_category":0},"product_brand":[],"product_cat":[12718,12719],"product_tag":[],"class_list":{"0":"post-728298","1":"product","2":"type-product","3":"status-publish","5":"product_cat-din","6":"product_cat-islam","7":"pa_cilt-ciltsiz","8":"pa_tur-kitap","9":"pa_yayinevi-otto-yayinlari","10":"pa_yazar-saban-ali-duzgun","12":"first","13":"instock","14":"sale","15":"shipping-taxable","16":"purchasable","17":"product-type-simple"},"_links":{"self":[{"href":"https:\/\/roveyayinevi.com.tr\/index.php\/wp-json\/wp\/v2\/product\/728298","targetHints":{"allow":["GET"]}}],"collection":[{"href":"https:\/\/roveyayinevi.com.tr\/index.php\/wp-json\/wp\/v2\/product"}],"about":[{"href":"https:\/\/roveyayinevi.com.tr\/index.php\/wp-json\/wp\/v2\/types\/product"}],"wp:attachment":[{"href":"https:\/\/roveyayinevi.com.tr\/index.php\/wp-json\/wp\/v2\/media?parent=728298"}],"wp:term":[{"taxonomy":"product_brand","embeddable":true,"href":"https:\/\/roveyayinevi.com.tr\/index.php\/wp-json\/wp\/v2\/product_brand?post=728298"},{"taxonomy":"product_cat","embeddable":true,"href":"https:\/\/roveyayinevi.com.tr\/index.php\/wp-json\/wp\/v2\/product_cat?post=728298"},{"taxonomy":"product_tag","embeddable":true,"href":"https:\/\/roveyayinevi.com.tr\/index.php\/wp-json\/wp\/v2\/product_tag?post=728298"}],"curies":[{"name":"wp","href":"https:\/\/api.w.org\/{rel}","templated":true}]}}