{"id":728295,"date":"2025-08-27T20:36:54","date_gmt":"2025-08-27T17:36:54","guid":{"rendered":"https:\/\/roveyayinevi.com.tr\/index.php\/urun\/doktor-oxun-fantastik-deneyi\/"},"modified":"2026-04-16T02:35:57","modified_gmt":"2026-04-15T23:35:57","slug":"doktor-oxun-fantastik-deneyi","status":"publish","type":"product","link":"https:\/\/roveyayinevi.com.tr\/index.php\/urun\/doktor-oxun-fantastik-deneyi\/","title":{"rendered":"Doktor Ox\u2019un Fantastik Deneyi"},"content":{"rendered":"<p>Doktor Ox\u2019un Fantastik Deneyi Jules Verne\u2019nin hayal g\u00fcc\u00fcne a\u015fina olanlar\u0131 dahi \u015fa\u015f\u0131rtacak bir eserdir. \u0130nce bir mizahla sakinlikten, itidal ve yava\u015fl\u0131ktan, bar\u0131\u015f i\u00e7inde ya\u015famaktan \u00f6t\u00fcr\u00fc elle tutulur hi\u00e7bir olay\u0131n vuku bulmad\u0131\u011f\u0131, kentin y\u00f6neticileri ve kamu g\u00f6revlilerinin bile ya\u015famlar\u0131 boyunca inisiyatif kullanmadan, hi\u00e7bir \u00f6nemli karar almadan bu d\u00fcnyadan g\u00f6\u00e7\u00fcp gitti\u011fi Quiquendone (kurmaca bir kent) kentinin ayd\u0131nlatma i\u015flerini hi\u00e7bir \u00f6denek talep etmeden Doktor Ox ve asistan\u0131 ne t\u00fcr bir de\u011fi\u015fimi tetikleyeceklerdir? Eserdeki m\u00fczik ve sanat terimleri tam bir ayd\u0131nlanmac\u0131 olan Jules Verne\u2019nin be\u011fenisi ve birikimi \u00fczerine de fikir verebilecek niteliktedir. Bilim h\u0131rsl\u0131 ve vicdans\u0131z insanlar\u0131n elinde tehlikeli bir araca d\u00f6n\u00fc\u015febilir mi? Kitab\u0131n bilimkurgusal yap\u0131s\u0131na dudak b\u00fckenler \u00e7\u0131kabilir: Bu noktada sadece eserin yay\u0131mland\u0131\u011f\u0131 (1872) y\u0131l\u0131 hat\u0131rlatmak isteriz. T\u0131pk\u0131 1865 y\u0131l\u0131nda yay\u0131mlanan Ay\u2019a Yolculuk (De la Terre \u00e0 la Lune, trajet direct en 97 heures 20 minutes) adl\u0131 eserine 2020 y\u0131l\u0131ndan bakt\u0131\u011f\u0131m\u0131zda ancak takdir sunabilece\u011fimiz gibi. Jules Verne\u2019in e\u011flenceli ve alayc\u0131 dilini sevece\u011finizden eminiz. <\/p>\n","protected":false},"excerpt":{"rendered":"<p>Doktor Ox\u2019un Fantastik Deneyi Jules Verne\u2019nin hayal g\u00fcc\u00fcne a\u015fina olanlar\u0131 dahi \u015fa\u015f\u0131rtacak bir eserdir. \u0130nce bir mizahla sakinlikten, itidal ve yava\u015fl\u0131ktan, bar\u0131\u015f i\u00e7inde ya\u015famaktan \u00f6t\u00fcr\u00fc elle<span class=\"excerpt-hellip\"> [\u2026]<\/span><\/p>\n","protected":false},"featured_media":0,"template":"","meta":{"_monsterinsights_skip_tracking":false,"_monsterinsights_sitenote_active":false,"_monsterinsights_sitenote_note":"","_monsterinsights_sitenote_category":0},"product_brand":[],"product_cat":[12274,12467],"product_tag":[],"class_list":{"0":"post-728295","1":"product","2":"type-product","3":"status-publish","5":"product_cat-cocuk-ve-genclik-kitaplari","6":"product_cat-dunya-klasikleri","7":"pa_cilt-ciltsiz","8":"pa_tur-kitap","9":"pa_yayinevi-mirhan-kitap","10":"pa_yazar-jules-verne","12":"first","13":"instock","14":"sale","15":"shipping-taxable","16":"purchasable","17":"product-type-simple"},"_links":{"self":[{"href":"https:\/\/roveyayinevi.com.tr\/index.php\/wp-json\/wp\/v2\/product\/728295","targetHints":{"allow":["GET"]}}],"collection":[{"href":"https:\/\/roveyayinevi.com.tr\/index.php\/wp-json\/wp\/v2\/product"}],"about":[{"href":"https:\/\/roveyayinevi.com.tr\/index.php\/wp-json\/wp\/v2\/types\/product"}],"wp:attachment":[{"href":"https:\/\/roveyayinevi.com.tr\/index.php\/wp-json\/wp\/v2\/media?parent=728295"}],"wp:term":[{"taxonomy":"product_brand","embeddable":true,"href":"https:\/\/roveyayinevi.com.tr\/index.php\/wp-json\/wp\/v2\/product_brand?post=728295"},{"taxonomy":"product_cat","embeddable":true,"href":"https:\/\/roveyayinevi.com.tr\/index.php\/wp-json\/wp\/v2\/product_cat?post=728295"},{"taxonomy":"product_tag","embeddable":true,"href":"https:\/\/roveyayinevi.com.tr\/index.php\/wp-json\/wp\/v2\/product_tag?post=728295"}],"curies":[{"name":"wp","href":"https:\/\/api.w.org\/{rel}","templated":true}]}}