{"id":728294,"date":"2025-08-27T20:36:53","date_gmt":"2025-08-27T17:36:53","guid":{"rendered":"https:\/\/roveyayinevi.com.tr\/index.php\/urun\/arican-okuma-sevgisi\/"},"modified":"2026-04-16T02:35:57","modified_gmt":"2026-04-15T23:35:57","slug":"arican-okuma-sevgisi","status":"publish","type":"product","link":"https:\/\/roveyayinevi.com.tr\/index.php\/urun\/arican-okuma-sevgisi\/","title":{"rendered":"Ar\u0131can Okuma Sevgisi"},"content":{"rendered":"<p>Turan Karata\u015f&#8217;\u0131n &#8220;B\u00fct\u00fcn \u00c7ocuklara&#8221; ithaf etti\u011fi &#8220;Ar\u0131can &#8211; Okuma Sevgisi&#8221;, yar\u0131 insan, yar\u0131 ar\u0131 &#8220;Ar\u0131can&#8221; ve Ali&#8217;nin maceralar\u0131n\u0131 konu ediniyor.<\/p>\n","protected":false},"excerpt":{"rendered":"<p>Turan Karata\u015f&#8217;\u0131n &#8220;B\u00fct\u00fcn \u00c7ocuklara&#8221; ithaf etti\u011fi &#8220;Ar\u0131can &#8211; Okuma Sevgisi&#8221;, yar\u0131 insan, yar\u0131 ar\u0131 &#8220;Ar\u0131can&#8221; ve Ali&#8217;nin maceralar\u0131n\u0131 konu ediniyor.<\/p>\n","protected":false},"featured_media":0,"template":"","meta":{"_monsterinsights_skip_tracking":false,"_monsterinsights_sitenote_active":false,"_monsterinsights_sitenote_note":"","_monsterinsights_sitenote_category":0},"product_brand":[],"product_cat":[12913,12274],"product_tag":[],"class_list":{"0":"post-728294","1":"product","2":"type-product","3":"status-publish","5":"product_cat-3-6-yas-kitaplari","6":"product_cat-cocuk-ve-genclik-kitaplari","7":"pa_cilt-ciltsiz","8":"pa_tur-kitap","9":"pa_yayinevi-cumhuriyet-kitaplari","10":"pa_yazar-turan-karakas","12":"first","13":"instock","14":"sale","15":"shipping-taxable","16":"purchasable","17":"product-type-simple"},"_links":{"self":[{"href":"https:\/\/roveyayinevi.com.tr\/index.php\/wp-json\/wp\/v2\/product\/728294","targetHints":{"allow":["GET"]}}],"collection":[{"href":"https:\/\/roveyayinevi.com.tr\/index.php\/wp-json\/wp\/v2\/product"}],"about":[{"href":"https:\/\/roveyayinevi.com.tr\/index.php\/wp-json\/wp\/v2\/types\/product"}],"wp:attachment":[{"href":"https:\/\/roveyayinevi.com.tr\/index.php\/wp-json\/wp\/v2\/media?parent=728294"}],"wp:term":[{"taxonomy":"product_brand","embeddable":true,"href":"https:\/\/roveyayinevi.com.tr\/index.php\/wp-json\/wp\/v2\/product_brand?post=728294"},{"taxonomy":"product_cat","embeddable":true,"href":"https:\/\/roveyayinevi.com.tr\/index.php\/wp-json\/wp\/v2\/product_cat?post=728294"},{"taxonomy":"product_tag","embeddable":true,"href":"https:\/\/roveyayinevi.com.tr\/index.php\/wp-json\/wp\/v2\/product_tag?post=728294"}],"curies":[{"name":"wp","href":"https:\/\/api.w.org\/{rel}","templated":true}]}}