{"id":728291,"date":"2025-08-27T20:36:50","date_gmt":"2025-08-27T17:36:50","guid":{"rendered":"https:\/\/roveyayinevi.com.tr\/index.php\/urun\/kalbimdeki-izler\/"},"modified":"2026-04-16T02:35:57","modified_gmt":"2026-04-15T23:35:57","slug":"kalbimdeki-izler","status":"publish","type":"product","link":"https:\/\/roveyayinevi.com.tr\/index.php\/urun\/kalbimdeki-izler\/","title":{"rendered":"Kalbimdeki \u0130zler"},"content":{"rendered":"<p>\u015eiir bir yolculuktur kalpten kalbe giden. \u015eiir duygular\u0131n ete kemi\u011fe b\u00fcr\u00fcnm\u00fc\u015f halidir. \u015eiir bazen sevgiliye bazen derin sevdalara a\u00e7\u0131lan bir kap\u0131d\u0131r. \u015eiir kimi zaman dosta, kimi zaman do\u011faya yaz\u0131lan i\u00e7li bir yaz\u0131d\u0131r. \u015eiir hassas duygular\u0131m\u0131z\u0131n, g\u00f6n\u00fcl telimizin bizdeki imgelerin terc\u00fcman\u0131d\u0131r. \u015eiir a\u015fk\u0131n dile gelmi\u015f hali kara sevdad\u0131r, y\u00fcrek yang\u0131n\u0131d\u0131r. \u015eiir hen\u00fcz bestelenmemi\u015f bir \u015fark\u0131d\u0131r. Kendimizden bir \u015feyler buluruz okudu\u011fumuz \u015fiirlerde, her \u015fiir sanki bizi anlat\u0131r, bizim hik\u00e2yemizi yans\u0131t\u0131r. Duygular\u0131m\u0131za terc\u00fcman olur \u00e7o\u011fu zaman, bazen de bizi al\u0131r g\u00f6t\u00fcr\u00fcr y\u0131llar \u00f6ncesine yahut olmak istedi\u011fimiz yere. Duyguyu tasvirin iyisi k\u00f6t\u00fcs\u00fc olur mu hi\u00e7? \u015eair neyi nas\u0131l hissederse kelimeler \u00f6yle dile gelir, kafiye olur, redif olur, m\u0131sra olur, \u015fiir olur.  \u015eiir ac\u0131y\u0131, mutlulu\u011fu, hasreti, ya\u015fam\u0131n bizde b\u0131rakt\u0131\u011f\u0131 etkiyi, a\u015fk\u0131, sevday\u0131 k\u0131sacas\u0131 kalbimizdeki izleri anlat\u0131r. T\u00fcm okuyucular\u0131ma \u015fiir dolu \u015fiir gibi g\u00fczelliklerle bezenmi\u015f zamanlar diliyorum.<\/p>\n","protected":false},"excerpt":{"rendered":"<p>\u015eiir bir yolculuktur kalpten kalbe giden. \u015eiir duygular\u0131n ete kemi\u011fe b\u00fcr\u00fcnm\u00fc\u015f halidir. \u015eiir bazen sevgiliye bazen derin sevdalara a\u00e7\u0131lan bir kap\u0131d\u0131r. \u015eiir kimi zaman dosta, kimi<span class=\"excerpt-hellip\"> [\u2026]<\/span><\/p>\n","protected":false},"featured_media":0,"template":"","meta":{"_monsterinsights_skip_tracking":false,"_monsterinsights_sitenote_active":false,"_monsterinsights_sitenote_note":"","_monsterinsights_sitenote_category":0},"product_brand":[],"product_cat":[12291,12509],"product_tag":[],"class_list":{"0":"post-728291","1":"product","2":"type-product","3":"status-publish","5":"product_cat-edebiyat","6":"product_cat-siir","7":"pa_cilt-ciltsiz","8":"pa_tur-kitap","9":"pa_yayinevi-us-yayinlari","10":"pa_yazar-sakine-kaya","12":"first","13":"instock","14":"sale","15":"shipping-taxable","16":"purchasable","17":"product-type-simple"},"_links":{"self":[{"href":"https:\/\/roveyayinevi.com.tr\/index.php\/wp-json\/wp\/v2\/product\/728291","targetHints":{"allow":["GET"]}}],"collection":[{"href":"https:\/\/roveyayinevi.com.tr\/index.php\/wp-json\/wp\/v2\/product"}],"about":[{"href":"https:\/\/roveyayinevi.com.tr\/index.php\/wp-json\/wp\/v2\/types\/product"}],"wp:attachment":[{"href":"https:\/\/roveyayinevi.com.tr\/index.php\/wp-json\/wp\/v2\/media?parent=728291"}],"wp:term":[{"taxonomy":"product_brand","embeddable":true,"href":"https:\/\/roveyayinevi.com.tr\/index.php\/wp-json\/wp\/v2\/product_brand?post=728291"},{"taxonomy":"product_cat","embeddable":true,"href":"https:\/\/roveyayinevi.com.tr\/index.php\/wp-json\/wp\/v2\/product_cat?post=728291"},{"taxonomy":"product_tag","embeddable":true,"href":"https:\/\/roveyayinevi.com.tr\/index.php\/wp-json\/wp\/v2\/product_tag?post=728291"}],"curies":[{"name":"wp","href":"https:\/\/api.w.org\/{rel}","templated":true}]}}