{"id":728290,"date":"2025-08-27T20:36:49","date_gmt":"2025-08-27T17:36:49","guid":{"rendered":"https:\/\/roveyayinevi.com.tr\/index.php\/urun\/dogu-illeri-ve-varto-tarihi\/"},"modified":"2026-04-16T02:35:57","modified_gmt":"2026-04-15T23:35:57","slug":"dogu-illeri-ve-varto-tarihi","status":"publish","type":"product","link":"https:\/\/roveyayinevi.com.tr\/index.php\/urun\/dogu-illeri-ve-varto-tarihi\/","title":{"rendered":"Do\u011fu \u0130lleri Ve Varto Tarihi"},"content":{"rendered":"<p>Mehmet \u015eerif F\u0131rat, Dersim b\u00f6lgesindeki Alevi a\u015firetlerin etnik ve k\u00fclt\u00fcrel olarak T\u00fcrkl\u00fckle ili\u015fkilerini, tarihi olaylar ile k\u00fclt\u00fcrel bulgulara dayand\u0131rm\u0131\u015ft\u0131r. O\u2019na g\u00f6re, Alevilerin inan\u00e7 sistemi b\u00fcy\u00fck oranda eski T\u00fcrklerin \u015eaman\u00ee inan\u00e7lar\u0131na dayanmaktayd\u0131. Evlenme, bo\u015fanma, toy \u015f\u00f6lenleri, \u00f6l\u00fc g\u00f6mme gelenekleri, nevruz, h\u0131drellez bayramlar\u0131, da\u011f ta\u015f, a\u011fa\u00e7 gibi tabiat unsurlar\u0131n\u0131n kutsal kabul edilmesi gibi k\u00fclt\u00fcrel unsurlar ile ya\u015fam tarzlar\u0131 aras\u0131nda b\u00fcy\u00fck oranda benzerlik bulunmaktayd\u0131. Yukar\u0131da zikredilen k\u00fclt\u00fcrel ortakl\u0131klar ve tarihsel ili\u015fkiler temelinde; Kormanci ve Zazaca konu\u015ftuklar\u0131 halde, dini rit\u00fcellerde; T\u00fcrk\u00e7e g\u00fclbenk ve dualar okumalar\u0131, Alevi a\u015firetlerin T\u00fcrk olduklar\u0131n\u0131 ve de\u011fi\u015fmesi olduk\u00e7a zor alan dini rit\u00fcellerde, T\u00fcrkl\u00fcklerini muhafaza ettiklerini g\u00f6stermekteydi. T\u00fcrk Tarih Kurumu\u2019nun kitab\u0131 basmamas\u0131 \u00fczerine Mehmet \u015eerif F\u0131rat kendi imkanlar\u0131yla Turhan Sel\u00e7uk vas\u0131tas\u0131yla kitab\u0131n bas\u0131m\u0131n\u0131 yapt\u0131r\u0131r. Kitap, \u00e7ok k\u0131sa s\u00fcrede t\u00fckenir ve yank\u0131 bulur. Kitab\u0131n Do\u011fu illerindeki yank\u0131s\u0131 daha \u015fok edicidir. K\u00fcrt ad\u0131 verilen bir milletin olmad\u0131\u011f\u0131n\u0131 iddia etti\u011fi yetmiyormu\u015f gibi; b\u00f6lgedeki Alevileri K\u00fcrtlerin arkas\u0131na takmaya \u00e7al\u0131\u015fan \u00e7evrelerin surat\u0131na bir tokat gibi inmi\u015f ve Aleviler ile K\u00fcrtler aras\u0131nda hi\u00e7bir etnik ve k\u00fclt\u00fcrel ili\u015fkinin bulunmad\u0131\u011f\u0131n\u0131; aksine, Alevilerin \u00f6z be \u00f6z T\u00fcrk olduklar\u0131n\u0131 yazm\u0131\u015ft\u0131r. <\/p>\n","protected":false},"excerpt":{"rendered":"<p>Mehmet \u015eerif F\u0131rat, Dersim b\u00f6lgesindeki Alevi a\u015firetlerin etnik ve k\u00fclt\u00fcrel olarak T\u00fcrkl\u00fckle ili\u015fkilerini, tarihi olaylar ile k\u00fclt\u00fcrel bulgulara dayand\u0131rm\u0131\u015ft\u0131r. O\u2019na g\u00f6re, Alevilerin inan\u00e7 sistemi b\u00fcy\u00fck oranda<span class=\"excerpt-hellip\"> [\u2026]<\/span><\/p>\n","protected":false},"featured_media":0,"template":"","meta":{"_monsterinsights_skip_tracking":false,"_monsterinsights_sitenote_active":false,"_monsterinsights_sitenote_note":"","_monsterinsights_sitenote_category":0},"product_brand":[],"product_cat":[12370,12304],"product_tag":[],"class_list":{"0":"post-728290","1":"product","2":"type-product","3":"status-publish","5":"product_cat-arastirma-inceleme","6":"product_cat-tarih","7":"pa_cilt-ciltsiz","8":"pa_tur-kitap","9":"pa_yayinevi-altinordu-yayinlari","10":"pa_yazar-mehmet-serif-firat","12":"first","13":"instock","14":"sale","15":"shipping-taxable","16":"purchasable","17":"product-type-simple"},"_links":{"self":[{"href":"https:\/\/roveyayinevi.com.tr\/index.php\/wp-json\/wp\/v2\/product\/728290","targetHints":{"allow":["GET"]}}],"collection":[{"href":"https:\/\/roveyayinevi.com.tr\/index.php\/wp-json\/wp\/v2\/product"}],"about":[{"href":"https:\/\/roveyayinevi.com.tr\/index.php\/wp-json\/wp\/v2\/types\/product"}],"wp:attachment":[{"href":"https:\/\/roveyayinevi.com.tr\/index.php\/wp-json\/wp\/v2\/media?parent=728290"}],"wp:term":[{"taxonomy":"product_brand","embeddable":true,"href":"https:\/\/roveyayinevi.com.tr\/index.php\/wp-json\/wp\/v2\/product_brand?post=728290"},{"taxonomy":"product_cat","embeddable":true,"href":"https:\/\/roveyayinevi.com.tr\/index.php\/wp-json\/wp\/v2\/product_cat?post=728290"},{"taxonomy":"product_tag","embeddable":true,"href":"https:\/\/roveyayinevi.com.tr\/index.php\/wp-json\/wp\/v2\/product_tag?post=728290"}],"curies":[{"name":"wp","href":"https:\/\/api.w.org\/{rel}","templated":true}]}}