{"id":728288,"date":"2025-08-27T20:36:47","date_gmt":"2025-08-27T17:36:47","guid":{"rendered":"https:\/\/roveyayinevi.com.tr\/index.php\/urun\/marksizm-ve-siyaset\/"},"modified":"2026-04-16T02:35:57","modified_gmt":"2026-04-15T23:35:57","slug":"marksizm-ve-siyaset","status":"publish","type":"product","link":"https:\/\/roveyayinevi.com.tr\/index.php\/urun\/marksizm-ve-siyaset\/","title":{"rendered":"Marksizm ve Siyaset"},"content":{"rendered":"<p>\u201cYa\u015fad\u0131\u011f\u0131m\u0131z \u00e7a\u011f\u0131n Marksizm taraf\u0131ndan \u00e7\u00f6z\u00fcmlenmeyi bekledi\u011fini s\u00f6ylersek elbette yanl\u0131\u015f bir \u015fey s\u00f6ylemi\u015f olmay\u0131z. Ama eksik s\u00f6ylemi\u015f oluruz: \u00c7a\u011f\u0131m\u0131z esas olarak Marksizmin k\u0131lavuzluk etti\u011fi devrimci eylem taraf\u0131ndan y\u0131k\u0131lmay\u0131, par\u00e7alanmay\u0131, tarihten silinmeyi bekliyor.\u201d Marksizm ve Siyaset, genel anlam\u0131yla siyasetin Marksizm i\u00e7in ta\u015f\u0131d\u0131\u011f\u0131 belirleyici \u00f6nemi konu edinirken, Marx\u2019\u0131n d\u00fc\u015f\u00fcncelerini donukla\u015ft\u0131r\u0131p hareketsiz k\u0131lanlara, Marksizmi siyasetsizle\u015ftiren ve eylemsizle\u015ftirenlere kar\u015f\u0131, onun siyasal m\u00fccadeleyle olan kopmaz ba\u011f\u0131n\u0131n alt\u0131n\u0131 \u00e7izmeyi ama\u00e7l\u0131yor. Marksizmi \u00f6ncelikle bir eylem felsefesi olarak g\u00f6rmemiz, onun g\u00fcncelle ili\u015fkisini bu topraklar\u0131n \u00f6zg\u00fcll\u00fc\u011f\u00fcnde yeniden kurmam\u0131z gerekti\u011fini savunuyor. Can Soyer\u2019in, Y\u00f6ntem, Kuram ve Eylem olarak \u00fc\u00e7 ana b\u00f6l\u00fcme ay\u0131rd\u0131\u011f\u0131 bu \u00f6zg\u00fcn \u00e7al\u0131\u015fmas\u0131, ele al\u0131nan t\u00fcm konulara siyasal m\u00fccadelenin merce\u011finden bak\u0131yor.  \u201cY\u00f6ntem: Diyalektik\u201d ba\u015fl\u0131\u011f\u0131n\u0131 ta\u015f\u0131yan ilk b\u00f6l\u00fcmde materyalizm ve diyalektik aras\u0131ndaki ili\u015fki incelenirken, \u00f6z-g\u00f6r\u00fcng\u00fc, b\u00fct\u00fcn-par\u00e7a, \u00f6zne-yap\u0131 gibi kavramlar ile bu ikilikler aras\u0131ndaki ili\u015fkilerin nas\u0131l tan\u0131mlanaca\u011f\u0131na dair bir soru\u015fturma y\u00fcr\u00fct\u00fclerek, salt felsefi bir d\u00fczlemde kalmaktan ziyade prati\u011fin bu ikilikler aras\u0131nda kurulan ili\u015fkideki \u00f6nemine de\u011finiliyor. \u0130kinci b\u00f6l\u00fcm olan \u201cKuram: S\u0131n\u0131f M\u00fccadelesi\u201d, y\u00f6ntem \u0131\u015f\u0131\u011f\u0131nda bir ger\u00e7eklik sergilemesi olarak kuram\u0131 tart\u0131\u015f\u0131yor. Marksizmin bir s\u0131n\u0131f m\u00fccadelesi kuram\u0131 oldu\u011funu ve bu m\u00fccadelenin hem y\u00f6ntemsel hem de kuramsal olarak Marksizmin merkezinde yer ald\u0131\u011f\u0131n\u0131 s\u00f6yl\u00fcyor. \u00dc\u00e7\u00fcnc\u00fc ve son b\u00f6l\u00fcmde \u201cEylem: Siyaset\u201d ba\u015fl\u0131\u011f\u0131 alt\u0131nda, i\u00e7inde bulundu\u011fumuz d\u00fcnya ile ilgili saptamalara da yer verilerek devlet, demokrasi, e\u015fitsiz geli\u015fim, siyasal eylem gibi kavramlar a\u00e7\u0131mlan\u0131yor ve bu kavramlar\u0131n siyasal m\u00fccadele ile olan ba\u011f\u0131 ara\u015ft\u0131r\u0131l\u0131yor. \u201cT\u00fcrkiye \u0130\u00e7in Notlar\u201d ba\u015fl\u0131\u011f\u0131n\u0131 ta\u015f\u0131yan sonu\u00e7 k\u0131sm\u0131nda ise yazar, Marksizm ve siyaset konusunu T\u00fcrkiye ba\u011flam\u0131nda ele alarak siyaseti ve prati\u011fi nas\u0131l kavramam\u0131z gerekti\u011fine dair \u00f6neriler sunuyor. Gezi Direni\u015fi\u2019nin yaratt\u0131\u011f\u0131 umutla, T\u00fcrkiye sosyalist hareketine \u201cm\u00fccadelesiz bir s\u0131n\u0131f siyaseti\u201d ile \u201cs\u0131n\u0131fs\u0131z bir m\u00fccadele siyaseti\u201d d\u0131\u015f\u0131nda bir ba\u015fka yol a\u00e7\u0131ld\u0131\u011f\u0131n\u0131 hat\u0131rlat\u0131yor. Ba\u015fka bir yol arayanlara, ba\u015fka bir yolda \u0131srar edenlere\u2026 <\/p>\n","protected":false},"excerpt":{"rendered":"<p>\u201cYa\u015fad\u0131\u011f\u0131m\u0131z \u00e7a\u011f\u0131n Marksizm taraf\u0131ndan \u00e7\u00f6z\u00fcmlenmeyi bekledi\u011fini s\u00f6ylersek elbette yanl\u0131\u015f bir \u015fey s\u00f6ylemi\u015f olmay\u0131z. Ama eksik s\u00f6ylemi\u015f oluruz: \u00c7a\u011f\u0131m\u0131z esas olarak Marksizmin k\u0131lavuzluk etti\u011fi devrimci eylem taraf\u0131ndan<span class=\"excerpt-hellip\"> [\u2026]<\/span><\/p>\n","protected":false},"featured_media":0,"template":"","meta":{"_monsterinsights_skip_tracking":false,"_monsterinsights_sitenote_active":false,"_monsterinsights_sitenote_note":"","_monsterinsights_sitenote_category":0},"product_brand":[],"product_cat":[13590,12337],"product_tag":[],"class_list":{"0":"post-728288","1":"product","2":"type-product","3":"status-publish","5":"product_cat-arastirma-inceleme-politika-siyaset","6":"product_cat-politika-siyaset","7":"pa_cilt-ciltsiz","8":"pa_tur-kitap","9":"pa_yayinevi-yordam-kitap","10":"pa_yazar-can-soyer","12":"first","13":"instock","14":"sale","15":"shipping-taxable","16":"purchasable","17":"product-type-simple"},"_links":{"self":[{"href":"https:\/\/roveyayinevi.com.tr\/index.php\/wp-json\/wp\/v2\/product\/728288","targetHints":{"allow":["GET"]}}],"collection":[{"href":"https:\/\/roveyayinevi.com.tr\/index.php\/wp-json\/wp\/v2\/product"}],"about":[{"href":"https:\/\/roveyayinevi.com.tr\/index.php\/wp-json\/wp\/v2\/types\/product"}],"wp:attachment":[{"href":"https:\/\/roveyayinevi.com.tr\/index.php\/wp-json\/wp\/v2\/media?parent=728288"}],"wp:term":[{"taxonomy":"product_brand","embeddable":true,"href":"https:\/\/roveyayinevi.com.tr\/index.php\/wp-json\/wp\/v2\/product_brand?post=728288"},{"taxonomy":"product_cat","embeddable":true,"href":"https:\/\/roveyayinevi.com.tr\/index.php\/wp-json\/wp\/v2\/product_cat?post=728288"},{"taxonomy":"product_tag","embeddable":true,"href":"https:\/\/roveyayinevi.com.tr\/index.php\/wp-json\/wp\/v2\/product_tag?post=728288"}],"curies":[{"name":"wp","href":"https:\/\/api.w.org\/{rel}","templated":true}]}}