{"id":728287,"date":"2025-08-27T20:36:46","date_gmt":"2025-08-27T17:36:46","guid":{"rendered":"https:\/\/roveyayinevi.com.tr\/index.php\/urun\/genclerle-bas-basa-fasizm\/"},"modified":"2026-04-16T02:35:57","modified_gmt":"2026-04-15T23:35:57","slug":"genclerle-bas-basa-fasizm","status":"publish","type":"product","link":"https:\/\/roveyayinevi.com.tr\/index.php\/urun\/genclerle-bas-basa-fasizm\/","title":{"rendered":"Gen\u00e7lerle Ba\u015f Ba\u015fa: Fa\u015fizm"},"content":{"rendered":"<p>Nazi Partisi nas\u0131l kuruldu? Fa\u015fistler iktidara se\u00e7imle mi geldiler? Fa\u015fizmin kapitalizmle ili\u015fkisi nedir? Sokak g\u00fcc\u00fc fa\u015fizm i\u00e7in neden \u00f6nemlidir? Kavgam\u2019da ne anlat\u0131l\u0131yor? Irk\u00e7\u0131 politikalar neyi ama\u00e7l\u0131yordu? Hitler rejiminde propagandan\u0131n \u00f6nemi neydi? Naziler nas\u0131l bir rejim kurdu? Fa\u015fizmin gen\u00e7lere ve kad\u0131nlara bak\u0131\u015f\u0131 nas\u0131ld\u0131? Hitler deli miydi? \u0130kinci D\u00fcnya Sava\u015f\u0131\u2019na giden yolun ta\u015flar\u0131 nas\u0131l d\u00f6\u015fendi? Fa\u015fizm sosyalist hareketlere ve Sovyetler Birli\u011fi\u2019ne nas\u0131l bak\u0131yordu? Yahudi soyk\u0131r\u0131m\u0131 nas\u0131l \u00f6rg\u00fctlendi? Denazifikasyon nedir? Avrupa\u2019daki fa\u015fizm dalgas\u0131ndan T\u00fcrkiye nas\u0131l etkilendi? Bug\u00fcn fa\u015fizmin yeniden iktidar olmas\u0131 gibi bir durum s\u00f6z konusu olabilir mi? Fatih Ya\u015fl\u0131 bu k\u0131sa ama yo\u011fun kitapta gen\u00e7 bir i\u015f\u00e7i olan Ali\u2019ye Almanya ve \u0130talya\u2019da fa\u015fizmin iktidara geli\u015fini ve yaratt\u0131\u011f\u0131 y\u0131k\u0131m\u0131 ayr\u0131nt\u0131l\u0131 bir dille anlat\u0131yor. Fa\u015fizmi toplumsal, siyasi, ekonomik, k\u00fclt\u00fcrel, t\u00fcm y\u00f6nleriyle ele alan kitap, her ne kadar belli bir tarihsel d\u00f6neme odaklansa da, g\u00fcn\u00fcm\u00fcze dair \u00e7a\u011fr\u0131\u015f\u0131mlar\u0131 ve sorular\u0131 da hemen beraberinde getiriyor, \u00e7\u00fcnk\u00fc bu tarihsel fa\u015fizm deneyimlerinin kimi y\u00f6nleri \u00fcrk\u00fct\u00fcc\u00fc bir bi\u00e7imde tan\u0131d\u0131k ve g\u00fcncel.    Nitekim Fatih Ya\u015fl\u0131 da \u201cE\u011fer insanl\u0131k gezegen \u00f6l\u00e7e\u011finde e\u015fitlik\u00e7i, adil, \u00f6zg\u00fcr bir toplum modeline ge\u00e7ebilirse, \u00fcretim t\u00fcm toplum taraf\u0131ndan \u00f6rg\u00fctlenebilir ve k\u00e2r esas\u0131 \u00fczerine de\u011fil toplumsal fayda \u00fczerine kurulabilirse, \u00fcretilen zenginlik adil bir \u015fekilde payla\u015f\u0131labilirse, biz ancak o zaman fa\u015fizmi do\u011furan ko\u015fullar\u0131 ortadan kald\u0131rm\u0131\u015f ve ger\u00e7ek anlamda fa\u015fizmi yenmi\u015f olabiliriz\u201d diyerek bitiriyor s\u00f6zlerini.  <\/p>\n","protected":false},"excerpt":{"rendered":"<p>Nazi Partisi nas\u0131l kuruldu? Fa\u015fistler iktidara se\u00e7imle mi geldiler? Fa\u015fizmin kapitalizmle ili\u015fkisi nedir? Sokak g\u00fcc\u00fc fa\u015fizm i\u00e7in neden \u00f6nemlidir? Kavgam\u2019da ne anlat\u0131l\u0131yor? Irk\u00e7\u0131 politikalar neyi ama\u00e7l\u0131yordu?<span class=\"excerpt-hellip\"> [\u2026]<\/span><\/p>\n","protected":false},"featured_media":0,"template":"","meta":{"_monsterinsights_skip_tracking":false,"_monsterinsights_sitenote_active":false,"_monsterinsights_sitenote_note":"","_monsterinsights_sitenote_category":0},"product_brand":[],"product_cat":[13590,12337],"product_tag":[],"class_list":{"0":"post-728287","1":"product","2":"type-product","3":"status-publish","5":"product_cat-arastirma-inceleme-politika-siyaset","6":"product_cat-politika-siyaset","7":"pa_cilt-ciltsiz","8":"pa_tur-kitap","9":"pa_yayinevi-yordam-kitap","10":"pa_yazar-fatih-yasli","12":"first","13":"instock","14":"sale","15":"shipping-taxable","16":"purchasable","17":"product-type-simple"},"_links":{"self":[{"href":"https:\/\/roveyayinevi.com.tr\/index.php\/wp-json\/wp\/v2\/product\/728287","targetHints":{"allow":["GET"]}}],"collection":[{"href":"https:\/\/roveyayinevi.com.tr\/index.php\/wp-json\/wp\/v2\/product"}],"about":[{"href":"https:\/\/roveyayinevi.com.tr\/index.php\/wp-json\/wp\/v2\/types\/product"}],"wp:attachment":[{"href":"https:\/\/roveyayinevi.com.tr\/index.php\/wp-json\/wp\/v2\/media?parent=728287"}],"wp:term":[{"taxonomy":"product_brand","embeddable":true,"href":"https:\/\/roveyayinevi.com.tr\/index.php\/wp-json\/wp\/v2\/product_brand?post=728287"},{"taxonomy":"product_cat","embeddable":true,"href":"https:\/\/roveyayinevi.com.tr\/index.php\/wp-json\/wp\/v2\/product_cat?post=728287"},{"taxonomy":"product_tag","embeddable":true,"href":"https:\/\/roveyayinevi.com.tr\/index.php\/wp-json\/wp\/v2\/product_tag?post=728287"}],"curies":[{"name":"wp","href":"https:\/\/api.w.org\/{rel}","templated":true}]}}