{"id":728286,"date":"2025-08-27T20:36:45","date_gmt":"2025-08-27T17:36:45","guid":{"rendered":"https:\/\/roveyayinevi.com.tr\/index.php\/urun\/kayip-coraplar-ulkesi-hem-oyku-hem-etkinlik\/"},"modified":"2026-04-16T02:35:57","modified_gmt":"2026-04-15T23:35:57","slug":"kayip-coraplar-ulkesi-hem-oyku-hem-etkinlik","status":"publish","type":"product","link":"https:\/\/roveyayinevi.com.tr\/index.php\/urun\/kayip-coraplar-ulkesi-hem-oyku-hem-etkinlik\/","title":{"rendered":"Kay\u0131p \u00c7oraplar \u00dclkesi &#8211; Hem \u00d6yk\u00fc Hem Etkinlik"},"content":{"rendered":"<p>\u00c7ama\u015f\u0131r makinesine giren \u00e7ift \u00e7oraplar\u0131n tekleri, y\u0131kand\u0131ktan sonra nereye gidiyor? Neden kayboluyorlar?Arda ve ailesi bunu \u00e7ok merak ediyor. Kaybolan \u00e7oraplar, bamba\u015fka bir yerde ve acayip mi acayip bir \u00fclkede ya\u015f\u0131yor olabilirler mi? Peki, tek kalan \u00e7oraplar ne i\u015fe yarayacak o zaman?Kay\u0131p \u00c7oraplar \u00dclkesi merak duygusuyla hayal g\u00fcc\u00fcn\u00fcn nas\u0131l zenginle\u015febilece\u011fini anlatan, hem de i\u015fe yaramaz gibi g\u00f6r\u00fcnen \u00e7orap teklerinden nas\u0131l e\u011flenceli kuklalar yap\u0131labilece\u011fini g\u00f6steren etkinlik sayfas\u0131yla tatl\u0131 m\u0131 tatl\u0131 bir \u00f6yk\u00fc&#8230;<\/p>\n","protected":false},"excerpt":{"rendered":"<p>\u00c7ama\u015f\u0131r makinesine giren \u00e7ift \u00e7oraplar\u0131n tekleri, y\u0131kand\u0131ktan sonra nereye gidiyor? Neden kayboluyorlar?Arda ve ailesi bunu \u00e7ok merak ediyor. Kaybolan \u00e7oraplar, bamba\u015fka bir yerde ve acayip mi<span class=\"excerpt-hellip\"> [\u2026]<\/span><\/p>\n","protected":false},"featured_media":0,"template":"","meta":{"_monsterinsights_skip_tracking":false,"_monsterinsights_sitenote_active":false,"_monsterinsights_sitenote_note":"","_monsterinsights_sitenote_category":0},"product_brand":[],"product_cat":[12913,12274],"product_tag":[],"class_list":{"0":"post-728286","1":"product","2":"type-product","3":"status-publish","5":"product_cat-3-6-yas-kitaplari","6":"product_cat-cocuk-ve-genclik-kitaplari","7":"pa_cilt-ciltsiz","8":"pa_tur-kitap","9":"pa_yayinevi-turkuvaz-kitap","10":"pa_yazar-elif-seyrekbasan-toz","12":"first","13":"instock","14":"sale","15":"shipping-taxable","16":"purchasable","17":"product-type-simple"},"_links":{"self":[{"href":"https:\/\/roveyayinevi.com.tr\/index.php\/wp-json\/wp\/v2\/product\/728286","targetHints":{"allow":["GET"]}}],"collection":[{"href":"https:\/\/roveyayinevi.com.tr\/index.php\/wp-json\/wp\/v2\/product"}],"about":[{"href":"https:\/\/roveyayinevi.com.tr\/index.php\/wp-json\/wp\/v2\/types\/product"}],"wp:attachment":[{"href":"https:\/\/roveyayinevi.com.tr\/index.php\/wp-json\/wp\/v2\/media?parent=728286"}],"wp:term":[{"taxonomy":"product_brand","embeddable":true,"href":"https:\/\/roveyayinevi.com.tr\/index.php\/wp-json\/wp\/v2\/product_brand?post=728286"},{"taxonomy":"product_cat","embeddable":true,"href":"https:\/\/roveyayinevi.com.tr\/index.php\/wp-json\/wp\/v2\/product_cat?post=728286"},{"taxonomy":"product_tag","embeddable":true,"href":"https:\/\/roveyayinevi.com.tr\/index.php\/wp-json\/wp\/v2\/product_tag?post=728286"}],"curies":[{"name":"wp","href":"https:\/\/api.w.org\/{rel}","templated":true}]}}