{"id":728285,"date":"2025-08-27T20:36:44","date_gmt":"2025-08-27T17:36:44","guid":{"rendered":"https:\/\/roveyayinevi.com.tr\/index.php\/urun\/birinci-dunya-savasinin-kokenleri\/"},"modified":"2026-04-16T02:35:57","modified_gmt":"2026-04-15T23:35:57","slug":"birinci-dunya-savasinin-kokenleri","status":"publish","type":"product","link":"https:\/\/roveyayinevi.com.tr\/index.php\/urun\/birinci-dunya-savasinin-kokenleri\/","title":{"rendered":"Birinci Du\u0308nya Sava\u015f\u0131&#8217;n\u0131n Ko\u0308kenleri"},"content":{"rendered":"<p>Birinci D\u00fcnya Sava\u015f\u0131\u2019n\u0131n K\u00f6kenleri\u2019nde William Mulligan, sava\u015fa yol a\u00e7an fakt\u00f6rleri yeni bir bak\u0131\u015f a\u00e7\u0131s\u0131yla ele al\u0131yor. Konuya dair temel tarihyaz\u0131m tart\u0131\u015fmalar\u0131n\u0131 ve politik a\u00e7mazlar\u0131, g\u00fcncel veriler \u0131\u015f\u0131\u011f\u0131nda tekrar masaya yat\u0131r\u0131yor. Mulligan, en temel tezlerden birine kar\u015f\u0131 \u00e7\u0131k\u0131yor: Sava\u015f\u0131n yirminci y\u00fczy\u0131l\u0131n ba\u015flar\u0131ndaki uluslararas\u0131 politikalar\u0131n ka\u00e7\u0131n\u0131lmaz bir sonucu oldu\u011fu d\u00fc\u015f\u00fcncesini reddediyor. Bilakis, bar\u0131\u015f\u0131 s\u00fcrd\u00fcrmek i\u00e7in \u00e7abalayan g\u00fc\u00e7l\u00fc akt\u00f6rler oldu\u011funu \u00f6ne s\u00fcr\u00fcyor. Askeri g\u00fc\u00e7ler, kamuoyu, ekonomi, diplomasi ve jeopolitik gibi kritik konular\u0131 ayr\u0131 birer b\u00f6l\u00fcm olarak ele alan yazar, \u00e7ok y\u00f6nl\u00fc bir anlat\u0131 sunuyor. B\u00fcy\u00fck akt\u00f6rler aras\u0131ndaki ili\u015fkileri, k\u00fc\u00e7\u00fck devletlerin rol\u00fcn\u00fc, da\u011f\u0131lmakta olan imparatorluklar\u0131 ve Temmuz krizini mercek alt\u0131na al\u0131yor. 1870-1914 aras\u0131nda d\u00fcnyada olup bitenlerin net bir foto\u011fraf\u0131n\u0131 \u00e7ekiyor.<\/p>\n","protected":false},"excerpt":{"rendered":"<p>Birinci D\u00fcnya Sava\u015f\u0131\u2019n\u0131n K\u00f6kenleri\u2019nde William Mulligan, sava\u015fa yol a\u00e7an fakt\u00f6rleri yeni bir bak\u0131\u015f a\u00e7\u0131s\u0131yla ele al\u0131yor. Konuya dair temel tarihyaz\u0131m tart\u0131\u015fmalar\u0131n\u0131 ve politik a\u00e7mazlar\u0131, g\u00fcncel veriler<span class=\"excerpt-hellip\"> [\u2026]<\/span><\/p>\n","protected":false},"featured_media":0,"template":"","meta":{"_monsterinsights_skip_tracking":false,"_monsterinsights_sitenote_active":false,"_monsterinsights_sitenote_note":"","_monsterinsights_sitenote_category":0},"product_brand":[],"product_cat":[12305,12304],"product_tag":[],"class_list":{"0":"post-728285","1":"product","2":"type-product","3":"status-publish","5":"product_cat-dunya-tarihi","6":"product_cat-tarih","7":"pa_cilt-ciltsiz","8":"pa_tur-kitap","9":"pa_yayinevi-babil-kitap","10":"pa_yazar-william-mulligan","12":"first","13":"instock","14":"sale","15":"shipping-taxable","16":"purchasable","17":"product-type-simple"},"_links":{"self":[{"href":"https:\/\/roveyayinevi.com.tr\/index.php\/wp-json\/wp\/v2\/product\/728285","targetHints":{"allow":["GET"]}}],"collection":[{"href":"https:\/\/roveyayinevi.com.tr\/index.php\/wp-json\/wp\/v2\/product"}],"about":[{"href":"https:\/\/roveyayinevi.com.tr\/index.php\/wp-json\/wp\/v2\/types\/product"}],"wp:attachment":[{"href":"https:\/\/roveyayinevi.com.tr\/index.php\/wp-json\/wp\/v2\/media?parent=728285"}],"wp:term":[{"taxonomy":"product_brand","embeddable":true,"href":"https:\/\/roveyayinevi.com.tr\/index.php\/wp-json\/wp\/v2\/product_brand?post=728285"},{"taxonomy":"product_cat","embeddable":true,"href":"https:\/\/roveyayinevi.com.tr\/index.php\/wp-json\/wp\/v2\/product_cat?post=728285"},{"taxonomy":"product_tag","embeddable":true,"href":"https:\/\/roveyayinevi.com.tr\/index.php\/wp-json\/wp\/v2\/product_tag?post=728285"}],"curies":[{"name":"wp","href":"https:\/\/api.w.org\/{rel}","templated":true}]}}