{"id":728284,"date":"2025-08-27T20:36:43","date_gmt":"2025-08-27T17:36:43","guid":{"rendered":"https:\/\/roveyayinevi.com.tr\/index.php\/urun\/dediskom-hatirlamayi-unuttugunda-ciltli\/"},"modified":"2026-04-16T02:35:57","modified_gmt":"2026-04-15T23:35:57","slug":"dediskom-hatirlamayi-unuttugunda-ciltli","status":"publish","type":"product","link":"https:\/\/roveyayinevi.com.tr\/index.php\/urun\/dediskom-hatirlamayi-unuttugunda-ciltli\/","title":{"rendered":"Dedi\u015fkom Hat\u0131rlamay\u0131 Unuttug\u0306unda (Ciltli)"},"content":{"rendered":"<p>Baz\u0131 g\u00fcnler s\u0131radan bir g\u00fcnm\u00fc\u015f gibi ba\u015flar, ama dikkat ederseniz \u00f6zel bir g\u00fcn\u00fcn sinyallerini hissedebilirsiniz. Sabah saatlerine dikkat etmekte fayda var. \u0130\u015fte bu \u00c7ar\u015famba da Mia i\u00e7in s\u0131radan bir \u00c7ar\u015famba de\u011fildi. Dedi\u015fko geliyordu! Bundan b\u00f6yle hep birlikte ya\u015fayacaklard\u0131. Dedi\u015fko kim mi? Tabii ki Mia\u2019n\u0131n b\u00fcy\u00fck b\u00fcy\u00fckbabas\u0131.Dedi\u015fko art\u0131k tek ba\u015f\u0131na ya\u015fayamayacak kadar ya\u015flanm\u0131\u015ft\u0131. Kafas\u0131 da biraz kar\u0131\u015f\u0131kt\u0131. Hatta baz\u0131 g\u00fcnler \u00e7ok kar\u0131\u015f\u0131kt\u0131. \u00c7\u00fcnk\u00fc gitgide daha da unutkan oluyordu. Birinin ona ayakkab\u0131lar\u0131n\u0131 nas\u0131l ba\u011flayaca\u011f\u0131n\u0131 yeniden \u00f6\u011fretmesi, el kremiyle di\u015flerini f\u0131r\u00e7alayamayaca\u011f\u0131n\u0131 hat\u0131rlatmas\u0131 gerekiyordu. Fakat dedi\u015fko tek ba\u015f\u0131na gelmiyordu. \u015eimdi Mia\u2019n\u0131n da akl\u0131 iyice kar\u0131\u015fm\u0131\u015ft\u0131. Kimdi bu gizemli \u00e7ocuk?<\/p>\n","protected":false},"excerpt":{"rendered":"<p>Baz\u0131 g\u00fcnler s\u0131radan bir g\u00fcnm\u00fc\u015f gibi ba\u015flar, ama dikkat ederseniz \u00f6zel bir g\u00fcn\u00fcn sinyallerini hissedebilirsiniz. Sabah saatlerine dikkat etmekte fayda var. \u0130\u015fte bu \u00c7ar\u015famba da Mia<span class=\"excerpt-hellip\"> [\u2026]<\/span><\/p>\n","protected":false},"featured_media":0,"template":"","meta":{"_monsterinsights_skip_tracking":false,"_monsterinsights_sitenote_active":false,"_monsterinsights_sitenote_note":"","_monsterinsights_sitenote_category":0},"product_brand":[],"product_cat":[12275,12274],"product_tag":[],"class_list":{"0":"post-728284","1":"product","2":"type-product","3":"status-publish","5":"product_cat-6-12-yas-kitaplari","6":"product_cat-cocuk-ve-genclik-kitaplari","7":"pa_cilt-ciltli","8":"pa_tur-kitap","9":"pa_yayinevi-babil-kitap","10":"pa_yazar-uticha-marmon","12":"first","13":"instock","14":"sale","15":"shipping-taxable","16":"purchasable","17":"product-type-simple"},"_links":{"self":[{"href":"https:\/\/roveyayinevi.com.tr\/index.php\/wp-json\/wp\/v2\/product\/728284","targetHints":{"allow":["GET"]}}],"collection":[{"href":"https:\/\/roveyayinevi.com.tr\/index.php\/wp-json\/wp\/v2\/product"}],"about":[{"href":"https:\/\/roveyayinevi.com.tr\/index.php\/wp-json\/wp\/v2\/types\/product"}],"wp:attachment":[{"href":"https:\/\/roveyayinevi.com.tr\/index.php\/wp-json\/wp\/v2\/media?parent=728284"}],"wp:term":[{"taxonomy":"product_brand","embeddable":true,"href":"https:\/\/roveyayinevi.com.tr\/index.php\/wp-json\/wp\/v2\/product_brand?post=728284"},{"taxonomy":"product_cat","embeddable":true,"href":"https:\/\/roveyayinevi.com.tr\/index.php\/wp-json\/wp\/v2\/product_cat?post=728284"},{"taxonomy":"product_tag","embeddable":true,"href":"https:\/\/roveyayinevi.com.tr\/index.php\/wp-json\/wp\/v2\/product_tag?post=728284"}],"curies":[{"name":"wp","href":"https:\/\/api.w.org\/{rel}","templated":true}]}}